{"id":997,"date":"2016-10-24T11:33:13","date_gmt":"2016-10-24T09:33:13","guid":{"rendered":"https:\/\/www.fer.ch\/fr\/?page_id=997"},"modified":"2021-10-12T10:35:43","modified_gmt":"2021-10-12T08:35:43","slug":"le-concept","status":"publish","type":"page","link":"https:\/\/www.fer.ch\/fr\/le-concept\/","title":{"rendered":"Le concept"},"content":{"rendered":"<p>[vc_row css=&nbsp;&raquo;.vc_custom_1478270449137{padding-top: 50px !important;}&nbsp;&raquo;][vc_column][vc_row_inner css=&nbsp;&raquo;.vc_custom_1478262326969{padding-top: 50px !important;}&nbsp;&raquo;][vc_column_inner width=&nbsp;&raquo;2\/3&Prime;][vc_column_text]<\/p>\n<h1 style=\"text-align: left;\"><span style=\"font-weight: 400;\">Concept<\/span><\/h1>\n<p>[\/vc_column_text][vc_column_text]<\/p>\n<p class=\"lead\">Les Swiss GAAP RPC se focalisent sur la pr\u00e9sentation des comptes des petites et moyennes entit\u00e9s ainsi que des groupes \u00e0 rayonnement national.<\/p>\n<p>Les organisations \u00e0 but non lucratif, les caisses de pension, les compagnies d\u2019assurance, les compagnies d\u2019assurance incendie et compagnies d\u2019assurance maladie font \u00e9galement partie des utilisateurs des Swiss GAAP RPC.<\/p>\n<p>De structure modulaire, le concept s\u2019articule autour de suivants \u00e9l\u00e9ments fondamentaux: le cadre conceptuel, les RPC fondamentales, les autres normes ainsi que la Swiss GAAP RPC 30 et la Swiss GAAP RPC 31 Recommandation compl\u00e9mentaire pour les soci\u00e9t\u00e9s cot\u00e9es.<br \/>\n[\/vc_column_text][\/vc_column_inner][vc_column_inner width=&nbsp;&raquo;1\/3&Prime;][\/vc_column_inner][\/vc_row_inner][vc_row_inner css=&nbsp;&raquo;.vc_custom_1478260763205{padding-top: 80px !important;padding-bottom: 100px !important;}&nbsp;&raquo;][vc_column_inner width=&nbsp;&raquo;1\/4&Prime;][vc_icon color=&nbsp;&raquo;theme-gray-darker&nbsp;&raquo; size=&nbsp;&raquo;xl&nbsp;&raquo; align=&nbsp;&raquo;center&nbsp;&raquo; caption=&nbsp;&raquo;Crit\u00e8res&nbsp;&raquo; box_background_style=&nbsp;&raquo;boxed&nbsp;&raquo; box_background_color=&nbsp;&raquo;white&nbsp;&raquo; icon_fer=&nbsp;&raquo;icon-document&nbsp;&raquo; link=&nbsp;&raquo;url:https%3A%2F%2Fwww.fer.ch%2Ffr%2Fle-concept%2Fcriteries%2F|||&nbsp;&raquo;][\/vc_column_inner][vc_column_inner width=&nbsp;&raquo;1\/4&Prime;][vc_icon color=&nbsp;&raquo;theme-gray-darker&nbsp;&raquo; size=&nbsp;&raquo;xl&nbsp;&raquo; align=&nbsp;&raquo;center&nbsp;&raquo; caption=&nbsp;&raquo;Nos principes&nbsp;&raquo; box_background_style=&nbsp;&raquo;boxed&nbsp;&raquo; box_background_color=&nbsp;&raquo;white&nbsp;&raquo; icon_fer=&nbsp;&raquo;icon-menu&nbsp;&raquo; link=&nbsp;&raquo;url:https%3A%2F%2Fwww.fer.ch%2Ffr%2Fle-concept%2Fprincipes%2F|||&nbsp;&raquo;][\/vc_column_inner][vc_column_inner width=&nbsp;&raquo;1\/4&Prime;][vc_icon color=&nbsp;&raquo;theme-gray-darker&nbsp;&raquo; size=&nbsp;&raquo;xl&nbsp;&raquo; align=&nbsp;&raquo;center&nbsp;&raquo; caption=&nbsp;&raquo;Vos avantages&nbsp;&raquo; box_background_style=&nbsp;&raquo;boxed&nbsp;&raquo; box_background_color=&nbsp;&raquo;white&nbsp;&raquo; icon_fer=&nbsp;&raquo;icon-bulp&nbsp;&raquo; link=&nbsp;&raquo;url:https%3A%2F%2Fwww.fer.ch%2Ffr%2Fle-concept%2Favantages%2F|||&nbsp;&raquo;][\/vc_column_inner][vc_column_inner width=&nbsp;&raquo;1\/4&Prime;][vc_icon color=&nbsp;&raquo;theme-gray-darker&nbsp;&raquo; size=&nbsp;&raquo;xl&nbsp;&raquo; align=&nbsp;&raquo;center&nbsp;&raquo; caption=&nbsp;&raquo;Le processus&nbsp;&raquo; box_background_style=&nbsp;&raquo;boxed&nbsp;&raquo; box_background_color=&nbsp;&raquo;white&nbsp;&raquo; icon_fer=&nbsp;&raquo;icon-process&nbsp;&raquo; link=&nbsp;&raquo;url:https%3A%2F%2Fwww.fer.ch%2Ffr%2Fle-concept%2Fprocessus%2F|||&nbsp;&raquo;][\/vc_column_inner][\/vc_row_inner][\/vc_column][\/vc_row][vc_row full_width=&nbsp;&raquo;stretch_row&nbsp;&raquo; css=&nbsp;&raquo;.vc_custom_1479304273785{padding-top: 100px !important;padding-bottom: 50px !important;background-color: #ffffff !important;}&nbsp;&raquo;][vc_column][vc_column_text]<\/p>\n<h2>Structure des Swiss GAAP RPC<\/h2>\n<p>[\/vc_column_text][vc_single_image image=&nbsp;&raquo;3795&Prime; img_size=&nbsp;&raquo;full&nbsp;&raquo; alignment=&nbsp;&raquo;full-width&nbsp;&raquo;][\/vc_column][\/vc_row][vc_row full_width=&nbsp;&raquo;stretch_row&nbsp;&raquo; css=&nbsp;&raquo;.vc_custom_1479304109462{background-color: #ffffff !important;}&nbsp;&raquo;][vc_column width=&nbsp;&raquo;1\/3&Prime;][vc_column_text]<\/p>\n<p class=\"lead\"><strong>Les petites entit\u00e9s<\/strong><\/p>\n<p>[\/vc_column_text][\/vc_column][vc_column width=&nbsp;&raquo;2\/3&Prime;][vc_column_text]Les petites entit\u00e9s on la possibilit\u00e9 de ne prendre en consid\u00e9ration que le cadre conceptuel et certaines recommandations (RPC fondamentales).<br \/>\nLe cadre conceptuel, qui s&rsquo;applique \u00e0 l&rsquo;ensemble des entit\u00e9s, renferme les principes sur lesquels repose la pr\u00e9sentation des comptes selon les Swiss GAAP RPC.[\/vc_column_text][\/vc_column][\/vc_row][vc_row full_width=&nbsp;&raquo;stretch_row&nbsp;&raquo; css=&nbsp;&raquo;.vc_custom_1479304279312{background-color: #ffffff !important;}&nbsp;&raquo;][vc_column width=&nbsp;&raquo;1\/3&Prime;][vc_column_text]<\/p>\n<p class=\"lead\"><strong>Les entit\u00e9s de taille moyenne<\/strong><\/p>\n<p>[\/vc_column_text][\/vc_column][vc_column width=&nbsp;&raquo;2\/3&Prime;][vc_column_text]Les entit\u00e9s de taille moyenne sont tenues de respecter les RPC fondamentales et les autres Swiss GAAP RPC.[\/vc_column_text][\/vc_column][\/vc_row][vc_row full_width=&nbsp;&raquo;stretch_row&nbsp;&raquo; css=&nbsp;&raquo;.vc_custom_1479304283649{background-color: #ffffff !important;}&nbsp;&raquo;][vc_column width=&nbsp;&raquo;1\/3&Prime;][vc_column_text]<\/p>\n<p class=\"lead\"><strong>Les groupes<\/strong><\/p>\n<p>[\/vc_column_text][\/vc_column][vc_column width=&nbsp;&raquo;2\/3&Prime;][vc_column_text]Les groupes doivent \u00e9galement appliquer la Swiss GAAP RPC 30 Compt\u00e9s consolid\u00e9s.[\/vc_column_text][\/vc_column][\/vc_row][vc_row full_width=&nbsp;&raquo;stretch_row&nbsp;&raquo; css=&nbsp;&raquo;.vc_custom_1479304143399{background-color: #ffffff !important;}&nbsp;&raquo;][vc_column width=&nbsp;&raquo;1\/3&Prime;][vc_column_text]<\/p>\n<p class=\"lead\"><strong>Les soci\u00e9t\u00e9s cot\u00e9es<\/strong><\/p>\n<p>[\/vc_column_text][\/vc_column][vc_column width=&nbsp;&raquo;2\/3&Prime;][vc_column_text]Les soci\u00e9t\u00e9es cot\u00e9es doivent maintenant respecter la Swiss GAAP RPC 31 Recommandation compl\u00e9mentaire pour les soci\u00e9t\u00e9s cot\u00e9es.<br \/>\nL&rsquo;utilisation exclusive des RPC fondamentales pour les soci\u00e9t\u00e9s cot\u00e9es n&rsquo;est pas autoris\u00e9e.[\/vc_column_text][\/vc_column][\/vc_row][vc_row full_width=&nbsp;&raquo;stretch_row&nbsp;&raquo; css=&nbsp;&raquo;.vc_custom_1479304160967{padding-bottom: 100px !important;background-color: #ffffff !important;}&nbsp;&raquo;][vc_column width=&nbsp;&raquo;1\/3&Prime;][vc_column_text]<\/p>\n<p class=\"lead\"><strong>Swiss GAAP RPC sp\u00e9cifiques \u00e0 certaines branches<\/strong><\/p>\n<p>[\/vc_column_text][\/vc_column][vc_column width=&nbsp;&raquo;2\/3&Prime;][vc_column_text]Pour les organisations \u00e0 but non lucratif, les caisses de pension, les compagnies d&rsquo;assurance, les compagnies d&rsquo;assurance incendie et compagnies d&rsquo;assurance maladie[\/vc_column_text][\/vc_column][\/vc_row]<\/p>\n","protected":false},"excerpt":{"rendered":"<p>[vc_row css=&nbsp;&raquo;.vc_custom_1478270449137{padding-top: 50px !important;}&nbsp;&raquo;][vc_column][vc_row_inner css=&nbsp;&raquo;.vc_custom_1478262326969{padding-top: 50px !important;}&nbsp;&raquo;][vc_column_inner width=&nbsp;&raquo;2\/3&Prime;][vc_column_text] Concept [\/vc_column_text][vc_column_text] Les Swiss GAAP RPC se focalisent sur la pr\u00e9sentation des comptes des petites et moyennes entit\u00e9s ainsi que des groupes \u00e0 rayonnement national. Les organisations \u00e0 but non lucratif, les caisses de pension, les compagnies d\u2019assurance, les compagnies d\u2019assurance incendie et compagnies d\u2019assurance maladie font &hellip;<\/p>\n","protected":false},"author":1,"featured_media":0,"parent":0,"menu_order":0,"comment_status":"closed","ping_status":"closed","template":"","meta":[],"yoast_head":"<!-- This site is optimized with the Yoast SEO plugin v18.3 - https:\/\/yoast.com\/wordpress\/plugins\/seo\/ -->\n<title>Le concept - Swiss GAAP FER<\/title>\n<meta name=\"robots\" content=\"index, follow, max-snippet:-1, max-image-preview:large, max-video-preview:-1\" \/>\n<link rel=\"canonical\" href=\"https:\/\/www.fer.ch\/fr\/le-concept\/\" \/>\n<meta property=\"og:locale\" content=\"fr_FR\" \/>\n<meta property=\"og:type\" content=\"article\" \/>\n<meta property=\"og:title\" content=\"Le concept - Swiss GAAP FER\" \/>\n<meta property=\"og:description\" content=\"[vc_row css=&nbsp;&raquo;.vc_custom_1478270449137{padding-top: 50px !important;}&nbsp;&raquo;][vc_column][vc_row_inner css=&nbsp;&raquo;.vc_custom_1478262326969{padding-top: 50px !important;}&nbsp;&raquo;][vc_column_inner width=&nbsp;&raquo;2\/3&Prime;][vc_column_text] Concept [\/vc_column_text][vc_column_text] Les Swiss GAAP RPC se focalisent sur la pr\u00e9sentation des comptes des petites et moyennes entit\u00e9s ainsi que des groupes \u00e0 rayonnement national. Les organisations \u00e0 but non lucratif, les caisses de pension, les compagnies d\u2019assurance, les compagnies d\u2019assurance incendie et compagnies d\u2019assurance maladie font &hellip;\" \/>\n<meta property=\"og:url\" content=\"https:\/\/www.fer.ch\/fr\/le-concept\/\" \/>\n<meta property=\"og:site_name\" content=\"Swiss GAAP FER\" \/>\n<meta property=\"article:modified_time\" content=\"2021-10-12T08:35:43+00:00\" \/>\n<meta name=\"twitter:card\" content=\"summary\" \/>\n<meta name=\"twitter:label1\" content=\"Est. reading time\" \/>\n\t<meta name=\"twitter:data1\" content=\"4 minutes\" \/>\n<script type=\"application\/ld+json\" class=\"yoast-schema-graph\">{\"@context\":\"https:\/\/schema.org\",\"@graph\":[{\"@type\":\"WebSite\",\"@id\":\"https:\/\/www.fer.ch\/#website\",\"url\":\"https:\/\/www.fer.ch\/\",\"name\":\"Swiss GAAP FER\",\"description\":\"Fondation pour les recommandations relatives \u00e0 la pr\u00e9sentation des comptes (Swiss GAAP RPC)\",\"potentialAction\":[{\"@type\":\"SearchAction\",\"target\":{\"@type\":\"EntryPoint\",\"urlTemplate\":\"https:\/\/www.fer.ch\/?s={search_term_string}\"},\"query-input\":\"required name=search_term_string\"}],\"inLanguage\":\"fr-FR\"},{\"@type\":\"WebPage\",\"@id\":\"https:\/\/www.fer.ch\/fr\/le-concept\/#webpage\",\"url\":\"https:\/\/www.fer.ch\/fr\/le-concept\/\",\"name\":\"Le concept - Swiss GAAP FER\",\"isPartOf\":{\"@id\":\"https:\/\/www.fer.ch\/#website\"},\"datePublished\":\"2016-10-24T09:33:13+00:00\",\"dateModified\":\"2021-10-12T08:35:43+00:00\",\"breadcrumb\":{\"@id\":\"https:\/\/www.fer.ch\/fr\/le-concept\/#breadcrumb\"},\"inLanguage\":\"fr-FR\",\"potentialAction\":[{\"@type\":\"ReadAction\",\"target\":[\"https:\/\/www.fer.ch\/fr\/le-concept\/\"]}]},{\"@type\":\"BreadcrumbList\",\"@id\":\"https:\/\/www.fer.ch\/fr\/le-concept\/#breadcrumb\",\"itemListElement\":[{\"@type\":\"ListItem\",\"position\":1,\"name\":\"Startseite\",\"item\":\"https:\/\/www.fer.ch\/fr\/\"},{\"@type\":\"ListItem\",\"position\":2,\"name\":\"Le concept\"}]}]}<\/script>\n<!-- \/ Yoast SEO plugin. -->","yoast_head_json":{"title":"Le concept - Swiss GAAP FER","robots":{"index":"index","follow":"follow","max-snippet":"max-snippet:-1","max-image-preview":"max-image-preview:large","max-video-preview":"max-video-preview:-1"},"canonical":"https:\/\/www.fer.ch\/fr\/le-concept\/","og_locale":"fr_FR","og_type":"article","og_title":"Le concept - Swiss GAAP FER","og_description":"[vc_row css=&nbsp;&raquo;.vc_custom_1478270449137{padding-top: 50px !important;}&nbsp;&raquo;][vc_column][vc_row_inner css=&nbsp;&raquo;.vc_custom_1478262326969{padding-top: 50px !important;}&nbsp;&raquo;][vc_column_inner width=&nbsp;&raquo;2\/3&Prime;][vc_column_text] Concept [\/vc_column_text][vc_column_text] Les Swiss GAAP RPC se focalisent sur la pr\u00e9sentation des comptes des petites et moyennes entit\u00e9s ainsi que des groupes \u00e0 rayonnement national. Les organisations \u00e0 but non lucratif, les caisses de pension, les compagnies d\u2019assurance, les compagnies d\u2019assurance incendie et compagnies d\u2019assurance maladie font &hellip;","og_url":"https:\/\/www.fer.ch\/fr\/le-concept\/","og_site_name":"Swiss GAAP FER","article_modified_time":"2021-10-12T08:35:43+00:00","twitter_card":"summary","twitter_misc":{"Est. reading time":"4 minutes"},"schema":{"@context":"https:\/\/schema.org","@graph":[{"@type":"WebSite","@id":"https:\/\/www.fer.ch\/#website","url":"https:\/\/www.fer.ch\/","name":"Swiss GAAP FER","description":"Fondation pour les recommandations relatives \u00e0 la pr\u00e9sentation des comptes (Swiss GAAP RPC)","potentialAction":[{"@type":"SearchAction","target":{"@type":"EntryPoint","urlTemplate":"https:\/\/www.fer.ch\/?s={search_term_string}"},"query-input":"required name=search_term_string"}],"inLanguage":"fr-FR"},{"@type":"WebPage","@id":"https:\/\/www.fer.ch\/fr\/le-concept\/#webpage","url":"https:\/\/www.fer.ch\/fr\/le-concept\/","name":"Le concept - Swiss GAAP FER","isPartOf":{"@id":"https:\/\/www.fer.ch\/#website"},"datePublished":"2016-10-24T09:33:13+00:00","dateModified":"2021-10-12T08:35:43+00:00","breadcrumb":{"@id":"https:\/\/www.fer.ch\/fr\/le-concept\/#breadcrumb"},"inLanguage":"fr-FR","potentialAction":[{"@type":"ReadAction","target":["https:\/\/www.fer.ch\/fr\/le-concept\/"]}]},{"@type":"BreadcrumbList","@id":"https:\/\/www.fer.ch\/fr\/le-concept\/#breadcrumb","itemListElement":[{"@type":"ListItem","position":1,"name":"Startseite","item":"https:\/\/www.fer.ch\/fr\/"},{"@type":"ListItem","position":2,"name":"Le concept"}]}]}},"acf":[],"_links":{"self":[{"href":"https:\/\/www.fer.ch\/fr\/wp-json\/wp\/v2\/pages\/997"}],"collection":[{"href":"https:\/\/www.fer.ch\/fr\/wp-json\/wp\/v2\/pages"}],"about":[{"href":"https:\/\/www.fer.ch\/fr\/wp-json\/wp\/v2\/types\/page"}],"author":[{"embeddable":true,"href":"https:\/\/www.fer.ch\/fr\/wp-json\/wp\/v2\/users\/1"}],"replies":[{"embeddable":true,"href":"https:\/\/www.fer.ch\/fr\/wp-json\/wp\/v2\/comments?post=997"}],"version-history":[{"count":6,"href":"https:\/\/www.fer.ch\/fr\/wp-json\/wp\/v2\/pages\/997\/revisions"}],"predecessor-version":[{"id":12974,"href":"https:\/\/www.fer.ch\/fr\/wp-json\/wp\/v2\/pages\/997\/revisions\/12974"}],"wp:attachment":[{"href":"https:\/\/www.fer.ch\/fr\/wp-json\/wp\/v2\/media?parent=997"}],"curies":[{"name":"wp","href":"https:\/\/api.w.org\/{rel}","templated":true}]}}