{"id":6460,"date":"2019-01-17T15:10:58","date_gmt":"2019-01-17T14:10:58","guid":{"rendered":"https:\/\/www.fer.ch\/fr\/?page_id=6460"},"modified":"2024-02-13T11:46:20","modified_gmt":"2024-02-13T10:46:20","slug":"secretariat","status":"publish","type":"page","link":"https:\/\/www.fer.ch\/fr\/a-propos-de-nous\/secretariat\/","title":{"rendered":"Secr&eacute;tariat"},"content":{"rendered":"<p>[vc_row css=&nbsp;&raquo;.vc_custom_1479224325327{padding-top: 100px !important;padding-bottom: 50px !important;}&nbsp;&raquo;][vc_column width=&nbsp;&raquo;2\/3&Prime;][vc_column_text]<\/p>\n<h1>Secr\u00e9tariat<\/h1>\n<p class=\"lead\">Le Secr\u00e9tariat soutient le Pr\u00e9sident de la Commission et le Comit\u00e9 d\u2019experts dans toutes les t\u00e2ches techniques et administratives.<\/p>\n<p>Le secr\u00e9taire est employ\u00e9 par une grande soci\u00e9t\u00e9 de r\u00e9vision qui met gratuitement son temps de travail \u00e0 la disposition de Swiss GAAP RPC. Les assistants sont des collaborateurs de projet employ\u00e9s aux universit\u00e9s de Saint-Gall et Zurich qui soutiennent la fondation RPC en cas de besoin.<\/p>\n<p>[\/vc_column_text][\/vc_column][vc_column width=&nbsp;&raquo;1\/3&Prime;][\/vc_column][\/vc_row][vc_row css=&nbsp;&raquo;.vc_custom_1479224219952{padding-bottom: 100px !important;}&nbsp;&raquo;][vc_column][post_listing_people per_page=&nbsp;&raquo;-1&Prime; columns=&nbsp;&raquo;3&Prime; load_more=&nbsp;&raquo;0&Prime; filtering=&nbsp;&raquo;&nbsp;&raquo; terms=&nbsp;&raquo;27&Prime;][\/vc_column][\/vc_row]<\/p>\n","protected":false},"excerpt":{"rendered":"<p>[vc_row css=&nbsp;&raquo;.vc_custom_1479224325327{padding-top: 100px !important;padding-bottom: 50px !important;}&nbsp;&raquo;][vc_column width=&nbsp;&raquo;2\/3&Prime;][vc_column_text] Secr\u00e9tariat Le Secr\u00e9tariat soutient le Pr\u00e9sident de la Commission et le Comit\u00e9 d\u2019experts dans toutes les t\u00e2ches techniques et administratives. Le secr\u00e9taire est employ\u00e9 par une grande soci\u00e9t\u00e9 de r\u00e9vision qui met gratuitement son temps de travail \u00e0 la disposition de Swiss GAAP RPC. Les assistants sont des &hellip;<\/p>\n","protected":false},"author":2,"featured_media":0,"parent":1008,"menu_order":4,"comment_status":"closed","ping_status":"closed","template":"","meta":[],"yoast_head":"<!-- This site is optimized with the Yoast SEO plugin v18.3 - https:\/\/yoast.com\/wordpress\/plugins\/seo\/ -->\n<title>Secr\u00e9tariat - Swiss GAAP FER<\/title>\n<meta name=\"robots\" content=\"index, follow, max-snippet:-1, max-image-preview:large, max-video-preview:-1\" \/>\n<link rel=\"canonical\" href=\"https:\/\/www.fer.ch\/fr\/a-propos-de-nous\/secretariat\/\" \/>\n<meta property=\"og:locale\" content=\"fr_FR\" \/>\n<meta property=\"og:type\" content=\"article\" \/>\n<meta property=\"og:title\" content=\"Secr\u00e9tariat - Swiss GAAP FER\" \/>\n<meta property=\"og:description\" content=\"[vc_row css=&nbsp;&raquo;.vc_custom_1479224325327{padding-top: 100px !important;padding-bottom: 50px !important;}&nbsp;&raquo;][vc_column width=&nbsp;&raquo;2\/3&Prime;][vc_column_text] Secr\u00e9tariat Le Secr\u00e9tariat soutient le Pr\u00e9sident de la Commission et le Comit\u00e9 d\u2019experts dans toutes les t\u00e2ches techniques et administratives. Le secr\u00e9taire est employ\u00e9 par une grande soci\u00e9t\u00e9 de r\u00e9vision qui met gratuitement son temps de travail \u00e0 la disposition de Swiss GAAP RPC. Les assistants sont des &hellip;\" \/>\n<meta property=\"og:url\" content=\"https:\/\/www.fer.ch\/fr\/a-propos-de-nous\/secretariat\/\" \/>\n<meta property=\"og:site_name\" content=\"Swiss GAAP FER\" \/>\n<meta property=\"article:modified_time\" content=\"2024-02-13T10:46:20+00:00\" \/>\n<meta name=\"twitter:card\" content=\"summary\" \/>\n<meta name=\"twitter:label1\" content=\"Est. reading time\" \/>\n\t<meta name=\"twitter:data1\" content=\"1 minute\" \/>\n<script type=\"application\/ld+json\" class=\"yoast-schema-graph\">{\"@context\":\"https:\/\/schema.org\",\"@graph\":[{\"@type\":\"WebSite\",\"@id\":\"https:\/\/www.fer.ch\/#website\",\"url\":\"https:\/\/www.fer.ch\/\",\"name\":\"Swiss GAAP FER\",\"description\":\"Fondation pour les recommandations relatives \u00e0 la pr\u00e9sentation des comptes (Swiss GAAP RPC)\",\"potentialAction\":[{\"@type\":\"SearchAction\",\"target\":{\"@type\":\"EntryPoint\",\"urlTemplate\":\"https:\/\/www.fer.ch\/?s={search_term_string}\"},\"query-input\":\"required name=search_term_string\"}],\"inLanguage\":\"fr-FR\"},{\"@type\":\"WebPage\",\"@id\":\"https:\/\/www.fer.ch\/fr\/a-propos-de-nous\/secretariat\/#webpage\",\"url\":\"https:\/\/www.fer.ch\/fr\/a-propos-de-nous\/secretariat\/\",\"name\":\"Secr\u00e9tariat - Swiss GAAP FER\",\"isPartOf\":{\"@id\":\"https:\/\/www.fer.ch\/#website\"},\"datePublished\":\"2019-01-17T14:10:58+00:00\",\"dateModified\":\"2024-02-13T10:46:20+00:00\",\"breadcrumb\":{\"@id\":\"https:\/\/www.fer.ch\/fr\/a-propos-de-nous\/secretariat\/#breadcrumb\"},\"inLanguage\":\"fr-FR\",\"potentialAction\":[{\"@type\":\"ReadAction\",\"target\":[\"https:\/\/www.fer.ch\/fr\/a-propos-de-nous\/secretariat\/\"]}]},{\"@type\":\"BreadcrumbList\",\"@id\":\"https:\/\/www.fer.ch\/fr\/a-propos-de-nous\/secretariat\/#breadcrumb\",\"itemListElement\":[{\"@type\":\"ListItem\",\"position\":1,\"name\":\"Startseite\",\"item\":\"https:\/\/www.fer.ch\/fr\/\"},{\"@type\":\"ListItem\",\"position\":2,\"name\":\"A propos de nous\",\"item\":\"https:\/\/www.fer.ch\/fr\/a-propos-de-nous\/\"},{\"@type\":\"ListItem\",\"position\":3,\"name\":\"Secr&eacute;tariat\"}]}]}<\/script>\n<!-- \/ Yoast SEO plugin. -->","yoast_head_json":{"title":"Secr\u00e9tariat - Swiss GAAP FER","robots":{"index":"index","follow":"follow","max-snippet":"max-snippet:-1","max-image-preview":"max-image-preview:large","max-video-preview":"max-video-preview:-1"},"canonical":"https:\/\/www.fer.ch\/fr\/a-propos-de-nous\/secretariat\/","og_locale":"fr_FR","og_type":"article","og_title":"Secr\u00e9tariat - Swiss GAAP FER","og_description":"[vc_row css=&nbsp;&raquo;.vc_custom_1479224325327{padding-top: 100px !important;padding-bottom: 50px !important;}&nbsp;&raquo;][vc_column width=&nbsp;&raquo;2\/3&Prime;][vc_column_text] Secr\u00e9tariat Le Secr\u00e9tariat soutient le Pr\u00e9sident de la Commission et le Comit\u00e9 d\u2019experts dans toutes les t\u00e2ches techniques et administratives. Le secr\u00e9taire est employ\u00e9 par une grande soci\u00e9t\u00e9 de r\u00e9vision qui met gratuitement son temps de travail \u00e0 la disposition de Swiss GAAP RPC. Les assistants sont des &hellip;","og_url":"https:\/\/www.fer.ch\/fr\/a-propos-de-nous\/secretariat\/","og_site_name":"Swiss GAAP FER","article_modified_time":"2024-02-13T10:46:20+00:00","twitter_card":"summary","twitter_misc":{"Est. reading time":"1 minute"},"schema":{"@context":"https:\/\/schema.org","@graph":[{"@type":"WebSite","@id":"https:\/\/www.fer.ch\/#website","url":"https:\/\/www.fer.ch\/","name":"Swiss GAAP FER","description":"Fondation pour les recommandations relatives \u00e0 la pr\u00e9sentation des comptes (Swiss GAAP RPC)","potentialAction":[{"@type":"SearchAction","target":{"@type":"EntryPoint","urlTemplate":"https:\/\/www.fer.ch\/?s={search_term_string}"},"query-input":"required name=search_term_string"}],"inLanguage":"fr-FR"},{"@type":"WebPage","@id":"https:\/\/www.fer.ch\/fr\/a-propos-de-nous\/secretariat\/#webpage","url":"https:\/\/www.fer.ch\/fr\/a-propos-de-nous\/secretariat\/","name":"Secr\u00e9tariat - Swiss GAAP FER","isPartOf":{"@id":"https:\/\/www.fer.ch\/#website"},"datePublished":"2019-01-17T14:10:58+00:00","dateModified":"2024-02-13T10:46:20+00:00","breadcrumb":{"@id":"https:\/\/www.fer.ch\/fr\/a-propos-de-nous\/secretariat\/#breadcrumb"},"inLanguage":"fr-FR","potentialAction":[{"@type":"ReadAction","target":["https:\/\/www.fer.ch\/fr\/a-propos-de-nous\/secretariat\/"]}]},{"@type":"BreadcrumbList","@id":"https:\/\/www.fer.ch\/fr\/a-propos-de-nous\/secretariat\/#breadcrumb","itemListElement":[{"@type":"ListItem","position":1,"name":"Startseite","item":"https:\/\/www.fer.ch\/fr\/"},{"@type":"ListItem","position":2,"name":"A propos de nous","item":"https:\/\/www.fer.ch\/fr\/a-propos-de-nous\/"},{"@type":"ListItem","position":3,"name":"Secr&eacute;tariat"}]}]}},"acf":[],"_links":{"self":[{"href":"https:\/\/www.fer.ch\/fr\/wp-json\/wp\/v2\/pages\/6460"}],"collection":[{"href":"https:\/\/www.fer.ch\/fr\/wp-json\/wp\/v2\/pages"}],"about":[{"href":"https:\/\/www.fer.ch\/fr\/wp-json\/wp\/v2\/types\/page"}],"author":[{"embeddable":true,"href":"https:\/\/www.fer.ch\/fr\/wp-json\/wp\/v2\/users\/2"}],"replies":[{"embeddable":true,"href":"https:\/\/www.fer.ch\/fr\/wp-json\/wp\/v2\/comments?post=6460"}],"version-history":[{"count":4,"href":"https:\/\/www.fer.ch\/fr\/wp-json\/wp\/v2\/pages\/6460\/revisions"}],"predecessor-version":[{"id":12878,"href":"https:\/\/www.fer.ch\/fr\/wp-json\/wp\/v2\/pages\/6460\/revisions\/12878"}],"up":[{"embeddable":true,"href":"https:\/\/www.fer.ch\/fr\/wp-json\/wp\/v2\/pages\/1008"}],"wp:attachment":[{"href":"https:\/\/www.fer.ch\/fr\/wp-json\/wp\/v2\/media?parent=6460"}],"curies":[{"name":"wp","href":"https:\/\/api.w.org\/{rel}","templated":true}]}}