{"id":2375,"date":"2016-11-18T14:12:33","date_gmt":"2016-11-18T13:12:33","guid":{"rendered":"https:\/\/www.fer.ch\/fr\/?page_id=2375"},"modified":"2019-10-17T15:07:49","modified_gmt":"2019-10-17T13:07:49","slug":"observateur","status":"publish","type":"page","link":"https:\/\/www.fer.ch\/fr\/a-propos-de-nous\/observateur\/","title":{"rendered":"Observateurs"},"content":{"rendered":"<p>[vc_row css=&nbsp;&raquo;.vc_custom_1479480069457{padding-top: 100px !important;}&nbsp;&raquo;][vc_column width=&nbsp;&raquo;2\/3&Prime;][vc_column_text]<\/p>\n<h1>Observateurs<\/h1>\n<p class=\"lead\">Les autorit\u00e9s f\u00e9d\u00e9rales et d\u2019autres organismes int\u00e9ress\u00e9s coop\u00e8rent par l\u2019interm\u00e9diaire d\u2019observateurs (sans droit de vote).<\/p>\n<p>[\/vc_column_text][\/vc_column][vc_column width=&nbsp;&raquo;1\/3&Prime;][\/vc_column][\/vc_row][vc_row css=&nbsp;&raquo;.vc_custom_1479480211664{padding-top: 50px !important;padding-bottom: 100px !important;}&nbsp;&raquo;][vc_column][post_listing_people per_page=&nbsp;&raquo;-1&Prime; columns=&nbsp;&raquo;3&Prime; load_more=&nbsp;&raquo;0&Prime; filtering=&nbsp;&raquo;&nbsp;&raquo; terms=&nbsp;&raquo;55&Prime;][\/vc_column][\/vc_row]<\/p>\n","protected":false},"excerpt":{"rendered":"<p>[vc_row css=&nbsp;&raquo;.vc_custom_1479480069457{padding-top: 100px !important;}&nbsp;&raquo;][vc_column width=&nbsp;&raquo;2\/3&Prime;][vc_column_text] Observateurs Les autorit\u00e9s f\u00e9d\u00e9rales et d\u2019autres organismes int\u00e9ress\u00e9s coop\u00e8rent par l\u2019interm\u00e9diaire d\u2019observateurs (sans droit de vote). [\/vc_column_text][\/vc_column][vc_column width=&nbsp;&raquo;1\/3&Prime;][\/vc_column][\/vc_row][vc_row css=&nbsp;&raquo;.vc_custom_1479480211664{padding-top: 50px !important;padding-bottom: 100px !important;}&nbsp;&raquo;][vc_column][post_listing_people per_page=&nbsp;&raquo;-1&Prime; columns=&nbsp;&raquo;3&Prime; load_more=&nbsp;&raquo;0&Prime; filtering=&nbsp;&raquo;&nbsp;&raquo; terms=&nbsp;&raquo;55&Prime;][\/vc_column][\/vc_row]<\/p>\n","protected":false},"author":1,"featured_media":0,"parent":1008,"menu_order":5,"comment_status":"closed","ping_status":"closed","template":"","meta":[],"yoast_head":"<!-- This site is optimized with the Yoast SEO plugin v18.3 - https:\/\/yoast.com\/wordpress\/plugins\/seo\/ -->\n<title>Observateurs - Swiss GAAP FER<\/title>\n<meta name=\"robots\" content=\"index, follow, max-snippet:-1, max-image-preview:large, max-video-preview:-1\" \/>\n<link rel=\"canonical\" href=\"https:\/\/www.fer.ch\/fr\/a-propos-de-nous\/observateur\/\" \/>\n<meta property=\"og:locale\" content=\"fr_FR\" \/>\n<meta property=\"og:type\" content=\"article\" \/>\n<meta property=\"og:title\" content=\"Observateurs - Swiss GAAP FER\" \/>\n<meta property=\"og:description\" content=\"[vc_row css=&nbsp;&raquo;.vc_custom_1479480069457{padding-top: 100px !important;}&nbsp;&raquo;][vc_column width=&nbsp;&raquo;2\/3&Prime;][vc_column_text] Observateurs Les autorit\u00e9s f\u00e9d\u00e9rales et d\u2019autres organismes int\u00e9ress\u00e9s coop\u00e8rent par l\u2019interm\u00e9diaire d\u2019observateurs (sans droit de vote). [\/vc_column_text][\/vc_column][vc_column width=&nbsp;&raquo;1\/3&Prime;][\/vc_column][\/vc_row][vc_row css=&nbsp;&raquo;.vc_custom_1479480211664{padding-top: 50px !important;padding-bottom: 100px !important;}&nbsp;&raquo;][vc_column][post_listing_people per_page=&nbsp;&raquo;-1&Prime; columns=&nbsp;&raquo;3&Prime; load_more=&nbsp;&raquo;0&Prime; filtering=&nbsp;&raquo;&nbsp;&raquo; terms=&nbsp;&raquo;55&Prime;][\/vc_column][\/vc_row]\" \/>\n<meta property=\"og:url\" content=\"https:\/\/www.fer.ch\/fr\/a-propos-de-nous\/observateur\/\" \/>\n<meta property=\"og:site_name\" content=\"Swiss GAAP FER\" \/>\n<meta property=\"article:modified_time\" content=\"2019-10-17T13:07:49+00:00\" \/>\n<meta name=\"twitter:card\" content=\"summary\" \/>\n<script type=\"application\/ld+json\" class=\"yoast-schema-graph\">{\"@context\":\"https:\/\/schema.org\",\"@graph\":[{\"@type\":\"WebSite\",\"@id\":\"https:\/\/www.fer.ch\/#website\",\"url\":\"https:\/\/www.fer.ch\/\",\"name\":\"Swiss GAAP FER\",\"description\":\"Fondation pour les recommandations relatives \u00e0 la pr\u00e9sentation des comptes (Swiss GAAP RPC)\",\"potentialAction\":[{\"@type\":\"SearchAction\",\"target\":{\"@type\":\"EntryPoint\",\"urlTemplate\":\"https:\/\/www.fer.ch\/?s={search_term_string}\"},\"query-input\":\"required name=search_term_string\"}],\"inLanguage\":\"fr-FR\"},{\"@type\":\"WebPage\",\"@id\":\"https:\/\/www.fer.ch\/fr\/a-propos-de-nous\/observateur\/#webpage\",\"url\":\"https:\/\/www.fer.ch\/fr\/a-propos-de-nous\/observateur\/\",\"name\":\"Observateurs - Swiss GAAP FER\",\"isPartOf\":{\"@id\":\"https:\/\/www.fer.ch\/#website\"},\"datePublished\":\"2016-11-18T13:12:33+00:00\",\"dateModified\":\"2019-10-17T13:07:49+00:00\",\"breadcrumb\":{\"@id\":\"https:\/\/www.fer.ch\/fr\/a-propos-de-nous\/observateur\/#breadcrumb\"},\"inLanguage\":\"fr-FR\",\"potentialAction\":[{\"@type\":\"ReadAction\",\"target\":[\"https:\/\/www.fer.ch\/fr\/a-propos-de-nous\/observateur\/\"]}]},{\"@type\":\"BreadcrumbList\",\"@id\":\"https:\/\/www.fer.ch\/fr\/a-propos-de-nous\/observateur\/#breadcrumb\",\"itemListElement\":[{\"@type\":\"ListItem\",\"position\":1,\"name\":\"Startseite\",\"item\":\"https:\/\/www.fer.ch\/fr\/\"},{\"@type\":\"ListItem\",\"position\":2,\"name\":\"A propos de nous\",\"item\":\"https:\/\/www.fer.ch\/fr\/a-propos-de-nous\/\"},{\"@type\":\"ListItem\",\"position\":3,\"name\":\"Observateurs\"}]}]}<\/script>\n<!-- \/ Yoast SEO plugin. -->","yoast_head_json":{"title":"Observateurs - Swiss GAAP FER","robots":{"index":"index","follow":"follow","max-snippet":"max-snippet:-1","max-image-preview":"max-image-preview:large","max-video-preview":"max-video-preview:-1"},"canonical":"https:\/\/www.fer.ch\/fr\/a-propos-de-nous\/observateur\/","og_locale":"fr_FR","og_type":"article","og_title":"Observateurs - Swiss GAAP FER","og_description":"[vc_row css=&nbsp;&raquo;.vc_custom_1479480069457{padding-top: 100px !important;}&nbsp;&raquo;][vc_column width=&nbsp;&raquo;2\/3&Prime;][vc_column_text] Observateurs Les autorit\u00e9s f\u00e9d\u00e9rales et d\u2019autres organismes int\u00e9ress\u00e9s coop\u00e8rent par l\u2019interm\u00e9diaire d\u2019observateurs (sans droit de vote). [\/vc_column_text][\/vc_column][vc_column width=&nbsp;&raquo;1\/3&Prime;][\/vc_column][\/vc_row][vc_row css=&nbsp;&raquo;.vc_custom_1479480211664{padding-top: 50px !important;padding-bottom: 100px !important;}&nbsp;&raquo;][vc_column][post_listing_people per_page=&nbsp;&raquo;-1&Prime; columns=&nbsp;&raquo;3&Prime; load_more=&nbsp;&raquo;0&Prime; filtering=&nbsp;&raquo;&nbsp;&raquo; terms=&nbsp;&raquo;55&Prime;][\/vc_column][\/vc_row]","og_url":"https:\/\/www.fer.ch\/fr\/a-propos-de-nous\/observateur\/","og_site_name":"Swiss GAAP FER","article_modified_time":"2019-10-17T13:07:49+00:00","twitter_card":"summary","schema":{"@context":"https:\/\/schema.org","@graph":[{"@type":"WebSite","@id":"https:\/\/www.fer.ch\/#website","url":"https:\/\/www.fer.ch\/","name":"Swiss GAAP FER","description":"Fondation pour les recommandations relatives \u00e0 la pr\u00e9sentation des comptes (Swiss GAAP RPC)","potentialAction":[{"@type":"SearchAction","target":{"@type":"EntryPoint","urlTemplate":"https:\/\/www.fer.ch\/?s={search_term_string}"},"query-input":"required name=search_term_string"}],"inLanguage":"fr-FR"},{"@type":"WebPage","@id":"https:\/\/www.fer.ch\/fr\/a-propos-de-nous\/observateur\/#webpage","url":"https:\/\/www.fer.ch\/fr\/a-propos-de-nous\/observateur\/","name":"Observateurs - Swiss GAAP FER","isPartOf":{"@id":"https:\/\/www.fer.ch\/#website"},"datePublished":"2016-11-18T13:12:33+00:00","dateModified":"2019-10-17T13:07:49+00:00","breadcrumb":{"@id":"https:\/\/www.fer.ch\/fr\/a-propos-de-nous\/observateur\/#breadcrumb"},"inLanguage":"fr-FR","potentialAction":[{"@type":"ReadAction","target":["https:\/\/www.fer.ch\/fr\/a-propos-de-nous\/observateur\/"]}]},{"@type":"BreadcrumbList","@id":"https:\/\/www.fer.ch\/fr\/a-propos-de-nous\/observateur\/#breadcrumb","itemListElement":[{"@type":"ListItem","position":1,"name":"Startseite","item":"https:\/\/www.fer.ch\/fr\/"},{"@type":"ListItem","position":2,"name":"A propos de nous","item":"https:\/\/www.fer.ch\/fr\/a-propos-de-nous\/"},{"@type":"ListItem","position":3,"name":"Observateurs"}]}]}},"acf":[],"_links":{"self":[{"href":"https:\/\/www.fer.ch\/fr\/wp-json\/wp\/v2\/pages\/2375"}],"collection":[{"href":"https:\/\/www.fer.ch\/fr\/wp-json\/wp\/v2\/pages"}],"about":[{"href":"https:\/\/www.fer.ch\/fr\/wp-json\/wp\/v2\/types\/page"}],"author":[{"embeddable":true,"href":"https:\/\/www.fer.ch\/fr\/wp-json\/wp\/v2\/users\/1"}],"replies":[{"embeddable":true,"href":"https:\/\/www.fer.ch\/fr\/wp-json\/wp\/v2\/comments?post=2375"}],"version-history":[{"count":5,"href":"https:\/\/www.fer.ch\/fr\/wp-json\/wp\/v2\/pages\/2375\/revisions"}],"predecessor-version":[{"id":3622,"href":"https:\/\/www.fer.ch\/fr\/wp-json\/wp\/v2\/pages\/2375\/revisions\/3622"}],"up":[{"embeddable":true,"href":"https:\/\/www.fer.ch\/fr\/wp-json\/wp\/v2\/pages\/1008"}],"wp:attachment":[{"href":"https:\/\/www.fer.ch\/fr\/wp-json\/wp\/v2\/media?parent=2375"}],"curies":[{"name":"wp","href":"https:\/\/api.w.org\/{rel}","templated":true}]}}