{"id":2373,"date":"2016-11-18T14:04:21","date_gmt":"2016-11-18T13:04:21","guid":{"rendered":"https:\/\/www.fer.ch\/fr\/?page_id=2373"},"modified":"2024-01-08T12:32:52","modified_gmt":"2024-01-08T11:32:52","slug":"membres","status":"publish","type":"page","link":"https:\/\/www.fer.ch\/fr\/a-propos-de-nous\/membres\/","title":{"rendered":"Membres"},"content":{"rendered":"<p>[vc_row css=&nbsp;&raquo;.vc_custom_1479480365942{padding-top: 100px !important;padding-bottom: 0px !important;}&nbsp;&raquo;][vc_column width=&nbsp;&raquo;2\/3&Prime;][vc_column_text]<\/p>\n<h1>Membres<\/h1>\n<p class=\"lead\">Comme membres sont consid\u00e9r\u00e9s les membres de la Commission et du Comit\u00e9 d&rsquo;experts.<\/p>\n<p align=\"LEFT\">Le d\u00e9roulement des travaux, tels que la pr\u00e9paration ou la modification de recommandations, est confi\u00e9 au Pr\u00e9sident de la Commission, \u00e0 un Comit\u00e9 d\u2019experts compos\u00e9 au maximum de 6 membres (nomm\u00e9s par la Commission en son sein) et un secr\u00e9taire. La Commission propose les th\u00e8mes pour la pr\u00e9paration de recommandations.<\/p>\n<p>[\/vc_column_text][\/vc_column][vc_column width=&nbsp;&raquo;1\/3&Prime;][\/vc_column][\/vc_row][vc_row css=&nbsp;&raquo;.vc_custom_1479480353638{padding-top: 50px !important;padding-bottom: 100px !important;}&nbsp;&raquo;][vc_column][post_listing_people per_page=&nbsp;&raquo;-1&Prime; columns=&nbsp;&raquo;3&Prime; load_more=&nbsp;&raquo;0&Prime; filtering=&nbsp;&raquo;tag&nbsp;&raquo; readmore_label=&nbsp;&raquo;Alle anzeigen&nbsp;&raquo; terms=&nbsp;&raquo;29, 30&Prime;][\/vc_column][\/vc_row]<\/p>\n","protected":false},"excerpt":{"rendered":"<p>[vc_row css=&nbsp;&raquo;.vc_custom_1479480365942{padding-top: 100px !important;padding-bottom: 0px !important;}&nbsp;&raquo;][vc_column width=&nbsp;&raquo;2\/3&Prime;][vc_column_text] Membres Comme membres sont consid\u00e9r\u00e9s les membres de la Commission et du Comit\u00e9 d&rsquo;experts. Le d\u00e9roulement des travaux, tels que la pr\u00e9paration ou la modification de recommandations, est confi\u00e9 au Pr\u00e9sident de la Commission, \u00e0 un Comit\u00e9 d\u2019experts compos\u00e9 au maximum de 6 membres (nomm\u00e9s par la Commission &hellip;<\/p>\n","protected":false},"author":1,"featured_media":0,"parent":1008,"menu_order":3,"comment_status":"closed","ping_status":"closed","template":"","meta":[],"yoast_head":"<!-- This site is optimized with the Yoast SEO plugin v18.3 - https:\/\/yoast.com\/wordpress\/plugins\/seo\/ -->\n<title>Membres - Swiss GAAP FER<\/title>\n<meta name=\"robots\" content=\"index, follow, max-snippet:-1, max-image-preview:large, max-video-preview:-1\" \/>\n<link rel=\"canonical\" href=\"https:\/\/www.fer.ch\/fr\/a-propos-de-nous\/membres\/\" \/>\n<meta property=\"og:locale\" content=\"fr_FR\" \/>\n<meta property=\"og:type\" content=\"article\" \/>\n<meta property=\"og:title\" content=\"Membres - Swiss GAAP FER\" \/>\n<meta property=\"og:description\" content=\"[vc_row css=&nbsp;&raquo;.vc_custom_1479480365942{padding-top: 100px !important;padding-bottom: 0px !important;}&nbsp;&raquo;][vc_column width=&nbsp;&raquo;2\/3&Prime;][vc_column_text] Membres Comme membres sont consid\u00e9r\u00e9s les membres de la Commission et du Comit\u00e9 d&rsquo;experts. Le d\u00e9roulement des travaux, tels que la pr\u00e9paration ou la modification de recommandations, est confi\u00e9 au Pr\u00e9sident de la Commission, \u00e0 un Comit\u00e9 d\u2019experts compos\u00e9 au maximum de 6 membres (nomm\u00e9s par la Commission &hellip;\" \/>\n<meta property=\"og:url\" content=\"https:\/\/www.fer.ch\/fr\/a-propos-de-nous\/membres\/\" \/>\n<meta property=\"og:site_name\" content=\"Swiss GAAP FER\" \/>\n<meta property=\"article:modified_time\" content=\"2024-01-08T11:32:52+00:00\" \/>\n<meta name=\"twitter:card\" content=\"summary\" \/>\n<meta name=\"twitter:label1\" content=\"Est. reading time\" \/>\n\t<meta name=\"twitter:data1\" content=\"1 minute\" \/>\n<script type=\"application\/ld+json\" class=\"yoast-schema-graph\">{\"@context\":\"https:\/\/schema.org\",\"@graph\":[{\"@type\":\"WebSite\",\"@id\":\"https:\/\/www.fer.ch\/#website\",\"url\":\"https:\/\/www.fer.ch\/\",\"name\":\"Swiss GAAP FER\",\"description\":\"Fondation pour les recommandations relatives \u00e0 la pr\u00e9sentation des comptes (Swiss GAAP RPC)\",\"potentialAction\":[{\"@type\":\"SearchAction\",\"target\":{\"@type\":\"EntryPoint\",\"urlTemplate\":\"https:\/\/www.fer.ch\/?s={search_term_string}\"},\"query-input\":\"required name=search_term_string\"}],\"inLanguage\":\"fr-FR\"},{\"@type\":\"WebPage\",\"@id\":\"https:\/\/www.fer.ch\/fr\/a-propos-de-nous\/membres\/#webpage\",\"url\":\"https:\/\/www.fer.ch\/fr\/a-propos-de-nous\/membres\/\",\"name\":\"Membres - Swiss GAAP FER\",\"isPartOf\":{\"@id\":\"https:\/\/www.fer.ch\/#website\"},\"datePublished\":\"2016-11-18T13:04:21+00:00\",\"dateModified\":\"2024-01-08T11:32:52+00:00\",\"breadcrumb\":{\"@id\":\"https:\/\/www.fer.ch\/fr\/a-propos-de-nous\/membres\/#breadcrumb\"},\"inLanguage\":\"fr-FR\",\"potentialAction\":[{\"@type\":\"ReadAction\",\"target\":[\"https:\/\/www.fer.ch\/fr\/a-propos-de-nous\/membres\/\"]}]},{\"@type\":\"BreadcrumbList\",\"@id\":\"https:\/\/www.fer.ch\/fr\/a-propos-de-nous\/membres\/#breadcrumb\",\"itemListElement\":[{\"@type\":\"ListItem\",\"position\":1,\"name\":\"Startseite\",\"item\":\"https:\/\/www.fer.ch\/fr\/\"},{\"@type\":\"ListItem\",\"position\":2,\"name\":\"A propos de nous\",\"item\":\"https:\/\/www.fer.ch\/fr\/a-propos-de-nous\/\"},{\"@type\":\"ListItem\",\"position\":3,\"name\":\"Membres\"}]}]}<\/script>\n<!-- \/ Yoast SEO plugin. -->","yoast_head_json":{"title":"Membres - Swiss GAAP FER","robots":{"index":"index","follow":"follow","max-snippet":"max-snippet:-1","max-image-preview":"max-image-preview:large","max-video-preview":"max-video-preview:-1"},"canonical":"https:\/\/www.fer.ch\/fr\/a-propos-de-nous\/membres\/","og_locale":"fr_FR","og_type":"article","og_title":"Membres - Swiss GAAP FER","og_description":"[vc_row css=&nbsp;&raquo;.vc_custom_1479480365942{padding-top: 100px !important;padding-bottom: 0px !important;}&nbsp;&raquo;][vc_column width=&nbsp;&raquo;2\/3&Prime;][vc_column_text] Membres Comme membres sont consid\u00e9r\u00e9s les membres de la Commission et du Comit\u00e9 d&rsquo;experts. Le d\u00e9roulement des travaux, tels que la pr\u00e9paration ou la modification de recommandations, est confi\u00e9 au Pr\u00e9sident de la Commission, \u00e0 un Comit\u00e9 d\u2019experts compos\u00e9 au maximum de 6 membres (nomm\u00e9s par la Commission &hellip;","og_url":"https:\/\/www.fer.ch\/fr\/a-propos-de-nous\/membres\/","og_site_name":"Swiss GAAP FER","article_modified_time":"2024-01-08T11:32:52+00:00","twitter_card":"summary","twitter_misc":{"Est. reading time":"1 minute"},"schema":{"@context":"https:\/\/schema.org","@graph":[{"@type":"WebSite","@id":"https:\/\/www.fer.ch\/#website","url":"https:\/\/www.fer.ch\/","name":"Swiss GAAP FER","description":"Fondation pour les recommandations relatives \u00e0 la pr\u00e9sentation des comptes (Swiss GAAP RPC)","potentialAction":[{"@type":"SearchAction","target":{"@type":"EntryPoint","urlTemplate":"https:\/\/www.fer.ch\/?s={search_term_string}"},"query-input":"required name=search_term_string"}],"inLanguage":"fr-FR"},{"@type":"WebPage","@id":"https:\/\/www.fer.ch\/fr\/a-propos-de-nous\/membres\/#webpage","url":"https:\/\/www.fer.ch\/fr\/a-propos-de-nous\/membres\/","name":"Membres - Swiss GAAP FER","isPartOf":{"@id":"https:\/\/www.fer.ch\/#website"},"datePublished":"2016-11-18T13:04:21+00:00","dateModified":"2024-01-08T11:32:52+00:00","breadcrumb":{"@id":"https:\/\/www.fer.ch\/fr\/a-propos-de-nous\/membres\/#breadcrumb"},"inLanguage":"fr-FR","potentialAction":[{"@type":"ReadAction","target":["https:\/\/www.fer.ch\/fr\/a-propos-de-nous\/membres\/"]}]},{"@type":"BreadcrumbList","@id":"https:\/\/www.fer.ch\/fr\/a-propos-de-nous\/membres\/#breadcrumb","itemListElement":[{"@type":"ListItem","position":1,"name":"Startseite","item":"https:\/\/www.fer.ch\/fr\/"},{"@type":"ListItem","position":2,"name":"A propos de nous","item":"https:\/\/www.fer.ch\/fr\/a-propos-de-nous\/"},{"@type":"ListItem","position":3,"name":"Membres"}]}]}},"acf":[],"_links":{"self":[{"href":"https:\/\/www.fer.ch\/fr\/wp-json\/wp\/v2\/pages\/2373"}],"collection":[{"href":"https:\/\/www.fer.ch\/fr\/wp-json\/wp\/v2\/pages"}],"about":[{"href":"https:\/\/www.fer.ch\/fr\/wp-json\/wp\/v2\/types\/page"}],"author":[{"embeddable":true,"href":"https:\/\/www.fer.ch\/fr\/wp-json\/wp\/v2\/users\/1"}],"replies":[{"embeddable":true,"href":"https:\/\/www.fer.ch\/fr\/wp-json\/wp\/v2\/comments?post=2373"}],"version-history":[{"count":7,"href":"https:\/\/www.fer.ch\/fr\/wp-json\/wp\/v2\/pages\/2373\/revisions"}],"predecessor-version":[{"id":13377,"href":"https:\/\/www.fer.ch\/fr\/wp-json\/wp\/v2\/pages\/2373\/revisions\/13377"}],"up":[{"embeddable":true,"href":"https:\/\/www.fer.ch\/fr\/wp-json\/wp\/v2\/pages\/1008"}],"wp:attachment":[{"href":"https:\/\/www.fer.ch\/fr\/wp-json\/wp\/v2\/media?parent=2373"}],"curies":[{"name":"wp","href":"https:\/\/api.w.org\/{rel}","templated":true}]}}