{"id":2371,"date":"2016-11-18T14:04:00","date_gmt":"2016-11-18T13:04:00","guid":{"rendered":"https:\/\/www.fer.ch\/fr\/?page_id=2371"},"modified":"2023-07-25T09:41:56","modified_gmt":"2023-07-25T07:41:56","slug":"2371-2","status":"publish","type":"page","link":"https:\/\/www.fer.ch\/fr\/a-propos-de-nous\/2371-2\/","title":{"rendered":"Conseil de fondation"},"content":{"rendered":"<p>[vc_row css=&nbsp;&raquo;.vc_custom_1479480069457{padding-top: 100px !important;}&nbsp;&raquo;][vc_column width=&nbsp;&raquo;2\/3&Prime;][vc_column_text]<\/p>\n<h1>Le Conseil de fondation<\/h1>\n<p class=\"lead\">Le Conseil de Fondation repr\u00e9sente la fondation. Il est, entre autres, responsable du choix des membres et du pr\u00e9sident de la commission.<\/p>\n<p>Le Conseil de Fondation veille \u00e0 ce que les diff\u00e9rentes parties prenantes soient repr\u00e9sent\u00e9es de mani\u00e8re \u00e9quilibr\u00e9e par la commission. Sont compris dans les groupes d\u2019int\u00e9r\u00eats les fondateurs, les auditeurs, les destinataires, les conseillers, la politique, l\u2019administration, les normalisateurs, les organes de surveillance et les autres parties int\u00e9ress\u00e9es.<\/p>\n<p>Le Conseil de fondation se compose de trois membres au minimum. Il se constitue lui-m\u00eame et se renouv\u00e8le par cooptation. Les membres du conseil de fondation officient b\u00e9n\u00e9volement.[\/vc_column_text][\/vc_column][vc_column width=&nbsp;&raquo;1\/3&Prime;][\/vc_column][\/vc_row][vc_row css=&nbsp;&raquo;.vc_custom_1479480211664{padding-top: 50px !important;padding-bottom: 100px !important;}&nbsp;&raquo;][vc_column][post_listing_people per_page=&nbsp;&raquo;-1&Prime; columns=&nbsp;&raquo;3&Prime; load_more=&nbsp;&raquo;0&Prime; filtering=&nbsp;&raquo;&nbsp;&raquo; terms=&nbsp;&raquo;69&Prime;][\/vc_column][\/vc_row]<\/p>\n","protected":false},"excerpt":{"rendered":"<p>[vc_row css=&nbsp;&raquo;.vc_custom_1479480069457{padding-top: 100px !important;}&nbsp;&raquo;][vc_column width=&nbsp;&raquo;2\/3&Prime;][vc_column_text] Le Conseil de fondation Le Conseil de Fondation repr\u00e9sente la fondation. Il est, entre autres, responsable du choix des membres et du pr\u00e9sident de la commission. Le Conseil de Fondation veille \u00e0 ce que les diff\u00e9rentes parties prenantes soient repr\u00e9sent\u00e9es de mani\u00e8re \u00e9quilibr\u00e9e par la commission. Sont compris dans les &hellip;<\/p>\n","protected":false},"author":1,"featured_media":0,"parent":1008,"menu_order":2,"comment_status":"closed","ping_status":"closed","template":"","meta":[],"yoast_head":"<!-- This site is optimized with the Yoast SEO plugin v18.3 - https:\/\/yoast.com\/wordpress\/plugins\/seo\/ -->\n<title>Conseil de fondation - Swiss GAAP FER<\/title>\n<meta name=\"robots\" content=\"index, follow, max-snippet:-1, max-image-preview:large, max-video-preview:-1\" \/>\n<link rel=\"canonical\" href=\"https:\/\/www.fer.ch\/fr\/a-propos-de-nous\/2371-2\/\" \/>\n<meta property=\"og:locale\" content=\"fr_FR\" \/>\n<meta property=\"og:type\" content=\"article\" \/>\n<meta property=\"og:title\" content=\"Conseil de fondation - Swiss GAAP FER\" \/>\n<meta property=\"og:description\" content=\"[vc_row css=&nbsp;&raquo;.vc_custom_1479480069457{padding-top: 100px !important;}&nbsp;&raquo;][vc_column width=&nbsp;&raquo;2\/3&Prime;][vc_column_text] Le Conseil de fondation Le Conseil de Fondation repr\u00e9sente la fondation. Il est, entre autres, responsable du choix des membres et du pr\u00e9sident de la commission. Le Conseil de Fondation veille \u00e0 ce que les diff\u00e9rentes parties prenantes soient repr\u00e9sent\u00e9es de mani\u00e8re \u00e9quilibr\u00e9e par la commission. Sont compris dans les &hellip;\" \/>\n<meta property=\"og:url\" content=\"https:\/\/www.fer.ch\/fr\/a-propos-de-nous\/2371-2\/\" \/>\n<meta property=\"og:site_name\" content=\"Swiss GAAP FER\" \/>\n<meta property=\"article:modified_time\" content=\"2023-07-25T07:41:56+00:00\" \/>\n<meta name=\"twitter:card\" content=\"summary\" \/>\n<meta name=\"twitter:label1\" content=\"Est. reading time\" \/>\n\t<meta name=\"twitter:data1\" content=\"1 minute\" \/>\n<script type=\"application\/ld+json\" class=\"yoast-schema-graph\">{\"@context\":\"https:\/\/schema.org\",\"@graph\":[{\"@type\":\"WebSite\",\"@id\":\"https:\/\/www.fer.ch\/#website\",\"url\":\"https:\/\/www.fer.ch\/\",\"name\":\"Swiss GAAP FER\",\"description\":\"Fondation pour les recommandations relatives \u00e0 la pr\u00e9sentation des comptes (Swiss GAAP RPC)\",\"potentialAction\":[{\"@type\":\"SearchAction\",\"target\":{\"@type\":\"EntryPoint\",\"urlTemplate\":\"https:\/\/www.fer.ch\/?s={search_term_string}\"},\"query-input\":\"required name=search_term_string\"}],\"inLanguage\":\"fr-FR\"},{\"@type\":\"WebPage\",\"@id\":\"https:\/\/www.fer.ch\/fr\/a-propos-de-nous\/2371-2\/#webpage\",\"url\":\"https:\/\/www.fer.ch\/fr\/a-propos-de-nous\/2371-2\/\",\"name\":\"Conseil de fondation - Swiss GAAP FER\",\"isPartOf\":{\"@id\":\"https:\/\/www.fer.ch\/#website\"},\"datePublished\":\"2016-11-18T13:04:00+00:00\",\"dateModified\":\"2023-07-25T07:41:56+00:00\",\"breadcrumb\":{\"@id\":\"https:\/\/www.fer.ch\/fr\/a-propos-de-nous\/2371-2\/#breadcrumb\"},\"inLanguage\":\"fr-FR\",\"potentialAction\":[{\"@type\":\"ReadAction\",\"target\":[\"https:\/\/www.fer.ch\/fr\/a-propos-de-nous\/2371-2\/\"]}]},{\"@type\":\"BreadcrumbList\",\"@id\":\"https:\/\/www.fer.ch\/fr\/a-propos-de-nous\/2371-2\/#breadcrumb\",\"itemListElement\":[{\"@type\":\"ListItem\",\"position\":1,\"name\":\"Startseite\",\"item\":\"https:\/\/www.fer.ch\/fr\/\"},{\"@type\":\"ListItem\",\"position\":2,\"name\":\"A propos de nous\",\"item\":\"https:\/\/www.fer.ch\/fr\/a-propos-de-nous\/\"},{\"@type\":\"ListItem\",\"position\":3,\"name\":\"Conseil de fondation\"}]}]}<\/script>\n<!-- \/ Yoast SEO plugin. -->","yoast_head_json":{"title":"Conseil de fondation - Swiss GAAP FER","robots":{"index":"index","follow":"follow","max-snippet":"max-snippet:-1","max-image-preview":"max-image-preview:large","max-video-preview":"max-video-preview:-1"},"canonical":"https:\/\/www.fer.ch\/fr\/a-propos-de-nous\/2371-2\/","og_locale":"fr_FR","og_type":"article","og_title":"Conseil de fondation - Swiss GAAP FER","og_description":"[vc_row css=&nbsp;&raquo;.vc_custom_1479480069457{padding-top: 100px !important;}&nbsp;&raquo;][vc_column width=&nbsp;&raquo;2\/3&Prime;][vc_column_text] Le Conseil de fondation Le Conseil de Fondation repr\u00e9sente la fondation. Il est, entre autres, responsable du choix des membres et du pr\u00e9sident de la commission. Le Conseil de Fondation veille \u00e0 ce que les diff\u00e9rentes parties prenantes soient repr\u00e9sent\u00e9es de mani\u00e8re \u00e9quilibr\u00e9e par la commission. Sont compris dans les &hellip;","og_url":"https:\/\/www.fer.ch\/fr\/a-propos-de-nous\/2371-2\/","og_site_name":"Swiss GAAP FER","article_modified_time":"2023-07-25T07:41:56+00:00","twitter_card":"summary","twitter_misc":{"Est. reading time":"1 minute"},"schema":{"@context":"https:\/\/schema.org","@graph":[{"@type":"WebSite","@id":"https:\/\/www.fer.ch\/#website","url":"https:\/\/www.fer.ch\/","name":"Swiss GAAP FER","description":"Fondation pour les recommandations relatives \u00e0 la pr\u00e9sentation des comptes (Swiss GAAP RPC)","potentialAction":[{"@type":"SearchAction","target":{"@type":"EntryPoint","urlTemplate":"https:\/\/www.fer.ch\/?s={search_term_string}"},"query-input":"required name=search_term_string"}],"inLanguage":"fr-FR"},{"@type":"WebPage","@id":"https:\/\/www.fer.ch\/fr\/a-propos-de-nous\/2371-2\/#webpage","url":"https:\/\/www.fer.ch\/fr\/a-propos-de-nous\/2371-2\/","name":"Conseil de fondation - Swiss GAAP FER","isPartOf":{"@id":"https:\/\/www.fer.ch\/#website"},"datePublished":"2016-11-18T13:04:00+00:00","dateModified":"2023-07-25T07:41:56+00:00","breadcrumb":{"@id":"https:\/\/www.fer.ch\/fr\/a-propos-de-nous\/2371-2\/#breadcrumb"},"inLanguage":"fr-FR","potentialAction":[{"@type":"ReadAction","target":["https:\/\/www.fer.ch\/fr\/a-propos-de-nous\/2371-2\/"]}]},{"@type":"BreadcrumbList","@id":"https:\/\/www.fer.ch\/fr\/a-propos-de-nous\/2371-2\/#breadcrumb","itemListElement":[{"@type":"ListItem","position":1,"name":"Startseite","item":"https:\/\/www.fer.ch\/fr\/"},{"@type":"ListItem","position":2,"name":"A propos de nous","item":"https:\/\/www.fer.ch\/fr\/a-propos-de-nous\/"},{"@type":"ListItem","position":3,"name":"Conseil de fondation"}]}]}},"acf":[],"_links":{"self":[{"href":"https:\/\/www.fer.ch\/fr\/wp-json\/wp\/v2\/pages\/2371"}],"collection":[{"href":"https:\/\/www.fer.ch\/fr\/wp-json\/wp\/v2\/pages"}],"about":[{"href":"https:\/\/www.fer.ch\/fr\/wp-json\/wp\/v2\/types\/page"}],"author":[{"embeddable":true,"href":"https:\/\/www.fer.ch\/fr\/wp-json\/wp\/v2\/users\/1"}],"replies":[{"embeddable":true,"href":"https:\/\/www.fer.ch\/fr\/wp-json\/wp\/v2\/comments?post=2371"}],"version-history":[{"count":6,"href":"https:\/\/www.fer.ch\/fr\/wp-json\/wp\/v2\/pages\/2371\/revisions"}],"predecessor-version":[{"id":3708,"href":"https:\/\/www.fer.ch\/fr\/wp-json\/wp\/v2\/pages\/2371\/revisions\/3708"}],"up":[{"embeddable":true,"href":"https:\/\/www.fer.ch\/fr\/wp-json\/wp\/v2\/pages\/1008"}],"wp:attachment":[{"href":"https:\/\/www.fer.ch\/fr\/wp-json\/wp\/v2\/media?parent=2371"}],"curies":[{"name":"wp","href":"https:\/\/api.w.org\/{rel}","templated":true}]}}