{"id":2307,"date":"2016-11-16T15:30:08","date_gmt":"2016-11-16T14:30:08","guid":{"rendered":"https:\/\/www.fer.ch\/fr\/?page_id=2307"},"modified":"2021-10-12T10:42:11","modified_gmt":"2021-10-12T08:42:11","slug":"processus","status":"publish","type":"page","link":"https:\/\/www.fer.ch\/fr\/le-concept\/processus\/","title":{"rendered":"Processus projets"},"content":{"rendered":"<p>[vc_row css=&nbsp;&raquo;.vc_custom_1479307256210{padding-top: 100px !important;}&nbsp;&raquo;][vc_column width=&nbsp;&raquo;2\/3&Prime;][vc_column_text]<\/p>\n<h1 style=\"text-align: left;\">Processus projets<\/h1>\n<p class=\"lead\" style=\"text-align: left;\">Les projets de la fondation pour les recommandations relatives \u00e0 la pr\u00e9sentation des comptes traversent g\u00e9n\u00e9ralement deux phases cons\u00e9cutives:<\/p>\n<p>[\/vc_column_text][\/vc_column][vc_column width=&nbsp;&raquo;1\/3&Prime;][\/vc_column][\/vc_row][vc_row css=&nbsp;&raquo;.vc_custom_1479307244827{padding-top: 50px !important;padding-bottom: 50px !important;}&nbsp;&raquo;][vc_column width=&nbsp;&raquo;1\/2&Prime;][vc_icon color=&nbsp;&raquo;theme-gray-darker&nbsp;&raquo; align=&nbsp;&raquo;center&nbsp;&raquo; caption=&nbsp;&raquo;Phase 1: proc\u00e9dure de v\u00e9rification&nbsp;&raquo; description=&nbsp;&raquo;La proc\u00e9dure de v\u00e9rification est une phase d\u2019avant-projet qui consiste \u00e0 examiner l\u2019actualit\u00e9, la pertinence et l\u2019int\u00e9gralit\u00e9 d\u2019une recommandation existante et\/ou \u00e0 \u00e9tablir un \u00e9tat des lieux pour un th\u00e8me actuel ou un probl\u00e8me important et urgent.&nbsp;&raquo; box_background_style=&nbsp;&raquo;boxed&nbsp;&raquo; box_background_color=&nbsp;&raquo;white&nbsp;&raquo; icon_fer=&nbsp;&raquo;icon-arrow-down&nbsp;&raquo; link=&nbsp;&raquo;url:%23phase1|||&nbsp;&raquo;][\/vc_column][vc_column width=&nbsp;&raquo;1\/2&Prime;][vc_icon color=&nbsp;&raquo;theme-gray-darker&nbsp;&raquo; align=&nbsp;&raquo;center&nbsp;&raquo; caption=&nbsp;&raquo;Phase 2: ex\u00e9cution du projet&nbsp;&raquo; description=&nbsp;&raquo;La phase 2 Ex\u00e9cution du projet est la phase de projet proprement dite au sens classique, dans laquelle une \u00e9bauche de recommandation est \u00e9labor\u00e9e, soumise \u00e0 consultation, adapt\u00e9e et finalement publi\u00e9e.&nbsp;&raquo; box_background_style=&nbsp;&raquo;boxed&nbsp;&raquo; box_background_color=&nbsp;&raquo;white&nbsp;&raquo; icon_fer=&nbsp;&raquo;icon-arrow-down&nbsp;&raquo; link=&nbsp;&raquo;url:%23phase2|||&nbsp;&raquo;][\/vc_column][\/vc_row][vc_row][vc_column width=&nbsp;&raquo;2\/3&Prime;][vc_column_text]<\/p>\n<h2>Choix des th\u00e8mes<\/h2>\n<p>L\u2019actualit\u00e9 et l\u2019importance des probl\u00e8mes dans la pratique de la pr\u00e9sentation des comptes sont d\u00e9terminantes pour le choix des th\u00e8mes. Le Comit\u00e9 d\u2019experts \u00e9labore un programme de travail qui est discut\u00e9 et approuv\u00e9 par la Commission. Le programme de travail comprend les th\u00e8mes \u00e0 traiter, l\u2019urgence du traitement et son cadre temporel.[\/vc_column_text][\/vc_column][vc_column width=&nbsp;&raquo;1\/3&Prime;][\/vc_column][\/vc_row][vc_row full_width=&nbsp;&raquo;stretch_row&nbsp;&raquo; css=&nbsp;&raquo;.vc_custom_1479307549501{margin-right: 1px !important;padding-top: 100px !important;padding-bottom: 100px !important;}&nbsp;&raquo; el_id=&nbsp;&raquo;phase1&Prime;][vc_column width=&nbsp;&raquo;2\/3&Prime; css=&nbsp;&raquo;.vc_custom_1479306882093{margin-right: 20px !important;border-top-width: 3px !important;padding-top: 45px !important;padding-right: 45px !important;padding-left: 45px !important;background-color: #ffffff !important;border-top-color: #ff3333 !important;border-top-style: solid !important;}&nbsp;&raquo;][vc_column_text]<\/p>\n<h2>Phase 1: Proc\u00e9dure de v\u00e9rification<\/h2>\n<p class=\"lead\">La proc\u00e9dure de v\u00e9rification est une phase d\u2019avant-projet qui consiste \u00e0 examiner l\u2019actualit\u00e9, la pertinence et l\u2019int\u00e9gralit\u00e9 d\u2019une recommandation existante et\/ou \u00e0 \u00e9tablir un \u00e9tat des lieux pour un th\u00e8me actuel ou un probl\u00e8me important et urgent.<\/p>\n<p>Une proc\u00e9dure de v\u00e9rification est d\u00e9l\u00e9gu\u00e9e par la Commission au Comit\u00e9 d\u2019experts (dans le cadre de la discussion et du vote du programme de travail du Comit\u00e9 d\u2019experts). Le Comit\u00e9 d\u2019experts est l\u2019organe op\u00e9rationnel qui soutient et surveille le groupe de travail interne engag\u00e9 pour la proc\u00e9dure de v\u00e9rification, traite tous les th\u00e8mes importants et fixe les priorit\u00e9s dans l\u2019esprit de la Commission. Le groupe de travail engag\u00e9 est tenu d\u2019\u00e9tayer le plus largement possible ses informations et analyses et peut tenir \u00e9galement compte d\u2019informations externes comme les r\u00e9actions d\u2019utilisateurs, la litt\u00e9rature universitaire, les opinions d\u2019experts, etc. Selon sa complexit\u00e9 et son \u00e9tendue, une proc\u00e9dure de v\u00e9rification dure entre quelques mois et environ 1 an. Le r\u00e9sultat de la proc\u00e9dure de v\u00e9rification sert \u00e0 la Commission de base de d\u00e9cision pour la d\u00e9termination des \u00e9tapes suivantes, pouvant comporter le lancement d\u2019un projet de remaniement d\u2019une recommandation existante ou l\u2019\u00e9laboration d\u2019une nouvelle recommandation. Les conclusions de la proc\u00e9dure de v\u00e9rification sont communiqu\u00e9es au public.[\/vc_column_text][\/vc_column][vc_column width=&nbsp;&raquo;1\/3&Prime; css=&nbsp;&raquo;.vc_custom_1479306947670{margin-left: 20px !important;border-top-width: 3px !important;padding-top: 45px !important;padding-right: 45px !important;padding-left: 45px !important;background-color: #ffffff !important;border-top-color: #ff3333 !important;border-top-style: solid !important;}&nbsp;&raquo;][vc_column_text]<\/p>\n<h4>Objectifs d\u2019une proc\u00e9dure de v\u00e9rification:<\/h4>\n<ul>\n<li>Garantir l\u2019actualit\u00e9, la pertinence et l\u2019int\u00e9gralit\u00e9 des recommandations<\/li>\n<li>Servir d\u2019aide lors de difficult\u00e9s d\u2019application<\/li>\n<li>Eliminer les lacunes de r\u00e9glementation et les surr\u00e8glementations<\/li>\n<li>Garantir l\u2019utilit\u00e9 pratique des Swiss GAAP RPC<\/li>\n<\/ul>\n<p>[\/vc_column_text][\/vc_column][\/vc_row][vc_row css=&nbsp;&raquo;.vc_custom_1479307557119{padding-top: 100px !important;padding-bottom: 100px !important;}&nbsp;&raquo; el_id=&nbsp;&raquo;phase2&Prime;][vc_column][vc_row_inner][vc_column_inner width=&nbsp;&raquo;2\/3&Prime;][vc_column_text]<\/p>\n<h1>Phase 2: Ex\u00e9cution du projet<\/h1>\n<p class=\"lead\">Selon l\u2019issue de la proc\u00e9dure de v\u00e9rification, la Commission d\u00e9cide d\u2019ex\u00e9cuter un projet, c\u2019est-\u00e0-dire de passer \u00e0 la phase 2. La Commission peut toutefois aussi, apr\u00e8s la proc\u00e9dure de v\u00e9rification, en venir \u00e0 la conclusion qu\u2019aucune adaptation n\u2019est n\u00e9cessaire, de sorte qu\u2019il n\u2019y aura plus aucune \u00e9tape apr\u00e8s la phase 1.<\/p>\n<p class=\"lead\">La dur\u00e9e du projet d\u00e9pend \u00e0 son tour de l\u2019\u00e9tendue du projet, de la complexit\u00e9 et des diff\u00e9rentes exigences des parties prenantes. En moyenne, la phase 2 dure env. 2 ans. Les domaines th\u00e9matiques plus restreints peuvent \u00eatre trait\u00e9s plus rapidement.<\/p>\n<p><strong>La phase d\u2019ex\u00e9cution de projet (phase 2) est subdivis\u00e9e comme suit:<\/strong>[\/vc_column_text][\/vc_column_inner][vc_column_inner width=&nbsp;&raquo;1\/3&Prime;][\/vc_column_inner][\/vc_row_inner][vc_row_inner equal_height=&nbsp;&raquo;yes&nbsp;&raquo; css=&nbsp;&raquo;.vc_custom_1479308095039{margin-right: 1px !important;}&nbsp;&raquo;][vc_column_inner width=&nbsp;&raquo;1\/4&Prime; css=&nbsp;&raquo;.vc_custom_1479377324842{margin-right: 10px !important;border-top-width: 3px !important;padding-top: 20px !important;padding-right: 20px !important;padding-left: 20px !important;background-color: #ffffff !important;border-top-color: #ff3333 !important;border-top-style: solid !important;}&nbsp;&raquo;][vc_column_text]<\/p>\n<h1 style=\"text-align: center;\">0.<\/h1>\n<h4>Proc\u00e9dure de v\u00e9rification\/\u00e9valuation de projet (phase I)<\/h4>\n<p>[\/vc_column_text][\/vc_column_inner][vc_column_inner width=&nbsp;&raquo;1\/4&Prime; css=&nbsp;&raquo;.vc_custom_1479377345738{margin-right: 10px !important;margin-left: 10px !important;border-top-width: 3px !important;padding-top: 20px !important;padding-right: 20px !important;padding-left: 20px !important;background-color: #ffffff !important;border-top-color: #ff3333 !important;border-top-style: solid !important;}&nbsp;&raquo;][vc_column_text]<\/p>\n<h1 style=\"text-align: center;\">1.<\/h1>\n<h4>Etablissement d\u2019une premi\u00e8re \u00e9bauche:<\/h4>\n<p>les sous-commissions mises en \u0153uvre par le Comit\u00e9 d\u2019experts \u00e9laborent une \u00e9bauche \u00e0 l\u2019intention du Comit\u00e9 d\u2019experts.[\/vc_column_text][\/vc_column_inner][vc_column_inner width=&nbsp;&raquo;1\/4&Prime; css=&nbsp;&raquo;.vc_custom_1479377366290{margin-right: 10px !important;margin-left: 10px !important;border-top-width: 3px !important;padding-top: 20px !important;padding-right: 20px !important;padding-left: 20px !important;background-color: #ffffff !important;border-top-color: #ff3333 !important;border-top-style: solid !important;}&nbsp;&raquo;][vc_column_text]<\/p>\n<h1 style=\"text-align: center;\">2.<\/h1>\n<h4>Discussion et remaniement de l\u2019\u00e9bauche:<\/h4>\n<p>le Comit\u00e9 d\u2019experts discute des \u00e9bauches et les remanie avec des repr\u00e9sentants des sous-commissions.[\/vc_column_text][\/vc_column_inner][vc_column_inner width=&nbsp;&raquo;1\/4&Prime; css=&nbsp;&raquo;.vc_custom_1479377383730{margin-left: 10px !important;border-top-width: 3px !important;padding-top: 20px !important;padding-right: 20px !important;padding-left: 20px !important;background-color: #ffffff !important;border-top-color: #ff3333 !important;border-top-style: solid !important;}&nbsp;&raquo;][vc_column_text]<\/p>\n<h1 style=\"text-align: center;\">3.<\/h1>\n<h4>Finalisation et vote de l\u2019\u00e9bauche:<\/h4>\n<p>l\u2019\u00e9bauche de recommandation corrig\u00e9e est trait\u00e9e dans le cadre de la Commission.[\/vc_column_text][\/vc_column_inner][\/vc_row_inner][vc_row_inner equal_height=&nbsp;&raquo;yes&nbsp;&raquo; css=&nbsp;&raquo;.vc_custom_1479308095039{margin-right: 1px !important;}&nbsp;&raquo;][vc_column_inner width=&nbsp;&raquo;1\/4&Prime; css=&nbsp;&raquo;.vc_custom_1479377324842{margin-right: 10px !important;border-top-width: 3px !important;padding-top: 20px !important;padding-right: 20px !important;padding-left: 20px !important;background-color: #ffffff !important;border-top-color: #ff3333 !important;border-top-style: solid !important;}&nbsp;&raquo;][vc_column_text]<\/p>\n<h1 style=\"text-align: center;\">4.<\/h1>\n<h4>Consultation:<\/h4>\n<p>le texte de consultation est publi\u00e9 dans les magazines correspondants ainsi que sur le site Internet des Swiss GAAP RPC.[\/vc_column_text][\/vc_column_inner][vc_column_inner width=&nbsp;&raquo;1\/4&Prime; css=&nbsp;&raquo;.vc_custom_1479377345738{margin-right: 10px !important;margin-left: 10px !important;border-top-width: 3px !important;padding-top: 20px !important;padding-right: 20px !important;padding-left: 20px !important;background-color: #ffffff !important;border-top-color: #ff3333 !important;border-top-style: solid !important;}&nbsp;&raquo;][vc_column_text]<\/p>\n<h1 style=\"text-align: center;\">5.<\/h1>\n<h4>Remaniement de l\u2019\u00e9bauche soumise \u00e0 consultation:<\/h4>\n<p>le Comit\u00e9 d\u2019experts veille \u00e0 ce que les r\u00e9sultats de la consultation soient pris en compte dans l\u2019\u00e9laboration de la version d\u00e9finitive.[\/vc_column_text][\/vc_column_inner][vc_column_inner width=&nbsp;&raquo;1\/4&Prime; css=&nbsp;&raquo;.vc_custom_1479377366290{margin-right: 10px !important;margin-left: 10px !important;border-top-width: 3px !important;padding-top: 20px !important;padding-right: 20px !important;padding-left: 20px !important;background-color: #ffffff !important;border-top-color: #ff3333 !important;border-top-style: solid !important;}&nbsp;&raquo;][vc_column_text]<\/p>\n<h1 style=\"text-align: center;\">6.<\/h1>\n<h4>D\u00e9cision et mise en vigueur de la recommandation:<\/h4>\n<p>une recommandation ne peut \u00eatre mise en vigueur qu\u2019avec l\u2019approbation d\u2019une majorit\u00e9 qualifi\u00e9e de la Commission.[\/vc_column_text][\/vc_column_inner][vc_column_inner width=&nbsp;&raquo;1\/4&Prime;][\/vc_column_inner][\/vc_row_inner][\/vc_column][\/vc_row]<\/p>\n","protected":false},"excerpt":{"rendered":"<p>[vc_row css=&nbsp;&raquo;.vc_custom_1479307256210{padding-top: 100px !important;}&nbsp;&raquo;][vc_column width=&nbsp;&raquo;2\/3&Prime;][vc_column_text] Processus projets Les projets de la fondation pour les recommandations relatives \u00e0 la pr\u00e9sentation des comptes traversent g\u00e9n\u00e9ralement deux phases cons\u00e9cutives: [\/vc_column_text][\/vc_column][vc_column width=&nbsp;&raquo;1\/3&Prime;][\/vc_column][\/vc_row][vc_row css=&nbsp;&raquo;.vc_custom_1479307244827{padding-top: 50px !important;padding-bottom: 50px !important;}&nbsp;&raquo;][vc_column width=&nbsp;&raquo;1\/2&Prime;][vc_icon color=&nbsp;&raquo;theme-gray-darker&nbsp;&raquo; align=&nbsp;&raquo;center&nbsp;&raquo; caption=&nbsp;&raquo;Phase 1: proc\u00e9dure de v\u00e9rification&nbsp;&raquo; description=&nbsp;&raquo;La proc\u00e9dure de v\u00e9rification est une phase d\u2019avant-projet qui consiste \u00e0 examiner l\u2019actualit\u00e9, la &hellip;<\/p>\n","protected":false},"author":1,"featured_media":0,"parent":997,"menu_order":3,"comment_status":"closed","ping_status":"closed","template":"","meta":[],"yoast_head":"<!-- This site is optimized with the Yoast SEO plugin v18.3 - https:\/\/yoast.com\/wordpress\/plugins\/seo\/ -->\n<title>Processus projets - Swiss GAAP FER<\/title>\n<meta name=\"robots\" content=\"index, follow, max-snippet:-1, max-image-preview:large, max-video-preview:-1\" \/>\n<link rel=\"canonical\" href=\"https:\/\/www.fer.ch\/fr\/le-concept\/processus\/\" \/>\n<meta property=\"og:locale\" content=\"fr_FR\" \/>\n<meta property=\"og:type\" content=\"article\" \/>\n<meta property=\"og:title\" content=\"Processus projets - Swiss GAAP FER\" \/>\n<meta property=\"og:description\" content=\"[vc_row css=&nbsp;&raquo;.vc_custom_1479307256210{padding-top: 100px !important;}&nbsp;&raquo;][vc_column width=&nbsp;&raquo;2\/3&Prime;][vc_column_text] Processus projets Les projets de la fondation pour les recommandations relatives \u00e0 la pr\u00e9sentation des comptes traversent g\u00e9n\u00e9ralement deux phases cons\u00e9cutives: [\/vc_column_text][\/vc_column][vc_column width=&nbsp;&raquo;1\/3&Prime;][\/vc_column][\/vc_row][vc_row css=&nbsp;&raquo;.vc_custom_1479307244827{padding-top: 50px !important;padding-bottom: 50px !important;}&nbsp;&raquo;][vc_column width=&nbsp;&raquo;1\/2&Prime;][vc_icon color=&nbsp;&raquo;theme-gray-darker&nbsp;&raquo; align=&nbsp;&raquo;center&nbsp;&raquo; caption=&nbsp;&raquo;Phase 1: proc\u00e9dure de v\u00e9rification&nbsp;&raquo; description=&nbsp;&raquo;La proc\u00e9dure de v\u00e9rification est une phase d\u2019avant-projet qui consiste \u00e0 examiner l\u2019actualit\u00e9, la &hellip;\" \/>\n<meta property=\"og:url\" content=\"https:\/\/www.fer.ch\/fr\/le-concept\/processus\/\" \/>\n<meta property=\"og:site_name\" content=\"Swiss GAAP FER\" \/>\n<meta property=\"article:modified_time\" content=\"2021-10-12T08:42:11+00:00\" \/>\n<meta name=\"twitter:card\" content=\"summary\" \/>\n<meta name=\"twitter:label1\" content=\"Est. reading time\" \/>\n\t<meta name=\"twitter:data1\" content=\"7 minutes\" \/>\n<script type=\"application\/ld+json\" class=\"yoast-schema-graph\">{\"@context\":\"https:\/\/schema.org\",\"@graph\":[{\"@type\":\"WebSite\",\"@id\":\"https:\/\/www.fer.ch\/#website\",\"url\":\"https:\/\/www.fer.ch\/\",\"name\":\"Swiss GAAP FER\",\"description\":\"Fondation pour les recommandations relatives \u00e0 la pr\u00e9sentation des comptes (Swiss GAAP RPC)\",\"potentialAction\":[{\"@type\":\"SearchAction\",\"target\":{\"@type\":\"EntryPoint\",\"urlTemplate\":\"https:\/\/www.fer.ch\/?s={search_term_string}\"},\"query-input\":\"required name=search_term_string\"}],\"inLanguage\":\"fr-FR\"},{\"@type\":\"WebPage\",\"@id\":\"https:\/\/www.fer.ch\/fr\/le-concept\/processus\/#webpage\",\"url\":\"https:\/\/www.fer.ch\/fr\/le-concept\/processus\/\",\"name\":\"Processus projets - Swiss GAAP FER\",\"isPartOf\":{\"@id\":\"https:\/\/www.fer.ch\/#website\"},\"datePublished\":\"2016-11-16T14:30:08+00:00\",\"dateModified\":\"2021-10-12T08:42:11+00:00\",\"breadcrumb\":{\"@id\":\"https:\/\/www.fer.ch\/fr\/le-concept\/processus\/#breadcrumb\"},\"inLanguage\":\"fr-FR\",\"potentialAction\":[{\"@type\":\"ReadAction\",\"target\":[\"https:\/\/www.fer.ch\/fr\/le-concept\/processus\/\"]}]},{\"@type\":\"BreadcrumbList\",\"@id\":\"https:\/\/www.fer.ch\/fr\/le-concept\/processus\/#breadcrumb\",\"itemListElement\":[{\"@type\":\"ListItem\",\"position\":1,\"name\":\"Startseite\",\"item\":\"https:\/\/www.fer.ch\/fr\/\"},{\"@type\":\"ListItem\",\"position\":2,\"name\":\"Le concept\",\"item\":\"https:\/\/www.fer.ch\/fr\/le-concept\/\"},{\"@type\":\"ListItem\",\"position\":3,\"name\":\"Processus projets\"}]}]}<\/script>\n<!-- \/ Yoast SEO plugin. -->","yoast_head_json":{"title":"Processus projets - Swiss GAAP FER","robots":{"index":"index","follow":"follow","max-snippet":"max-snippet:-1","max-image-preview":"max-image-preview:large","max-video-preview":"max-video-preview:-1"},"canonical":"https:\/\/www.fer.ch\/fr\/le-concept\/processus\/","og_locale":"fr_FR","og_type":"article","og_title":"Processus projets - Swiss GAAP FER","og_description":"[vc_row css=&nbsp;&raquo;.vc_custom_1479307256210{padding-top: 100px !important;}&nbsp;&raquo;][vc_column width=&nbsp;&raquo;2\/3&Prime;][vc_column_text] Processus projets Les projets de la fondation pour les recommandations relatives \u00e0 la pr\u00e9sentation des comptes traversent g\u00e9n\u00e9ralement deux phases cons\u00e9cutives: [\/vc_column_text][\/vc_column][vc_column width=&nbsp;&raquo;1\/3&Prime;][\/vc_column][\/vc_row][vc_row css=&nbsp;&raquo;.vc_custom_1479307244827{padding-top: 50px !important;padding-bottom: 50px !important;}&nbsp;&raquo;][vc_column width=&nbsp;&raquo;1\/2&Prime;][vc_icon color=&nbsp;&raquo;theme-gray-darker&nbsp;&raquo; align=&nbsp;&raquo;center&nbsp;&raquo; caption=&nbsp;&raquo;Phase 1: proc\u00e9dure de v\u00e9rification&nbsp;&raquo; description=&nbsp;&raquo;La proc\u00e9dure de v\u00e9rification est une phase d\u2019avant-projet qui consiste \u00e0 examiner l\u2019actualit\u00e9, la &hellip;","og_url":"https:\/\/www.fer.ch\/fr\/le-concept\/processus\/","og_site_name":"Swiss GAAP FER","article_modified_time":"2021-10-12T08:42:11+00:00","twitter_card":"summary","twitter_misc":{"Est. reading time":"7 minutes"},"schema":{"@context":"https:\/\/schema.org","@graph":[{"@type":"WebSite","@id":"https:\/\/www.fer.ch\/#website","url":"https:\/\/www.fer.ch\/","name":"Swiss GAAP FER","description":"Fondation pour les recommandations relatives \u00e0 la pr\u00e9sentation des comptes (Swiss GAAP RPC)","potentialAction":[{"@type":"SearchAction","target":{"@type":"EntryPoint","urlTemplate":"https:\/\/www.fer.ch\/?s={search_term_string}"},"query-input":"required name=search_term_string"}],"inLanguage":"fr-FR"},{"@type":"WebPage","@id":"https:\/\/www.fer.ch\/fr\/le-concept\/processus\/#webpage","url":"https:\/\/www.fer.ch\/fr\/le-concept\/processus\/","name":"Processus projets - Swiss GAAP FER","isPartOf":{"@id":"https:\/\/www.fer.ch\/#website"},"datePublished":"2016-11-16T14:30:08+00:00","dateModified":"2021-10-12T08:42:11+00:00","breadcrumb":{"@id":"https:\/\/www.fer.ch\/fr\/le-concept\/processus\/#breadcrumb"},"inLanguage":"fr-FR","potentialAction":[{"@type":"ReadAction","target":["https:\/\/www.fer.ch\/fr\/le-concept\/processus\/"]}]},{"@type":"BreadcrumbList","@id":"https:\/\/www.fer.ch\/fr\/le-concept\/processus\/#breadcrumb","itemListElement":[{"@type":"ListItem","position":1,"name":"Startseite","item":"https:\/\/www.fer.ch\/fr\/"},{"@type":"ListItem","position":2,"name":"Le concept","item":"https:\/\/www.fer.ch\/fr\/le-concept\/"},{"@type":"ListItem","position":3,"name":"Processus projets"}]}]}},"acf":[],"_links":{"self":[{"href":"https:\/\/www.fer.ch\/fr\/wp-json\/wp\/v2\/pages\/2307"}],"collection":[{"href":"https:\/\/www.fer.ch\/fr\/wp-json\/wp\/v2\/pages"}],"about":[{"href":"https:\/\/www.fer.ch\/fr\/wp-json\/wp\/v2\/types\/page"}],"author":[{"embeddable":true,"href":"https:\/\/www.fer.ch\/fr\/wp-json\/wp\/v2\/users\/1"}],"replies":[{"embeddable":true,"href":"https:\/\/www.fer.ch\/fr\/wp-json\/wp\/v2\/comments?post=2307"}],"version-history":[{"count":5,"href":"https:\/\/www.fer.ch\/fr\/wp-json\/wp\/v2\/pages\/2307\/revisions"}],"predecessor-version":[{"id":12979,"href":"https:\/\/www.fer.ch\/fr\/wp-json\/wp\/v2\/pages\/2307\/revisions\/12979"}],"up":[{"embeddable":true,"href":"https:\/\/www.fer.ch\/fr\/wp-json\/wp\/v2\/pages\/997"}],"wp:attachment":[{"href":"https:\/\/www.fer.ch\/fr\/wp-json\/wp\/v2\/media?parent=2307"}],"curies":[{"name":"wp","href":"https:\/\/api.w.org\/{rel}","templated":true}]}}