{"id":2288,"date":"2016-11-16T14:55:59","date_gmt":"2016-11-16T13:55:59","guid":{"rendered":"https:\/\/www.fer.ch\/fr\/?page_id=2288"},"modified":"2022-04-07T13:44:09","modified_gmt":"2022-04-07T11:44:09","slug":"criteries","status":"publish","type":"page","link":"https:\/\/www.fer.ch\/fr\/le-concept\/criteries\/","title":{"rendered":"Crit&egrave;res"},"content":{"rendered":"<p>[vc_row css=&nbsp;&raquo;.vc_custom_1479304768514{padding-top: 100px !important;}&nbsp;&raquo;][vc_column width=&nbsp;&raquo;2\/3&Prime;][vc_column_text]<\/p>\n<h1>Crit\u00e8re d\u2019application des RPC fondamentales<\/h1>\n<p>Une entit\u00e9 peut appliquer les RPC fondamentales d\u00e8s lors que, au cours de deux exercices successifs, elle ne d\u00e9passe pas deux des crit\u00e8res suivants:[\/vc_column_text][\/vc_column][vc_column width=&nbsp;&raquo;1\/3&Prime;][\/vc_column][\/vc_row][vc_row css=&nbsp;&raquo;.vc_custom_1480060594343{padding-top: 50px !important;padding-bottom: 100px !important;}&nbsp;&raquo;][vc_column width=&nbsp;&raquo;1\/3&Prime;][vc_column_text css_animation=&nbsp;&raquo;countup&nbsp;&raquo;]<\/p>\n<h2 style=\"text-align: center;\">10 000 000 CHF<\/h2>\n<p class=\"lead\" style=\"text-align: center;\">total du bilan<\/p>\n<p>[\/vc_column_text][\/vc_column][vc_column width=&nbsp;&raquo;1\/3&Prime;][vc_column_text css_animation=&nbsp;&raquo;countup&nbsp;&raquo;]<\/p>\n<h2 style=\"text-align: center;\">20 000 000 CHF<\/h2>\n<p class=\"lead\" style=\"text-align: center;\">chiffre d\u2019affaires<\/p>\n<p>[\/vc_column_text][\/vc_column][vc_column width=&nbsp;&raquo;1\/3&Prime;][vc_column_text css_animation=&nbsp;&raquo;countup&nbsp;&raquo;]<\/p>\n<h2 style=\"text-align: center;\">50\u00a0emplois<\/h2>\n<p class=\"lead\" style=\"text-align: center;\">\u00e0 plein temps en moyenne annuelle<\/p>\n<p>[\/vc_column_text][\/vc_column][\/vc_row][vc_row css=&nbsp;&raquo;.vc_custom_1479304776962{padding-bottom: 100px !important;}&nbsp;&raquo;][vc_column][vc_row_inner equal_height=&nbsp;&raquo;yes&nbsp;&raquo; css=&nbsp;&raquo;.vc_custom_1478262707049{margin-right: 1px !important;margin-left: 0px !important;}&nbsp;&raquo;][vc_column_inner width=&nbsp;&raquo;1\/2&Prime; css=&nbsp;&raquo;.vc_custom_1478262550702{margin-right: 20px !important;border-top-width: 3px !important;padding-top: 45px !important;padding-right: 45px !important;padding-left: 45px !important;background-color: #ffffff !important;border-top-color: #ff3333 !important;border-top-style: solid !important;}&nbsp;&raquo;][vc_column_text]<\/p>\n<h3>Les groupes<\/h3>\n<p>Les groupes doivent \u00e9galement appliquer la Swiss GAAP RPC 30 \u00abComptes consolid\u00e9s\u00bb. Toutes les r\u00e8gles qui concernent la consolidation sont regroup\u00e9es dans cette recommandation. Les groupes doivent par cons\u00e9quent respecter en tant que petites entit\u00e9s (selon les crit\u00e8res de taille de la Swiss GAAP RPC 1 \u00abPrincipes\u00bb) les RPC fondamentales et la Swiss GAAP RPC 30 et, en tant qu\u2019entit\u00e9s de taille moyenne, les RPC fondamentales, les autres Swiss GAAP RPC et la Swiss GAAP RPC 30.[\/vc_column_text][\/vc_column_inner][vc_column_inner width=&nbsp;&raquo;1\/2&Prime; css=&nbsp;&raquo;.vc_custom_1478262561716{margin-left: 20px !important;border-top-width: 3px !important;padding-top: 45px !important;padding-right: 45px !important;padding-left: 45px !important;background-color: #ffffff !important;border-top-color: #ff3333 !important;border-top-style: solid !important;}&nbsp;&raquo;][vc_column_text]<\/p>\n<h3>Les soci\u00e9t\u00e9s cot\u00e9es<\/h3>\n<p>Les soci\u00e9t\u00e9s cot\u00e9es doivent maintenant respecter la Swiss GAAP RPC 31 \u00abRecommandation compl\u00e9mentaire pour les soci\u00e9t\u00e9s cot\u00e9es\u00bb. L\u2019utilisation exclusive des RPC fondamentales pour les soci\u00e9t\u00e9s cot\u00e9es n\u2019est pas autoris\u00e9e. [\/vc_column_text][\/vc_column_inner][\/vc_row_inner][\/vc_column][\/vc_row]<\/p>\n","protected":false},"excerpt":{"rendered":"<p>[vc_row css=&nbsp;&raquo;.vc_custom_1479304768514{padding-top: 100px !important;}&nbsp;&raquo;][vc_column width=&nbsp;&raquo;2\/3&Prime;][vc_column_text] Crit\u00e8re d\u2019application des RPC fondamentales Une entit\u00e9 peut appliquer les RPC fondamentales d\u00e8s lors que, au cours de deux exercices successifs, elle ne d\u00e9passe pas deux des crit\u00e8res suivants:[\/vc_column_text][\/vc_column][vc_column width=&nbsp;&raquo;1\/3&Prime;][\/vc_column][\/vc_row][vc_row css=&nbsp;&raquo;.vc_custom_1480060594343{padding-top: 50px !important;padding-bottom: 100px !important;}&nbsp;&raquo;][vc_column width=&nbsp;&raquo;1\/3&Prime;][vc_column_text css_animation=&nbsp;&raquo;countup&nbsp;&raquo;] 10 000 000 CHF total du bilan [\/vc_column_text][\/vc_column][vc_column width=&nbsp;&raquo;1\/3&Prime;][vc_column_text css_animation=&nbsp;&raquo;countup&nbsp;&raquo;] 20 000 000 &hellip;<\/p>\n","protected":false},"author":1,"featured_media":0,"parent":997,"menu_order":0,"comment_status":"closed","ping_status":"closed","template":"","meta":[],"yoast_head":"<!-- This site is optimized with the Yoast SEO plugin v18.3 - https:\/\/yoast.com\/wordpress\/plugins\/seo\/ -->\n<title>Crit\u00e8res - Swiss GAAP FER<\/title>\n<meta name=\"robots\" content=\"index, follow, max-snippet:-1, max-image-preview:large, max-video-preview:-1\" \/>\n<link rel=\"canonical\" href=\"https:\/\/www.fer.ch\/fr\/le-concept\/criteries\/\" \/>\n<meta property=\"og:locale\" content=\"fr_FR\" \/>\n<meta property=\"og:type\" content=\"article\" \/>\n<meta property=\"og:title\" content=\"Crit\u00e8res - Swiss GAAP FER\" \/>\n<meta property=\"og:description\" content=\"[vc_row css=&nbsp;&raquo;.vc_custom_1479304768514{padding-top: 100px !important;}&nbsp;&raquo;][vc_column width=&nbsp;&raquo;2\/3&Prime;][vc_column_text] Crit\u00e8re d\u2019application des RPC fondamentales Une entit\u00e9 peut appliquer les RPC fondamentales d\u00e8s lors que, au cours de deux exercices successifs, elle ne d\u00e9passe pas deux des crit\u00e8res suivants:[\/vc_column_text][\/vc_column][vc_column width=&nbsp;&raquo;1\/3&Prime;][\/vc_column][\/vc_row][vc_row css=&nbsp;&raquo;.vc_custom_1480060594343{padding-top: 50px !important;padding-bottom: 100px !important;}&nbsp;&raquo;][vc_column width=&nbsp;&raquo;1\/3&Prime;][vc_column_text css_animation=&nbsp;&raquo;countup&nbsp;&raquo;] 10 000 000 CHF total du bilan [\/vc_column_text][\/vc_column][vc_column width=&nbsp;&raquo;1\/3&Prime;][vc_column_text css_animation=&nbsp;&raquo;countup&nbsp;&raquo;] 20 000 000 &hellip;\" \/>\n<meta property=\"og:url\" content=\"https:\/\/www.fer.ch\/fr\/le-concept\/criteries\/\" \/>\n<meta property=\"og:site_name\" content=\"Swiss GAAP FER\" \/>\n<meta property=\"article:modified_time\" content=\"2022-04-07T11:44:09+00:00\" \/>\n<meta name=\"twitter:card\" content=\"summary\" \/>\n<meta name=\"twitter:label1\" content=\"Est. reading time\" \/>\n\t<meta name=\"twitter:data1\" content=\"2 minutes\" \/>\n<script type=\"application\/ld+json\" class=\"yoast-schema-graph\">{\"@context\":\"https:\/\/schema.org\",\"@graph\":[{\"@type\":\"WebSite\",\"@id\":\"https:\/\/www.fer.ch\/#website\",\"url\":\"https:\/\/www.fer.ch\/\",\"name\":\"Swiss GAAP FER\",\"description\":\"Fondation pour les recommandations relatives \u00e0 la pr\u00e9sentation des comptes (Swiss GAAP RPC)\",\"potentialAction\":[{\"@type\":\"SearchAction\",\"target\":{\"@type\":\"EntryPoint\",\"urlTemplate\":\"https:\/\/www.fer.ch\/?s={search_term_string}\"},\"query-input\":\"required name=search_term_string\"}],\"inLanguage\":\"fr-FR\"},{\"@type\":\"WebPage\",\"@id\":\"https:\/\/www.fer.ch\/fr\/le-concept\/criteries\/#webpage\",\"url\":\"https:\/\/www.fer.ch\/fr\/le-concept\/criteries\/\",\"name\":\"Crit\u00e8res - Swiss GAAP FER\",\"isPartOf\":{\"@id\":\"https:\/\/www.fer.ch\/#website\"},\"datePublished\":\"2016-11-16T13:55:59+00:00\",\"dateModified\":\"2022-04-07T11:44:09+00:00\",\"breadcrumb\":{\"@id\":\"https:\/\/www.fer.ch\/fr\/le-concept\/criteries\/#breadcrumb\"},\"inLanguage\":\"fr-FR\",\"potentialAction\":[{\"@type\":\"ReadAction\",\"target\":[\"https:\/\/www.fer.ch\/fr\/le-concept\/criteries\/\"]}]},{\"@type\":\"BreadcrumbList\",\"@id\":\"https:\/\/www.fer.ch\/fr\/le-concept\/criteries\/#breadcrumb\",\"itemListElement\":[{\"@type\":\"ListItem\",\"position\":1,\"name\":\"Startseite\",\"item\":\"https:\/\/www.fer.ch\/fr\/\"},{\"@type\":\"ListItem\",\"position\":2,\"name\":\"Le concept\",\"item\":\"https:\/\/www.fer.ch\/fr\/le-concept\/\"},{\"@type\":\"ListItem\",\"position\":3,\"name\":\"Crit&egrave;res\"}]}]}<\/script>\n<!-- \/ Yoast SEO plugin. -->","yoast_head_json":{"title":"Crit\u00e8res - Swiss GAAP FER","robots":{"index":"index","follow":"follow","max-snippet":"max-snippet:-1","max-image-preview":"max-image-preview:large","max-video-preview":"max-video-preview:-1"},"canonical":"https:\/\/www.fer.ch\/fr\/le-concept\/criteries\/","og_locale":"fr_FR","og_type":"article","og_title":"Crit\u00e8res - Swiss GAAP FER","og_description":"[vc_row css=&nbsp;&raquo;.vc_custom_1479304768514{padding-top: 100px !important;}&nbsp;&raquo;][vc_column width=&nbsp;&raquo;2\/3&Prime;][vc_column_text] Crit\u00e8re d\u2019application des RPC fondamentales Une entit\u00e9 peut appliquer les RPC fondamentales d\u00e8s lors que, au cours de deux exercices successifs, elle ne d\u00e9passe pas deux des crit\u00e8res suivants:[\/vc_column_text][\/vc_column][vc_column width=&nbsp;&raquo;1\/3&Prime;][\/vc_column][\/vc_row][vc_row css=&nbsp;&raquo;.vc_custom_1480060594343{padding-top: 50px !important;padding-bottom: 100px !important;}&nbsp;&raquo;][vc_column width=&nbsp;&raquo;1\/3&Prime;][vc_column_text css_animation=&nbsp;&raquo;countup&nbsp;&raquo;] 10 000 000 CHF total du bilan [\/vc_column_text][\/vc_column][vc_column width=&nbsp;&raquo;1\/3&Prime;][vc_column_text css_animation=&nbsp;&raquo;countup&nbsp;&raquo;] 20 000 000 &hellip;","og_url":"https:\/\/www.fer.ch\/fr\/le-concept\/criteries\/","og_site_name":"Swiss GAAP FER","article_modified_time":"2022-04-07T11:44:09+00:00","twitter_card":"summary","twitter_misc":{"Est. reading time":"2 minutes"},"schema":{"@context":"https:\/\/schema.org","@graph":[{"@type":"WebSite","@id":"https:\/\/www.fer.ch\/#website","url":"https:\/\/www.fer.ch\/","name":"Swiss GAAP FER","description":"Fondation pour les recommandations relatives \u00e0 la pr\u00e9sentation des comptes (Swiss GAAP RPC)","potentialAction":[{"@type":"SearchAction","target":{"@type":"EntryPoint","urlTemplate":"https:\/\/www.fer.ch\/?s={search_term_string}"},"query-input":"required name=search_term_string"}],"inLanguage":"fr-FR"},{"@type":"WebPage","@id":"https:\/\/www.fer.ch\/fr\/le-concept\/criteries\/#webpage","url":"https:\/\/www.fer.ch\/fr\/le-concept\/criteries\/","name":"Crit\u00e8res - Swiss GAAP FER","isPartOf":{"@id":"https:\/\/www.fer.ch\/#website"},"datePublished":"2016-11-16T13:55:59+00:00","dateModified":"2022-04-07T11:44:09+00:00","breadcrumb":{"@id":"https:\/\/www.fer.ch\/fr\/le-concept\/criteries\/#breadcrumb"},"inLanguage":"fr-FR","potentialAction":[{"@type":"ReadAction","target":["https:\/\/www.fer.ch\/fr\/le-concept\/criteries\/"]}]},{"@type":"BreadcrumbList","@id":"https:\/\/www.fer.ch\/fr\/le-concept\/criteries\/#breadcrumb","itemListElement":[{"@type":"ListItem","position":1,"name":"Startseite","item":"https:\/\/www.fer.ch\/fr\/"},{"@type":"ListItem","position":2,"name":"Le concept","item":"https:\/\/www.fer.ch\/fr\/le-concept\/"},{"@type":"ListItem","position":3,"name":"Crit&egrave;res"}]}]}},"acf":[],"_links":{"self":[{"href":"https:\/\/www.fer.ch\/fr\/wp-json\/wp\/v2\/pages\/2288"}],"collection":[{"href":"https:\/\/www.fer.ch\/fr\/wp-json\/wp\/v2\/pages"}],"about":[{"href":"https:\/\/www.fer.ch\/fr\/wp-json\/wp\/v2\/types\/page"}],"author":[{"embeddable":true,"href":"https:\/\/www.fer.ch\/fr\/wp-json\/wp\/v2\/users\/1"}],"replies":[{"embeddable":true,"href":"https:\/\/www.fer.ch\/fr\/wp-json\/wp\/v2\/comments?post=2288"}],"version-history":[{"count":6,"href":"https:\/\/www.fer.ch\/fr\/wp-json\/wp\/v2\/pages\/2288\/revisions"}],"predecessor-version":[{"id":14536,"href":"https:\/\/www.fer.ch\/fr\/wp-json\/wp\/v2\/pages\/2288\/revisions\/14536"}],"up":[{"embeddable":true,"href":"https:\/\/www.fer.ch\/fr\/wp-json\/wp\/v2\/pages\/997"}],"wp:attachment":[{"href":"https:\/\/www.fer.ch\/fr\/wp-json\/wp\/v2\/media?parent=2288"}],"curies":[{"name":"wp","href":"https:\/\/api.w.org\/{rel}","templated":true}]}}