{"id":17275,"date":"2025-02-18T11:33:55","date_gmt":"2025-02-18T10:33:55","guid":{"rendered":"https:\/\/www.fer.ch\/a-propos-de-nous\/la-fondation-pour-les-recommandations-relatives-a-la-presentation-des-comptes-rpc-fete-ses-40-ans\/"},"modified":"2025-02-18T14:03:30","modified_gmt":"2025-02-18T13:03:30","slug":"la-fondation-pour-les-recommandations-relatives-a-la-presentation-des-comptes-rpc-fete-ses-40-ans","status":"publish","type":"page","link":"https:\/\/www.fer.ch\/fr\/a-propos-de-nous\/la-fondation-pour-les-recommandations-relatives-a-la-presentation-des-comptes-rpc-fete-ses-40-ans\/","title":{"rendered":"La fondation pour les recommandations relatives &agrave; la pr&eacute;sentation des comptes (RPC) f&ecirc;te ses 40 ans"},"content":{"rendered":"<p>[vc_row][vc_column width=&nbsp;&raquo;1\/2&Prime;][vc_column_text]<\/p>\n<h2>De l&rsquo;outsider au mod\u00e8le \u00e0 succ\u00e8s<\/h2>\n<p>La Fondation pour les recommandations relatives \u00e0 la pr\u00e9sentation des comptes (RPC) a \u00e9t\u00e9 cr\u00e9\u00e9e en 1984 par le professeur Andr\u00e9 Z\u00fcnd en collaboration avec la Chambre fiduciaire de l&rsquo;\u00e9poque (aujourd&rsquo;hui EXPERTsuisse). Le passage d&rsquo;un outsider d\u00e9rangeant, remettant en question les traditions ancestrales, \u00e0 une norme comptable \u00e9tablie, y compris dans un environnement cot\u00e9 en bourse, a \u00e9t\u00e9 &#8211; et est toujours ! &#8211; marqu\u00e9 par de nombreux d\u00e9fis. On peut identifier les phases suivantes :<\/p>\n<ol>\n<li>Phase de cr\u00e9ation (1984 \u00e0 1992)<br \/>\nInspir\u00e9e par les d\u00e9veloppements internationaux, notamment aux \u00c9tats-Unis, et par la lenteur de la r\u00e9forme du droit des soci\u00e9t\u00e9s anonymes, la Fondation pour les recommandations relatives \u00e0 la pr\u00e9sentation des comptes est cr\u00e9\u00e9e en 1984. L&rsquo;objectif des recommandations est tout d&rsquo;abord de concr\u00e9tiser les dispositions l\u00e9gales en compl\u00e9ment des normes g\u00e9n\u00e9rales de pr\u00e9sentation des comptes d\u00e9finies par le l\u00e9gislateur, qui restent souples.<\/li>\n<li>Phase d&rsquo;expansion (1993 \u00e0 2007)<br \/>\nAfin de suivre les \u00e9volutions en Europe et aux \u00c9tats-Unis, les RPC se rapprochent de plus en plus du principe de \u00ab True and Fair View \u00bb dans les ann\u00e9es 1990 &#8211; avec parfois une forte r\u00e9sistance de la part des utilisateurs. L&rsquo;application obligatoire des IAS pour les entreprises cot\u00e9es dans l&rsquo;UE entra\u00eene un tournant en 2005, qui d\u00e9bouche \u00e9galement sur une r\u00e9orientation des Swiss GAAP RPC.<\/li>\n<li>Stabilisation (2008 \u00e0 2017)<br \/>\nLa r\u00e9glementation parfois excessive dans l&rsquo;environnement international conduit \u00e0 un renforcement des Swiss GAAP RPC, dont l&rsquo;orientation sur les principes se caract\u00e9rise par un grand pragmatisme. L&rsquo;adoubement intervient en 2013, lorsque les Swiss GAAP RPC sont \u00e9lev\u00e9es au rang de norme comptable reconnue par la loi.<\/li>\n<li>Un degr\u00e9 de maturit\u00e9 \u00e9lev\u00e9 et un bouleversement qui s&rsquo;annonce (depuis 2018)<br \/>\nAlors que le rapport financier se caract\u00e9rise par un degr\u00e9 de maturit\u00e9 de plus en plus \u00e9lev\u00e9 (remaniement de la Swiss GAAP RPC 30 et de la Swiss GAAP RPC 16) et par un d\u00e9veloppement seulement ponctuel (par ex. Swiss GAAP RPC 28), l&rsquo;accent se d\u00e9place de plus en plus vers le rapport de durabilit\u00e9. La fondation RPC s&rsquo;attaque tr\u00e8s t\u00f4t \u00e0 cette nouvelle th\u00e9matique et se positionne clairement avec son document de discussion et son guide sur le d\u00e9veloppement durable.<\/li>\n<\/ol>\n<p>Vous trouverez de plus amples informations sur le parcours passionnant des Swiss GAAP RPC dans <a href=\"https:\/\/www.fer.ch\/content\/uploads\/2024\/10\/SwissAccounting_Wissen_Rechnungslegung_FER_Jubilaeum_FR.pdf\">l&rsquo;article<\/a> d&rsquo;A. Mitterlechner, C. Christen et P. Leibfried, paru en octobre 2024 dans les revues sp\u00e9cialis\u00e9es.<\/p>\n<p>La Fondation RPC remercie tous ceux qui l&rsquo;ont soutenue dans sa d\u00e9marche et ont ainsi permis le d\u00e9veloppement d&rsquo;une norme comptable suisse ind\u00e9pendante, en particulier les membres actuels et anciens des organes RPC, les utilisateurs et les membres du <a href=\"https:\/\/www.fer.ch\/fr\/a-propos-de-nous\/patron\/\">groupe de soutien<\/a>.[\/vc_column_text][\/vc_column][vc_column width=&nbsp;&raquo;1\/2&Prime;][vc_single_image image=&nbsp;&raquo;17012&Prime; img_size=&nbsp;&raquo;445&#215;566&Prime; add_caption=&nbsp;&raquo;yes&nbsp;&raquo; alignment=&nbsp;&raquo;center&nbsp;&raquo;][\/vc_column][\/vc_row][vc_row][vc_column width=&nbsp;&raquo;1\/2&Prime; css=&nbsp;&raquo;@media (min-width: 1200px) { .vc_custom_1731585089887{margin-top: 30px !important;}}&nbsp;&raquo;][vc_single_image image=&nbsp;&raquo;16964&Prime; img_size=&nbsp;&raquo;600&#215;375&Prime; add_caption=&nbsp;&raquo;yes&nbsp;&raquo; alignment=&nbsp;&raquo;center&nbsp;&raquo;][vc_single_image image=&nbsp;&raquo;16969&Prime; img_size=&nbsp;&raquo;600&#215;375&Prime; add_caption=&nbsp;&raquo;yes&nbsp;&raquo; alignment=&nbsp;&raquo;center&nbsp;&raquo;][vc_single_image image=&nbsp;&raquo;16989&Prime; img_size=&nbsp;&raquo;600&#215;375&Prime; add_caption=&nbsp;&raquo;yes&nbsp;&raquo; alignment=&nbsp;&raquo;center&nbsp;&raquo;][\/vc_column][vc_column width=&nbsp;&raquo;1\/2&Prime;][vc_column_text]<\/p>\n<h2>Une s\u00e9lection d&rsquo;articles parus dans des revues sp\u00e9cialis\u00e9es<\/h2>\n<p>Pour retracer l&rsquo;\u00e9volution des recommandations relatives \u00e0 la pr\u00e9sentation des comptes, le Comit\u00e9 d&rsquo;experts a \u00e9tabli une s\u00e9lection d&rsquo;articles parus au cours des quatre derni\u00e8res d\u00e9cennies dans des revues sp\u00e9cialis\u00e9es renomm\u00e9es. La fondation RPC remercie ici chaleureusement l&rsquo;EXPERT FOCUS d&rsquo;EXPERTsuisse, le TREX de Treuhand|Suisse et le Standard de SwissAccounting pour leur excellente collaboration. Sans la possibilit\u00e9 de publier r\u00e9guli\u00e8rement dans ces trois magazines sp\u00e9cialis\u00e9s, il serait beaucoup plus difficile pour la fondation RPC d&rsquo;atteindre son public cible.<\/p>\n<ul>\n<li><b>Z\u00fcnd (1985)<\/b>: Z\u00fcnd Andr\u00e9, \u00abFachempfehlungen zur Rechnungslegung in der Schweiz (FER)\u00bb, Der Schweizer Treuh\u00e4nder, 9\/1985, pp. 252-254. <a href=\"https:\/\/www.fer.ch\/content\/uploads\/2024\/11\/Zuend-FER-1985.pdf\">\u2913<\/a><\/li>\n<li><b>Canepa (1991)<\/b>: Canepa Ancillo, \u00abFER Nrn. 6, 7 und 8 in der Vernehmlassung: Die FER auf dem Weg zur EG-Gleichwertigkeit.\u00bb, Der Schweizer Treuh\u00e4nder, 12\/1991, pp. 687-690. <a href=\"https:\/\/www.fer.ch\/content\/uploads\/2024\/11\/Canepa_1991_FER-6-8-Vernehmlassung_small.pdf\">\u2913<\/a><\/li>\n<li><strong>Bertschinger (1997)<\/strong>: Bertschinger Peter, \u00abKonzernrechnungslegung und -pr\u00fcfung in dynamischem Umfeld &#8211; FER f\u00fcr k\u00fcnftige Regulierung wegweisend\u00bb, Der Schweizer Treuh\u00e4nder, 5\/1997, pp. 375-387. <a href=\"https:\/\/www.fer.ch\/content\/uploads\/2024\/11\/Bertschinger_1997-KRuPruefung.pdf\">\u2913<\/a><\/li>\n<li><b>Behr (2000)<\/b>: Behr Giorgio, \u00abRechnungslegung in der Schweiz &#8211; wohin f\u00fchrt die Reise? Das Rechnungslegungs- und Revisionsgesetz &#8211; eine ideale Erg\u00e4nzung zu den erfolgreichen FER\u00bb, Der Schweizer Treuh\u00e4nder, 4\/200, pp. 263-268. <a href=\"https:\/\/www.fer.ch\/content\/uploads\/2024\/11\/Behr_2000_4_Rechnungslegung_in_der_Schweiz_wohin_fuehrt_die_Reise.pdf\">\u2913<\/a><\/li>\n<li><b>Fark\/Eberle (2002)<\/b>: Fark Johannes, Eberle Reto, \u00abDer Umbau des Aquariums f\u00fcr die Kanarienv\u00f6gel\u2026 \u2013 \u2026 oder wie die Rechnungslegung auf den Kopf gestellte werden muss, damit sie die T\u00e4tigkeit einer Nonprofit-Organisation angemessen abbildet\u00bb, Der Schweizer Treuh\u00e4nder, 6-7\/2002, pp. 553-560. <a href=\"https:\/\/www.fer.ch\/content\/uploads\/2024\/11\/Fark-Eberle_2002_6-7_Der_Umbau_des_Aquariums_fuer_die_Kanarienvoegel.pdf\">\u2913<\/a><\/li>\n<li><b>Meyer (2003)<\/b>: Meyer Conrad, \u00abStandortbestimmung zur Rechnungslegung aus Sicht der Swiss GAAP FER \u2013 30\u2019000 KMU als Potential f\u00fcr Swiss GAAP FER\u00bb, Der Schweizer Treuh\u00e4nder, 3\/2003, pp. 101-108. <a href=\"https:\/\/www.fer.ch\/content\/uploads\/2024\/11\/Meyer_2003_3_Standortbestimmung_zur_Rechnungslegung_aus_FER-Sicht.pdf\">\u2913<\/a><\/li>\n<li><b>Meyer\/Teitler (2004)<\/b>: Meyer Conrad, Teitler Evelyne, \u00abSwiss GAAP FER auf dem Weg zum eigenen Profil \u2013 Accounting Standard f\u00fcr KMU\u00bb, Der Schweizer Treuh\u00e4nder, 9\/2004, pp. 715-726. <a href=\"https:\/\/www.fer.ch\/content\/uploads\/2024\/11\/Meyer-Teitler-2004_9_Swiss_GAAP_FER_auf_dem_Weg_zu_einem_eigenen_Profil.pdf\">\u2913<\/a><\/li>\n<li><b>Meyer\/Eberle (2005)<\/b>: Meyer Conrad, Eberle Reto, \u00abGesamt\u00fcberarbeitung Swiss GAAP FER \u2013 Kern-FER in der Vernehmlassung\u00bb, Der Schweizer Treuh\u00e4nder, 12\/2005, pp. 1001-1004. <a href=\"https:\/\/www.fer.ch\/content\/uploads\/2024\/11\/Meyer_Eberle_2005_12_Gesamtueberarbeitung_Swiss_GAAP_FER.pdf\">\u2913<\/a><\/li>\n<li><b>Boemle (2006)<\/b>: Boemle Max, \u00ab20 Jahre Fachempfehlungen f\u00fcr die Rechnungslegung: R\u00fcckblick und Ausblick\u00bb, Der Schweizer Treuh\u00e4nder, 1-2\/2006, pp. 8-14. <a href=\"https:\/\/www.fer.ch\/content\/uploads\/2024\/11\/Boemle_2006_1-2_20_Jahre_Fachempfehlungen_fuer_die_Rechnungslegung.pdf\">\u2913<\/a><\/li>\n<li><b>Leibfried (2007)<\/b>: Leibfried Peter, \u00abSwiss GAAP FER f\u00fcr Europa!\u00bb, Der Schweizer Treuh\u00e4nder, 8\/2007, pp. 509-510. <a href=\"https:\/\/www.fer.ch\/content\/uploads\/2024\/11\/Leibfried_2007_8_SWISS_GAAP_FER_fuer_Europa.pdf\">\u2913<\/a><\/li>\n<li><b>Behr (2010)<\/b>: Behr Giorgio, \u00ab25 Jahre FER \u2013 Entwicklung der Rechnungslegung in 4 Phasen\u00bb, Der Schweizer Treuh\u00e4nder, 1-2\/2010, pp. 24-26. <a href=\"https:\/\/www.fer.ch\/content\/uploads\/2024\/11\/Behr_2010_1-2_25_Jahre_FER_Entwicklung_der_Rechnungslegung_in_4_Phasen.pdf\">\u2913<\/a><\/li>\n<li><b>Leibfried (2016)<\/b>: Leibfried Peter, \u00abSwiss GAAP FER \u2013 Vision 2020 \u2013 Qualitativ hochstehende Rechnungslegung f\u00fcr eine aktive Gemeinschaft von Anwendern\u00bb, EXPERT FOCUS, 3\/2016, pp. 120-123. <a href=\"https:\/\/www.fer.ch\/content\/uploads\/2024\/11\/Leibfried_2016_3_Swiss_GAAP_FER_-_Vision_2020.pdf\">\u2913<\/a><\/li>\n<li><b>Behr (2018):<\/b> Behr Giorgio, \u00abGedanken zum Standardsetting \u2013 Ein R\u00fcckblick zum Standardsetting in der Schweiz aus der Sicht des Pr\u00e4sidenten des Stiftungsrats FER\u00bb, EXPERT FOCUS, 5\/2018, pp. 352-356. <a href=\"https:\/\/www.fer.ch\/content\/uploads\/2024\/11\/Behr_2018_5_Gedanken_zum_Standardsetting.pdf\">\u2913<\/a><\/li>\n<li><b>Leibfried (2024)<\/b>: Leibfried Peter, \u00abQuestions ouvertes selon les Swiss GAAP RPC\u00bb, veb.ch Standard, 1\/2024, pp. 16-17. <a href=\"https:\/\/www.fer.ch\/content\/uploads\/2024\/04\/Questions-ouvertes-RPC-veb-PL-fr.pdf\">\u2913<\/a><\/li>\n<li><b>Mitterlechner\/Christen\/Leibfried (2024):<\/b> Mitterlechner Andrea, Christen Carlos, Leibfried Peter, \u00abQuatre d\u00e9cennies au service de la pr\u00e9sentation des comptes: Une r\u00e9trospective de 40 ans des Swiss GAAP RPC\u00bb, SwissAccounting Standard, 3\/2024, pp. 16-19. <a href=\"https:\/\/www.fer.ch\/content\/uploads\/2024\/10\/SwissAccounting_Wissen_Rechnungslegung_FER_Jubilaeum_FR.pdf\">\u2913<\/a><\/li>\n<\/ul>\n<p>[\/vc_column_text][\/vc_column][\/vc_row][vc_row][vc_column width=&nbsp;&raquo;1\/2&Prime;][vc_column_text]<\/p>\n<h2>Historique des recommandations<\/h2>\n<p>Le 40\u00e8me anniversaire de la Fondation RPC a \u00e9t\u00e9 l&rsquo;occasion d&rsquo;entamer un travail syst\u00e9matique sur l&rsquo;histoire des recommandations.<\/p>\n<p>D&rsquo;une part, une vue d&rsquo;ensemble chronologique des recommandations a \u00e9t\u00e9 \u00e9tablie \u00e0 l&rsquo;aide des brochures RPC de 1985 \u00e0 2023 et en recourant ponctuellement aux proc\u00e8s-verbaux dans les archives. Cette vue d&rsquo;ensemble pr\u00e9sente \u00e9galement de mani\u00e8re appropri\u00e9e sous forme de graphique quand quelles normes de pr\u00e9sentation des comptes ont \u00e9t\u00e9 ajout\u00e9es et comment elles ont \u00e9volu\u00e9 au fil du temps (y compris une \u00e9ventuelle abrogation).<\/p>\n<p>D&rsquo;autre part, on a commenc\u00e9 \u00e0 retracer en d\u00e9tail l&rsquo;histoire de la cr\u00e9ation des diff\u00e9rentes recommandations. Les discussions au sein du Comit\u00e9 d&rsquo;experts montrent toujours qu&rsquo;il peut \u00eatre important de comprendre les raisons pour lesquelles une recommandation a \u00e9t\u00e9 \u00e9dict\u00e9e ou adapt\u00e9e ult\u00e9rieurement. Parfois, les organes RPC ont explicitement cherch\u00e9 \u00e0 se rapprocher des r\u00e8gles contenues dans les normes comptables internationales, parfois ils ont d\u00e9lib\u00e9r\u00e9ment pris leurs distances. Actuellement, l&rsquo;historique des recommandations suivantes est disponible (uniquement en allemand):<\/p>\n<ul>\n<li><a href=\"https:\/\/www.fer.ch\/fr\/standards\/swiss-gaap-rpc-16-engagement-de-prevoyance\/\">Swiss GAAP RPC 16 \u00abEngagements de pr\u00e9voyance\u00bb<\/a><\/li>\n<li><a href=\"https:\/\/www.fer.ch\/fr\/standards\/swiss-gaap-rpc-18-les-immobilisations-corporelles\/\">Swiss GAAP RPC 18 \u00abImmobilisations corporelles\u00bb<\/a><\/li>\n<li><a href=\"https:\/\/www.fer.ch\/standards\/swiss-gaap-fer-30-konzernrechnung\/\">Swiss GAAP RPC 30 \u00abComptes consolid\u00e9s\u00bb<\/a><\/li>\n<\/ul>\n<p>[\/vc_column_text][\/vc_column][vc_column width=&nbsp;&raquo;1\/2&Prime;][vc_single_image image=&nbsp;&raquo;16948&Prime; img_size=&nbsp;&raquo;400&#215;566&Prime; add_caption=&nbsp;&raquo;yes&nbsp;&raquo; alignment=&nbsp;&raquo;center&nbsp;&raquo;][\/vc_column][\/vc_row]<\/p>\n","protected":false},"excerpt":{"rendered":"<p>[vc_row][vc_column width=&nbsp;&raquo;1\/2&Prime;][vc_column_text] De l&rsquo;outsider au mod\u00e8le \u00e0 succ\u00e8s La Fondation pour les recommandations relatives \u00e0 la pr\u00e9sentation des comptes (RPC) a \u00e9t\u00e9 cr\u00e9\u00e9e en 1984 par le professeur Andr\u00e9 Z\u00fcnd en collaboration avec la Chambre fiduciaire de l&rsquo;\u00e9poque (aujourd&rsquo;hui EXPERTsuisse). Le passage d&rsquo;un outsider d\u00e9rangeant, remettant en question les traditions ancestrales, \u00e0 une norme comptable &hellip;<\/p>\n","protected":false},"author":2,"featured_media":0,"parent":1008,"menu_order":0,"comment_status":"closed","ping_status":"closed","template":"","meta":[],"yoast_head":"<!-- This site is optimized with the Yoast SEO plugin v18.3 - https:\/\/yoast.com\/wordpress\/plugins\/seo\/ -->\n<title>La fondation pour les recommandations relatives \u00e0 la pr\u00e9sentation des comptes (RPC) f\u00eate ses 40 ans - Swiss GAAP FER<\/title>\n<meta name=\"robots\" content=\"index, follow, max-snippet:-1, max-image-preview:large, max-video-preview:-1\" \/>\n<link rel=\"canonical\" href=\"https:\/\/www.fer.ch\/ueber-uns\/40-jahre-stiftung-fuer-fachempfehlungen-zur-rechnungslegung-fer\/\" \/>\n<meta property=\"og:locale\" content=\"fr_FR\" \/>\n<meta property=\"og:type\" content=\"article\" \/>\n<meta property=\"og:title\" content=\"La fondation pour les recommandations relatives \u00e0 la pr\u00e9sentation des comptes (RPC) f\u00eate ses 40 ans - Swiss GAAP FER\" \/>\n<meta property=\"og:description\" content=\"[vc_row][vc_column width=&nbsp;&raquo;1\/2&Prime;][vc_column_text] De l&rsquo;outsider au mod\u00e8le \u00e0 succ\u00e8s La Fondation pour les recommandations relatives \u00e0 la pr\u00e9sentation des comptes (RPC) a \u00e9t\u00e9 cr\u00e9\u00e9e en 1984 par le professeur Andr\u00e9 Z\u00fcnd en collaboration avec la Chambre fiduciaire de l&rsquo;\u00e9poque (aujourd&rsquo;hui EXPERTsuisse). Le passage d&rsquo;un outsider d\u00e9rangeant, remettant en question les traditions ancestrales, \u00e0 une norme comptable &hellip;\" \/>\n<meta property=\"og:url\" content=\"https:\/\/www.fer.ch\/ueber-uns\/40-jahre-stiftung-fuer-fachempfehlungen-zur-rechnungslegung-fer\/\" \/>\n<meta property=\"og:site_name\" content=\"Swiss GAAP FER\" \/>\n<meta property=\"article:modified_time\" content=\"2025-02-18T13:03:30+00:00\" \/>\n<meta name=\"twitter:card\" content=\"summary\" \/>\n<meta name=\"twitter:label1\" content=\"Est. reading time\" \/>\n\t<meta name=\"twitter:data1\" content=\"6 minutes\" \/>\n<script type=\"application\/ld+json\" class=\"yoast-schema-graph\">{\"@context\":\"https:\/\/schema.org\",\"@graph\":[{\"@type\":\"WebSite\",\"@id\":\"https:\/\/www.fer.ch\/#website\",\"url\":\"https:\/\/www.fer.ch\/\",\"name\":\"Swiss GAAP FER\",\"description\":\"Fondation pour les recommandations relatives \u00e0 la pr\u00e9sentation des comptes (Swiss GAAP RPC)\",\"potentialAction\":[{\"@type\":\"SearchAction\",\"target\":{\"@type\":\"EntryPoint\",\"urlTemplate\":\"https:\/\/www.fer.ch\/?s={search_term_string}\"},\"query-input\":\"required name=search_term_string\"}],\"inLanguage\":\"fr-FR\"},{\"@type\":\"WebPage\",\"@id\":\"https:\/\/www.fer.ch\/ueber-uns\/40-jahre-stiftung-fuer-fachempfehlungen-zur-rechnungslegung-fer\/#webpage\",\"url\":\"https:\/\/www.fer.ch\/ueber-uns\/40-jahre-stiftung-fuer-fachempfehlungen-zur-rechnungslegung-fer\/\",\"name\":\"La fondation pour les recommandations relatives \u00e0 la pr\u00e9sentation des comptes (RPC) f\u00eate ses 40 ans - Swiss GAAP FER\",\"isPartOf\":{\"@id\":\"https:\/\/www.fer.ch\/#website\"},\"datePublished\":\"2025-02-18T10:33:55+00:00\",\"dateModified\":\"2025-02-18T13:03:30+00:00\",\"breadcrumb\":{\"@id\":\"https:\/\/www.fer.ch\/ueber-uns\/40-jahre-stiftung-fuer-fachempfehlungen-zur-rechnungslegung-fer\/#breadcrumb\"},\"inLanguage\":\"fr-FR\",\"potentialAction\":[{\"@type\":\"ReadAction\",\"target\":[\"https:\/\/www.fer.ch\/ueber-uns\/40-jahre-stiftung-fuer-fachempfehlungen-zur-rechnungslegung-fer\/\"]}]},{\"@type\":\"BreadcrumbList\",\"@id\":\"https:\/\/www.fer.ch\/ueber-uns\/40-jahre-stiftung-fuer-fachempfehlungen-zur-rechnungslegung-fer\/#breadcrumb\",\"itemListElement\":[{\"@type\":\"ListItem\",\"position\":1,\"name\":\"Startseite\",\"item\":\"https:\/\/www.fer.ch\/fr\/\"},{\"@type\":\"ListItem\",\"position\":2,\"name\":\"A propos de nous\",\"item\":\"https:\/\/www.fer.ch\/fr\/a-propos-de-nous\/\"},{\"@type\":\"ListItem\",\"position\":3,\"name\":\"La fondation pour les recommandations relatives &agrave; la pr&eacute;sentation des comptes (RPC) f&ecirc;te ses 40 ans\"}]}]}<\/script>\n<!-- \/ Yoast SEO plugin. -->","yoast_head_json":{"title":"La fondation pour les recommandations relatives \u00e0 la pr\u00e9sentation des comptes (RPC) f\u00eate ses 40 ans - Swiss GAAP FER","robots":{"index":"index","follow":"follow","max-snippet":"max-snippet:-1","max-image-preview":"max-image-preview:large","max-video-preview":"max-video-preview:-1"},"canonical":"https:\/\/www.fer.ch\/ueber-uns\/40-jahre-stiftung-fuer-fachempfehlungen-zur-rechnungslegung-fer\/","og_locale":"fr_FR","og_type":"article","og_title":"La fondation pour les recommandations relatives \u00e0 la pr\u00e9sentation des comptes (RPC) f\u00eate ses 40 ans - Swiss GAAP FER","og_description":"[vc_row][vc_column width=&nbsp;&raquo;1\/2&Prime;][vc_column_text] De l&rsquo;outsider au mod\u00e8le \u00e0 succ\u00e8s La Fondation pour les recommandations relatives \u00e0 la pr\u00e9sentation des comptes (RPC) a \u00e9t\u00e9 cr\u00e9\u00e9e en 1984 par le professeur Andr\u00e9 Z\u00fcnd en collaboration avec la Chambre fiduciaire de l&rsquo;\u00e9poque (aujourd&rsquo;hui EXPERTsuisse). Le passage d&rsquo;un outsider d\u00e9rangeant, remettant en question les traditions ancestrales, \u00e0 une norme comptable &hellip;","og_url":"https:\/\/www.fer.ch\/ueber-uns\/40-jahre-stiftung-fuer-fachempfehlungen-zur-rechnungslegung-fer\/","og_site_name":"Swiss GAAP FER","article_modified_time":"2025-02-18T13:03:30+00:00","twitter_card":"summary","twitter_misc":{"Est. reading time":"6 minutes"},"schema":{"@context":"https:\/\/schema.org","@graph":[{"@type":"WebSite","@id":"https:\/\/www.fer.ch\/#website","url":"https:\/\/www.fer.ch\/","name":"Swiss GAAP FER","description":"Fondation pour les recommandations relatives \u00e0 la pr\u00e9sentation des comptes (Swiss GAAP RPC)","potentialAction":[{"@type":"SearchAction","target":{"@type":"EntryPoint","urlTemplate":"https:\/\/www.fer.ch\/?s={search_term_string}"},"query-input":"required name=search_term_string"}],"inLanguage":"fr-FR"},{"@type":"WebPage","@id":"https:\/\/www.fer.ch\/ueber-uns\/40-jahre-stiftung-fuer-fachempfehlungen-zur-rechnungslegung-fer\/#webpage","url":"https:\/\/www.fer.ch\/ueber-uns\/40-jahre-stiftung-fuer-fachempfehlungen-zur-rechnungslegung-fer\/","name":"La fondation pour les recommandations relatives \u00e0 la pr\u00e9sentation des comptes (RPC) f\u00eate ses 40 ans - Swiss GAAP FER","isPartOf":{"@id":"https:\/\/www.fer.ch\/#website"},"datePublished":"2025-02-18T10:33:55+00:00","dateModified":"2025-02-18T13:03:30+00:00","breadcrumb":{"@id":"https:\/\/www.fer.ch\/ueber-uns\/40-jahre-stiftung-fuer-fachempfehlungen-zur-rechnungslegung-fer\/#breadcrumb"},"inLanguage":"fr-FR","potentialAction":[{"@type":"ReadAction","target":["https:\/\/www.fer.ch\/ueber-uns\/40-jahre-stiftung-fuer-fachempfehlungen-zur-rechnungslegung-fer\/"]}]},{"@type":"BreadcrumbList","@id":"https:\/\/www.fer.ch\/ueber-uns\/40-jahre-stiftung-fuer-fachempfehlungen-zur-rechnungslegung-fer\/#breadcrumb","itemListElement":[{"@type":"ListItem","position":1,"name":"Startseite","item":"https:\/\/www.fer.ch\/fr\/"},{"@type":"ListItem","position":2,"name":"A propos de nous","item":"https:\/\/www.fer.ch\/fr\/a-propos-de-nous\/"},{"@type":"ListItem","position":3,"name":"La fondation pour les recommandations relatives &agrave; la pr&eacute;sentation des comptes (RPC) f&ecirc;te ses 40 ans"}]}]}},"acf":[],"_links":{"self":[{"href":"https:\/\/www.fer.ch\/fr\/wp-json\/wp\/v2\/pages\/17275"}],"collection":[{"href":"https:\/\/www.fer.ch\/fr\/wp-json\/wp\/v2\/pages"}],"about":[{"href":"https:\/\/www.fer.ch\/fr\/wp-json\/wp\/v2\/types\/page"}],"author":[{"embeddable":true,"href":"https:\/\/www.fer.ch\/fr\/wp-json\/wp\/v2\/users\/2"}],"replies":[{"embeddable":true,"href":"https:\/\/www.fer.ch\/fr\/wp-json\/wp\/v2\/comments?post=17275"}],"version-history":[{"count":5,"href":"https:\/\/www.fer.ch\/fr\/wp-json\/wp\/v2\/pages\/17275\/revisions"}],"predecessor-version":[{"id":17298,"href":"https:\/\/www.fer.ch\/fr\/wp-json\/wp\/v2\/pages\/17275\/revisions\/17298"}],"up":[{"embeddable":true,"href":"https:\/\/www.fer.ch\/fr\/wp-json\/wp\/v2\/pages\/1008"}],"wp:attachment":[{"href":"https:\/\/www.fer.ch\/fr\/wp-json\/wp\/v2\/media?parent=17275"}],"curies":[{"name":"wp","href":"https:\/\/api.w.org\/{rel}","templated":true}]}}