{"id":1008,"date":"2016-10-24T14:27:50","date_gmt":"2016-10-24T12:27:50","guid":{"rendered":"https:\/\/www.fer.ch\/fr\/?page_id=1008"},"modified":"2023-12-18T14:35:08","modified_gmt":"2023-12-18T13:35:08","slug":"a-propos-de-nous","status":"publish","type":"page","link":"https:\/\/www.fer.ch\/fr\/a-propos-de-nous\/","title":{"rendered":"A propos de nous"},"content":{"rendered":"<p>[vc_row css=&nbsp;&raquo;.vc_custom_1479226081866{padding-top: 100px !important;}&nbsp;&raquo;][vc_column][vc_column_text]<\/p>\n<h1>A propos de nous<\/h1>\n<p>[\/vc_column_text][\/vc_column][\/vc_row][vc_row css=&nbsp;&raquo;.vc_custom_1486392693654{padding-bottom: 50px !important;}&nbsp;&raquo;][vc_column width=&nbsp;&raquo;2\/3&Prime;][vc_column_text]<\/p>\n<p class=\"lead\">C\u2019est \u00e0 l\u2019initiative de la Chambre fiduciaire (association professionnelle des experts comptables, fiduciaires et fiscaux), par l\u2019interm\u00e9diaire du professeur Andr\u00e9 Z\u00fcnd (\u2020) de l&rsquo;Universit\u00e9 de St-Gall, que l\u2019id\u00e9e a \u00e9t\u00e9 lanc\u00e9e, vers le milieu des ann\u00e9es 80, de cr\u00e9er une institution ind\u00e9pendante qui s\u2019occuperait de d\u00e9velopper des normes de pr\u00e9sentation des comptes en Suisse.<\/p>\n<p>Le but d\u00e9clar\u00e9 de cette institution \u00e9tait (et il en est toujours ainsi) d\u2019am\u00e9liorer la comparabilit\u00e9 des comptes annuels et la qualit\u00e9 de l\u2019information ainsi que de rapprocher le plus possible les normes suisses des normes internationales de pr\u00e9sentation des comptes.<\/p>\n<p>Les normes Swiss GAAP RPC doivent donner, comme principe g\u00e9n\u00e9ral, une image fid\u00e8le du patrimoine, de la situation financi\u00e8re ainsi que des r\u00e9sultats (fair presentation, true and fair view).<\/p>\n<p>Le budget de la Commission RPC est modeste. Etant donn\u00e9 que tous les membres, y compris ceux du Comit\u00e9 d\u2019experts, le secr\u00e9taire et le pr\u00e9sident, travaillent \u00e0 titre b\u00e9n\u00e9vole, la Commission finance ses d\u00e9penses en premier lieu par le produit de la vente de ses publications ainsi que par des dons d\u2019institutions. Les recommandations en vigueur ainsi que les projets publi\u00e9s des nouvelles recommandations sont disponibles dans des ouvrages broch\u00e9s (en fran\u00e7ais, en allemand, en anglais et en italien).[\/vc_column_text][\/vc_column][vc_column width=&nbsp;&raquo;1\/3&Prime;][vc_icon color=&nbsp;&raquo;theme-gray-darker&nbsp;&raquo; size=&nbsp;&raquo;xl&nbsp;&raquo; align=&nbsp;&raquo;center&nbsp;&raquo; caption=&nbsp;&raquo;Le Conseil de fondation&nbsp;&raquo; box_background_style=&nbsp;&raquo;boxed&nbsp;&raquo; box_background_color=&nbsp;&raquo;white&nbsp;&raquo; link=&nbsp;&raquo;url:https%3A%2F%2Fwww.fer.ch%2Ffr%2Fa-propos-de-nous%2F2371-2%2F|||&nbsp;&raquo; icon_fer=&nbsp;&raquo;icon-contacts-1&Prime;][\/vc_column][\/vc_row][vc_row css=&nbsp;&raquo;.vc_custom_1479225982088{padding-bottom: 100px !important;}&nbsp;&raquo;][vc_column][vc_row_inner][vc_column_inner width=&nbsp;&raquo;1\/3&Prime;][vc_icon color=&nbsp;&raquo;theme-gray-darker&nbsp;&raquo; size=&nbsp;&raquo;xl&nbsp;&raquo; align=&nbsp;&raquo;center&nbsp;&raquo; caption=&nbsp;&raquo;Mod\u00e8le&nbsp;&raquo; box_background_style=&nbsp;&raquo;boxed&nbsp;&raquo; box_background_color=&nbsp;&raquo;white&nbsp;&raquo; icon_fer=&nbsp;&raquo;icon-clipboard-1&Prime; link=&nbsp;&raquo;url:https%3A%2F%2Fwww.fer.ch%2Ffr%2Fa-propos-de-nous%2Fmodele%2F|||&nbsp;&raquo;][\/vc_column_inner][vc_column_inner width=&nbsp;&raquo;1\/3&Prime;][vc_icon color=&nbsp;&raquo;theme-gray-darker&nbsp;&raquo; size=&nbsp;&raquo;xl&nbsp;&raquo; align=&nbsp;&raquo;center&nbsp;&raquo; caption=&nbsp;&raquo;La Fondation&nbsp;&raquo; box_background_style=&nbsp;&raquo;boxed&nbsp;&raquo; box_background_color=&nbsp;&raquo;white&nbsp;&raquo; icon_fer=&nbsp;&raquo;icon-temple&nbsp;&raquo; link=&nbsp;&raquo;url:https%3A%2F%2Fwww.fer.ch%2Ffr%2Fa-propos-de-nous%2Ffondation%2F|||&nbsp;&raquo;][\/vc_column_inner][vc_column_inner width=&nbsp;&raquo;1\/3&Prime;][vc_icon color=&nbsp;&raquo;theme-gray-darker&nbsp;&raquo; size=&nbsp;&raquo;xl&nbsp;&raquo; align=&nbsp;&raquo;center&nbsp;&raquo; caption=&nbsp;&raquo;Nos membres&nbsp;&raquo; box_background_style=&nbsp;&raquo;boxed&nbsp;&raquo; box_background_color=&nbsp;&raquo;white&nbsp;&raquo; link=&nbsp;&raquo;url:https%3A%2F%2Fwww.fer.ch%2Ffr%2Fa-propos-de-nous%2Fmembres%2F|||&nbsp;&raquo; icon_fer=&nbsp;&raquo;icon-user-star-2&Prime;][\/vc_column_inner][\/vc_row_inner][vc_row_inner][vc_column_inner width=&nbsp;&raquo;1\/3&Prime;][vc_icon color=&nbsp;&raquo;theme-gray-darker&nbsp;&raquo; size=&nbsp;&raquo;xl&nbsp;&raquo; align=&nbsp;&raquo;center&nbsp;&raquo; caption=&nbsp;&raquo;Secr\u00e9tariat&nbsp;&raquo; box_background_style=&nbsp;&raquo;boxed&nbsp;&raquo; box_background_color=&nbsp;&raquo;white&nbsp;&raquo; icon_fer=&nbsp;&raquo;icon-user-setting-2&Prime; link=&nbsp;&raquo;url:https%3A%2F%2Fwww.fer.ch%2Ffr%2Fa-propos-de-nous%2Fsecretariat%2F|||&nbsp;&raquo;][\/vc_column_inner][vc_column_inner width=&nbsp;&raquo;1\/3&Prime;][vc_icon color=&nbsp;&raquo;theme-gray-darker&nbsp;&raquo; size=&nbsp;&raquo;xl&nbsp;&raquo; align=&nbsp;&raquo;center&nbsp;&raquo; caption=&nbsp;&raquo;Nos observateurs&nbsp;&raquo; box_background_style=&nbsp;&raquo;boxed&nbsp;&raquo; box_background_color=&nbsp;&raquo;white&nbsp;&raquo; icon_fer=&nbsp;&raquo;icon-user-search-2&Prime; link=&nbsp;&raquo;url:https%3A%2F%2Fwww.fer.ch%2Ffr%2Fa-propos-de-nous%2Fobservateur%2F|||&nbsp;&raquo;][\/vc_column_inner][vc_column_inner width=&nbsp;&raquo;1\/3&Prime;][vc_icon color=&nbsp;&raquo;theme-gray-darker&nbsp;&raquo; size=&nbsp;&raquo;xl&nbsp;&raquo; align=&nbsp;&raquo;center&nbsp;&raquo; caption=&nbsp;&raquo;Les publications&nbsp;&raquo; box_background_style=&nbsp;&raquo;boxed&nbsp;&raquo; box_background_color=&nbsp;&raquo;white&nbsp;&raquo; icon_fer=&nbsp;&raquo;icon-document&nbsp;&raquo; link=&nbsp;&raquo;url:https%3A%2F%2Fwww.fer.ch%2Ffr%2Fa-propos-de-nous%2Fpublications%2F|||&nbsp;&raquo;][\/vc_column_inner][\/vc_row_inner][vc_row_inner][vc_column_inner width=&nbsp;&raquo;1\/3&Prime;][vc_icon color=&nbsp;&raquo;theme-gray-darker&nbsp;&raquo; size=&nbsp;&raquo;xl&nbsp;&raquo; align=&nbsp;&raquo;center&nbsp;&raquo; caption=&nbsp;&raquo;Nos m\u00e9c\u00e8nes&nbsp;&raquo; box_background_style=&nbsp;&raquo;boxed&nbsp;&raquo; box_background_color=&nbsp;&raquo;white&nbsp;&raquo; icon_fer=&nbsp;&raquo;icon-user-heart-2&Prime; link=&nbsp;&raquo;url:https%3A%2F%2Fwww.fer.ch%2Ffr%2Fa-propos-de-nous%2Fpatron%2F|||&nbsp;&raquo;][\/vc_column_inner][vc_column_inner width=&nbsp;&raquo;1\/3&Prime;][vc_icon color=&nbsp;&raquo;theme-gray-darker&nbsp;&raquo; size=&nbsp;&raquo;xl&nbsp;&raquo; align=&nbsp;&raquo;center&nbsp;&raquo; caption=&nbsp;&raquo;Nouvelles&nbsp;&raquo; box_background_style=&nbsp;&raquo;boxed&nbsp;&raquo; box_background_color=&nbsp;&raquo;white&nbsp;&raquo; icon_fer=&nbsp;&raquo;icon-newspaper-2&Prime; link=&nbsp;&raquo;url:https%3A%2F%2Fwww.fer.ch%2Ffr%2Fa-propos-de-nous%2Fnouvelles%2F|||&nbsp;&raquo;][\/vc_column_inner][vc_column_inner width=&nbsp;&raquo;1\/3&Prime;][\/vc_column_inner][\/vc_row_inner][\/vc_column][\/vc_row][vc_row full_width=&nbsp;&raquo;stretch_row&nbsp;&raquo; css=&nbsp;&raquo;.vc_custom_1479226358971{padding-top: 100px !important;padding-bottom: 100px !important;background-color: #ffffff !important;}&nbsp;&raquo;][vc_column][vc_column_text]<\/p>\n<h1 style=\"text-align: left;\">Structure organisationnelle<\/h1>\n<p>[\/vc_column_text][\/vc_column][\/vc_row][vc_row css=&nbsp;&raquo;.vc_custom_1485887815730{background-color: #ffffff !important;}&nbsp;&raquo;][vc_column width=&nbsp;&raquo;2\/3&Prime;][vc_column_text]<a href=\"https:\/\/www.fer.ch\/content\/uploads\/2017\/01\/01-organisationschart-fr-001.png\" rel=\"attachment wp-att-3561\"><img loading=\"lazy\" class=\"alignnone wp-image-3561 size-full\" src=\"https:\/\/www.fer.ch\/content\/uploads\/2017\/01\/01-organisationschart-fr-001.png\" width=\"1992\" height=\"1370\" srcset=\"https:\/\/www.fer.ch\/content\/uploads\/2017\/01\/01-organisationschart-fr-001.png 1992w, https:\/\/www.fer.ch\/content\/uploads\/2017\/01\/01-organisationschart-fr-001-300x206.png 300w, https:\/\/www.fer.ch\/content\/uploads\/2017\/01\/01-organisationschart-fr-001-768x528.png 768w, https:\/\/www.fer.ch\/content\/uploads\/2017\/01\/01-organisationschart-fr-001-1024x704.png 1024w\" sizes=\"(max-width: 1992px) 100vw, 1992px\" \/><\/a>[\/vc_column_text][\/vc_column][vc_column width=&nbsp;&raquo;1\/3&Prime;][vc_column_text]<\/p>\n<ol>\n<li>Le Conseil de fondation est l\u2019organe dirigeant supr\u00eame de la Fondation pour les recommandations relatives \u00e0 la pr\u00e9sentation des comptes. L\u2019\u00e9lection des membres de la Commission, la publication du r\u00e8glement d\u2019organisation, la surveillance des activit\u00e9s de la fondation et l\u2019approbation des comptes annuels font partie de ses principales t\u00e2ches.<\/li>\n<li>La Commission est l\u2019organe responsable de l\u2019\u00e9dition des Swiss GAAP RPC. Elle assume entre autres les t\u00e2ches suivantes:<br \/>\n\u2013 \u00e9lection du Comit\u00e9 d\u2019experts<br \/>\n\u2013 approbation du programme de travail<br \/>\n\u2013 d\u00e9livrance d\u2019ordres au comit\u00e9 d\u2019experts<br \/>\n\u2013 discussion des avant-projets pr\u00e9sent\u00e9s<br \/>\n\u2013 vote des projets pour les Swiss GAAP RPC<\/li>\n<li>Les autorit\u00e9s coop\u00e8rent \u00e0 la Commission par l\u2019interm\u00e9diaire d\u2019observateurs (sans droit de vote).<\/li>\n<li>Le secr\u00e9taire soutient le pr\u00e9sident de la Commission et le Comit\u00e9 d\u2019experts dans toutes les t\u00e2ches techniques et administratives.<\/li>\n<li>Les assistants sont des collaborateurs de projet employ\u00e9s aux universit\u00e9s de Saint-Gall et Zurich qui soutiennent la fondation RPC en cas de besoin.<\/li>\n<li>Le Comit\u00e9 d\u2019experts est l\u2019organe de pr\u00e9paration et ex\u00e9cutif de la Commission.<\/li>\n<li>Le Comit\u00e9 d\u2019experts peut, pour l\u2019\u00e9laboration d\u2019une Swiss GAAP RPC, constituer une sous-commission int\u00e9grant des experts externes dont la mission se termine g\u00e9n\u00e9ralement par l\u2019approbation d\u2019une Swiss GAAP RPC par la Commission.<\/li>\n<\/ol>\n<p>[\/vc_column_text][\/vc_column][\/vc_row]<\/p>\n","protected":false},"excerpt":{"rendered":"<p>[vc_row css=&nbsp;&raquo;.vc_custom_1479226081866{padding-top: 100px !important;}&nbsp;&raquo;][vc_column][vc_column_text] A propos de nous [\/vc_column_text][\/vc_column][\/vc_row][vc_row css=&nbsp;&raquo;.vc_custom_1486392693654{padding-bottom: 50px !important;}&nbsp;&raquo;][vc_column width=&nbsp;&raquo;2\/3&Prime;][vc_column_text] C\u2019est \u00e0 l\u2019initiative de la Chambre fiduciaire (association professionnelle des experts comptables, fiduciaires et fiscaux), par l\u2019interm\u00e9diaire du professeur Andr\u00e9 Z\u00fcnd (\u2020) de l&rsquo;Universit\u00e9 de St-Gall, que l\u2019id\u00e9e a \u00e9t\u00e9 lanc\u00e9e, vers le milieu des ann\u00e9es 80, de cr\u00e9er une institution ind\u00e9pendante &hellip;<\/p>\n","protected":false},"author":1,"featured_media":0,"parent":0,"menu_order":0,"comment_status":"closed","ping_status":"closed","template":"","meta":[],"yoast_head":"<!-- This site is optimized with the Yoast SEO plugin v18.3 - https:\/\/yoast.com\/wordpress\/plugins\/seo\/ -->\n<title>A propos de nous - Swiss GAAP FER<\/title>\n<meta name=\"robots\" content=\"index, follow, max-snippet:-1, max-image-preview:large, max-video-preview:-1\" \/>\n<link rel=\"canonical\" href=\"https:\/\/www.fer.ch\/fr\/a-propos-de-nous\/\" \/>\n<meta property=\"og:locale\" content=\"fr_FR\" \/>\n<meta property=\"og:type\" content=\"article\" \/>\n<meta property=\"og:title\" content=\"A propos de nous - Swiss GAAP FER\" \/>\n<meta property=\"og:description\" content=\"[vc_row css=&nbsp;&raquo;.vc_custom_1479226081866{padding-top: 100px !important;}&nbsp;&raquo;][vc_column][vc_column_text] A propos de nous [\/vc_column_text][\/vc_column][\/vc_row][vc_row css=&nbsp;&raquo;.vc_custom_1486392693654{padding-bottom: 50px !important;}&nbsp;&raquo;][vc_column width=&nbsp;&raquo;2\/3&Prime;][vc_column_text] C\u2019est \u00e0 l\u2019initiative de la Chambre fiduciaire (association professionnelle des experts comptables, fiduciaires et fiscaux), par l\u2019interm\u00e9diaire du professeur Andr\u00e9 Z\u00fcnd (\u2020) de l&rsquo;Universit\u00e9 de St-Gall, que l\u2019id\u00e9e a \u00e9t\u00e9 lanc\u00e9e, vers le milieu des ann\u00e9es 80, de cr\u00e9er une institution ind\u00e9pendante &hellip;\" \/>\n<meta property=\"og:url\" content=\"https:\/\/www.fer.ch\/fr\/a-propos-de-nous\/\" \/>\n<meta property=\"og:site_name\" content=\"Swiss GAAP FER\" \/>\n<meta property=\"article:modified_time\" content=\"2023-12-18T13:35:08+00:00\" \/>\n<meta property=\"og:image\" content=\"https:\/\/www.fer.ch\/content\/uploads\/2017\/01\/01-organisationschart-fr-001.png\" \/>\n<meta name=\"twitter:card\" content=\"summary\" \/>\n<meta name=\"twitter:label1\" content=\"Est. reading time\" \/>\n\t<meta name=\"twitter:data1\" content=\"5 minutes\" \/>\n<script type=\"application\/ld+json\" class=\"yoast-schema-graph\">{\"@context\":\"https:\/\/schema.org\",\"@graph\":[{\"@type\":\"WebSite\",\"@id\":\"https:\/\/www.fer.ch\/#website\",\"url\":\"https:\/\/www.fer.ch\/\",\"name\":\"Swiss GAAP FER\",\"description\":\"Fondation pour les recommandations relatives \u00e0 la pr\u00e9sentation des comptes (Swiss GAAP RPC)\",\"potentialAction\":[{\"@type\":\"SearchAction\",\"target\":{\"@type\":\"EntryPoint\",\"urlTemplate\":\"https:\/\/www.fer.ch\/?s={search_term_string}\"},\"query-input\":\"required name=search_term_string\"}],\"inLanguage\":\"fr-FR\"},{\"@type\":\"ImageObject\",\"@id\":\"https:\/\/www.fer.ch\/fr\/a-propos-de-nous\/#primaryimage\",\"inLanguage\":\"fr-FR\",\"url\":\"https:\/\/www.fer.ch\/content\/uploads\/2017\/01\/01-organisationschart-fr-001.png\",\"contentUrl\":\"https:\/\/www.fer.ch\/content\/uploads\/2017\/01\/01-organisationschart-fr-001.png\",\"width\":1992,\"height\":1370},{\"@type\":\"WebPage\",\"@id\":\"https:\/\/www.fer.ch\/fr\/a-propos-de-nous\/#webpage\",\"url\":\"https:\/\/www.fer.ch\/fr\/a-propos-de-nous\/\",\"name\":\"A propos de nous - Swiss GAAP FER\",\"isPartOf\":{\"@id\":\"https:\/\/www.fer.ch\/#website\"},\"primaryImageOfPage\":{\"@id\":\"https:\/\/www.fer.ch\/fr\/a-propos-de-nous\/#primaryimage\"},\"datePublished\":\"2016-10-24T12:27:50+00:00\",\"dateModified\":\"2023-12-18T13:35:08+00:00\",\"breadcrumb\":{\"@id\":\"https:\/\/www.fer.ch\/fr\/a-propos-de-nous\/#breadcrumb\"},\"inLanguage\":\"fr-FR\",\"potentialAction\":[{\"@type\":\"ReadAction\",\"target\":[\"https:\/\/www.fer.ch\/fr\/a-propos-de-nous\/\"]}]},{\"@type\":\"BreadcrumbList\",\"@id\":\"https:\/\/www.fer.ch\/fr\/a-propos-de-nous\/#breadcrumb\",\"itemListElement\":[{\"@type\":\"ListItem\",\"position\":1,\"name\":\"Startseite\",\"item\":\"https:\/\/www.fer.ch\/fr\/\"},{\"@type\":\"ListItem\",\"position\":2,\"name\":\"A propos de nous\"}]}]}<\/script>\n<!-- \/ Yoast SEO plugin. -->","yoast_head_json":{"title":"A propos de nous - Swiss GAAP FER","robots":{"index":"index","follow":"follow","max-snippet":"max-snippet:-1","max-image-preview":"max-image-preview:large","max-video-preview":"max-video-preview:-1"},"canonical":"https:\/\/www.fer.ch\/fr\/a-propos-de-nous\/","og_locale":"fr_FR","og_type":"article","og_title":"A propos de nous - Swiss GAAP FER","og_description":"[vc_row css=&nbsp;&raquo;.vc_custom_1479226081866{padding-top: 100px !important;}&nbsp;&raquo;][vc_column][vc_column_text] A propos de nous [\/vc_column_text][\/vc_column][\/vc_row][vc_row css=&nbsp;&raquo;.vc_custom_1486392693654{padding-bottom: 50px !important;}&nbsp;&raquo;][vc_column width=&nbsp;&raquo;2\/3&Prime;][vc_column_text] C\u2019est \u00e0 l\u2019initiative de la Chambre fiduciaire (association professionnelle des experts comptables, fiduciaires et fiscaux), par l\u2019interm\u00e9diaire du professeur Andr\u00e9 Z\u00fcnd (\u2020) de l&rsquo;Universit\u00e9 de St-Gall, que l\u2019id\u00e9e a \u00e9t\u00e9 lanc\u00e9e, vers le milieu des ann\u00e9es 80, de cr\u00e9er une institution ind\u00e9pendante &hellip;","og_url":"https:\/\/www.fer.ch\/fr\/a-propos-de-nous\/","og_site_name":"Swiss GAAP FER","article_modified_time":"2023-12-18T13:35:08+00:00","og_image":[{"url":"https:\/\/www.fer.ch\/content\/uploads\/2017\/01\/01-organisationschart-fr-001.png"}],"twitter_card":"summary","twitter_misc":{"Est. reading time":"5 minutes"},"schema":{"@context":"https:\/\/schema.org","@graph":[{"@type":"WebSite","@id":"https:\/\/www.fer.ch\/#website","url":"https:\/\/www.fer.ch\/","name":"Swiss GAAP FER","description":"Fondation pour les recommandations relatives \u00e0 la pr\u00e9sentation des comptes (Swiss GAAP RPC)","potentialAction":[{"@type":"SearchAction","target":{"@type":"EntryPoint","urlTemplate":"https:\/\/www.fer.ch\/?s={search_term_string}"},"query-input":"required name=search_term_string"}],"inLanguage":"fr-FR"},{"@type":"ImageObject","@id":"https:\/\/www.fer.ch\/fr\/a-propos-de-nous\/#primaryimage","inLanguage":"fr-FR","url":"https:\/\/www.fer.ch\/content\/uploads\/2017\/01\/01-organisationschart-fr-001.png","contentUrl":"https:\/\/www.fer.ch\/content\/uploads\/2017\/01\/01-organisationschart-fr-001.png","width":1992,"height":1370},{"@type":"WebPage","@id":"https:\/\/www.fer.ch\/fr\/a-propos-de-nous\/#webpage","url":"https:\/\/www.fer.ch\/fr\/a-propos-de-nous\/","name":"A propos de nous - Swiss GAAP FER","isPartOf":{"@id":"https:\/\/www.fer.ch\/#website"},"primaryImageOfPage":{"@id":"https:\/\/www.fer.ch\/fr\/a-propos-de-nous\/#primaryimage"},"datePublished":"2016-10-24T12:27:50+00:00","dateModified":"2023-12-18T13:35:08+00:00","breadcrumb":{"@id":"https:\/\/www.fer.ch\/fr\/a-propos-de-nous\/#breadcrumb"},"inLanguage":"fr-FR","potentialAction":[{"@type":"ReadAction","target":["https:\/\/www.fer.ch\/fr\/a-propos-de-nous\/"]}]},{"@type":"BreadcrumbList","@id":"https:\/\/www.fer.ch\/fr\/a-propos-de-nous\/#breadcrumb","itemListElement":[{"@type":"ListItem","position":1,"name":"Startseite","item":"https:\/\/www.fer.ch\/fr\/"},{"@type":"ListItem","position":2,"name":"A propos de nous"}]}]}},"acf":[],"_links":{"self":[{"href":"https:\/\/www.fer.ch\/fr\/wp-json\/wp\/v2\/pages\/1008"}],"collection":[{"href":"https:\/\/www.fer.ch\/fr\/wp-json\/wp\/v2\/pages"}],"about":[{"href":"https:\/\/www.fer.ch\/fr\/wp-json\/wp\/v2\/types\/page"}],"author":[{"embeddable":true,"href":"https:\/\/www.fer.ch\/fr\/wp-json\/wp\/v2\/users\/1"}],"replies":[{"embeddable":true,"href":"https:\/\/www.fer.ch\/fr\/wp-json\/wp\/v2\/comments?post=1008"}],"version-history":[{"count":7,"href":"https:\/\/www.fer.ch\/fr\/wp-json\/wp\/v2\/pages\/1008\/revisions"}],"predecessor-version":[{"id":7446,"href":"https:\/\/www.fer.ch\/fr\/wp-json\/wp\/v2\/pages\/1008\/revisions\/7446"}],"wp:attachment":[{"href":"https:\/\/www.fer.ch\/fr\/wp-json\/wp\/v2\/media?parent=1008"}],"curies":[{"name":"wp","href":"https:\/\/api.w.org\/{rel}","templated":true}]}}