{"id":1005,"date":"2016-10-24T14:22:11","date_gmt":"2016-10-24T12:22:11","guid":{"rendered":"https:\/\/www.fer.ch\/fr\/?page_id=1005"},"modified":"2022-03-29T10:51:12","modified_gmt":"2022-03-29T08:51:12","slug":"contact","status":"publish","type":"page","link":"https:\/\/www.fer.ch\/fr\/contact\/","title":{"rendered":"Contact"},"content":{"rendered":"<p>[vc_row css=&nbsp;&raquo;.vc_custom_1476440679540{padding-top: 50px !important;}&nbsp;&raquo;][vc_column width=&nbsp;&raquo;1\/2&Prime;][raptus_heading the_content=&nbsp;&raquo;Nous attendons avec plaisir votre message&nbsp;&raquo; level=&nbsp;&raquo;h2&Prime;][\/vc_column][vc_column width=&nbsp;&raquo;1\/2&Prime;][\/vc_column][\/vc_row][vc_row css=&nbsp;&raquo;.vc_custom_1476440684680{padding-bottom: 50px !important;}&nbsp;&raquo;][vc_column width=&nbsp;&raquo;1\/2&Prime; css=&nbsp;&raquo;.vc_custom_1474993813070{padding-right: 55px !important;}&nbsp;&raquo;]<noscript class=\"ninja-forms-noscript-message\">\n    Remarque \u2013 JavaScript est requis pour ce contenu.<\/noscript><div id=\"nf-form-5-cont\" class=\"nf-form-cont\" aria-live=\"polite\" aria-labelledby=\"nf-form-title-5\" aria-describedby=\"nf-form-errors-5\" role=\"form\">\n\n    <div class=\"nf-loading-spinner\"><\/div>\n\n<\/div>\n        <!-- TODO: Move to Template File. -->\n        <script>var formDisplay=1;var nfForms=nfForms||[];var form=[];form.id='5';form.settings={\"objectType\":\"Form Setting\",\"editActive\":false,\"date_updated\":\"2020-04-27 06:36:52\",\"show_title\":\"0\",\"save_subs\":\"1\",\"logged_in\":\"0\",\"append_page\":\"\",\"ajax\":\"1\",\"clear_complete\":\"1\",\"hide_complete\":\"0\",\"success_msg\":\"Your form has been successfully submitted.\",\"email_from\":\"\",\"email_type\":\"html\",\"user_email_msg\":\"Thank you so much for contacting us. We will get back to you shortly.\",\"user_email_fields\":\"0\",\"admin_email_msg\":\"\",\"admin_email_fields\":\"1\",\"admin_attach_csv\":\"0\",\"email_from_name\":\"\",\"status\":\"\",\"not_logged_in_msg\":\"\",\"sub_limit_number\":\"\",\"sub_limit_msg\":\"\",\"last_sub\":\"2032\",\"title\":\"Kontaktformular - FR\",\"allow_public_link\":0,\"embed_form\":\"\",\"default_label_pos\":\"above\",\"wrapper_class\":\"\",\"element_class\":\"\",\"key\":\"\",\"add_submit\":1,\"currency\":\"\",\"repeatable_fieldsets\":\"\",\"unique_field_error\":\"A form with this value has already been submitted.\",\"calculations\":[],\"formContentData\":[\"textbox_699\",\"textbox_6\",\"email_7\",\"textbox_697\",\"address_700\",\"zip_701\",\"city_702\",\"textarea_8\",\"hidden_9\",\"checkbox_710\",\"submit_10\"],\"ninjaForms\":\"Ninja Forms\",\"changeEmailErrorMsg\":\"Entrez une adresse email valide\\u00a0!\",\"changeDateErrorMsg\":\"Please enter a valid date!\",\"confirmFieldErrorMsg\":\"Ces champs doivent correspondre\\u00a0!\",\"fieldNumberNumMinError\":\"Erreur min num\\u00e9ro\",\"fieldNumberNumMaxError\":\"Erreur max num\\u00e9ro\",\"fieldNumberIncrementBy\":\"Incr\\u00e9menter par \",\"fieldTextareaRTEInsertLink\":\"Ins\\u00e9rer le lien\",\"fieldTextareaRTEInsertMedia\":\"Ins\\u00e9rer le m\\u00e9dia\",\"fieldTextareaRTESelectAFile\":\"S\\u00e9lectionner un fichier\",\"formErrorsCorrectErrors\":\"Corrigez les erreurs avant de soumettre ce formulaire.\",\"formHoneypot\":\"Si vous \\u00eates un \\u00eatre humain visualisant ce champ, merci de le laisser vide.\",\"validateRequiredField\":\"Ce champs est requis.\",\"honeypotHoneypotError\":\"Erreur Honeypot\",\"fileUploadOldCodeFileUploadInProgress\":\"Upload du fichier en cours\",\"fileUploadOldCodeFileUpload\":\"UPLOAD FICHIER\",\"currencySymbol\":\"&#67;&#72;&#70;\",\"fieldsMarkedRequired\":\"Les champs avec une <span class=\\\"ninja-forms-req-symbol\\\">*<\\\/span> sont obligatoires\",\"thousands_sep\":\"&nbsp;\",\"decimal_point\":\",\",\"siteLocale\":\"fr_FR\",\"dateFormat\":\"d\\\/m\\\/Y\",\"startOfWeek\":\"1\",\"of\":\"de\",\"previousMonth\":\"Previous Month\",\"nextMonth\":\"Next Month\",\"months\":[\"January\",\"February\",\"March\",\"April\",\"May\",\"June\",\"July\",\"August\",\"September\",\"October\",\"November\",\"December\"],\"monthsShort\":[\"Jan\",\"Feb\",\"Mar\",\"Apr\",\"May\",\"Jun\",\"Jul\",\"Aug\",\"Sep\",\"Oct\",\"Nov\",\"Dec\"],\"weekdays\":[\"Sunday\",\"Monday\",\"Tuesday\",\"Wednesday\",\"Thursday\",\"Friday\",\"Saturday\"],\"weekdaysShort\":[\"Sun\",\"Mon\",\"Tue\",\"Wed\",\"Thu\",\"Fri\",\"Sat\"],\"weekdaysMin\":[\"Su\",\"Mo\",\"Tu\",\"We\",\"Th\",\"Fr\",\"Sa\"],\"currency_symbol\":\"\",\"beforeForm\":\"\",\"beforeFields\":\"\",\"afterFields\":\"\",\"afterForm\":\"\"};form.fields=[{\"objectType\":\"Field\",\"objectDomain\":\"fields\",\"editActive\":false,\"order\":1,\"idAttribute\":\"id\",\"type\":\"textbox\",\"label\":\"Pr\\u00e9nom\",\"input_limit_msg\":\"character(s) left\",\"label_pos\":\"left\",\"placeholder\":\"Pr\\u00e9nom\",\"first_name\":\"\",\"last_name\":\"\",\"user_address_1\":\"\",\"user_address_2\":\"\",\"user_city\":\"\",\"user_zip\":\"\",\"user_phone\":\"\",\"user_email\":\"\",\"user_info_field_group\":1,\"disable_input\":0,\"mask\":\"\",\"input_limit\":\"\",\"input_limit_type\":\"char\",\"calc_auto_include\":0,\"datepicker\":0,\"user_state\":0,\"autocomplete_off\":0,\"num_sort\":0,\"admin_label\":\"\",\"user_info_field_group_name\":\"\",\"user_info_field_group_custom\":\"\",\"show_help\":0,\"help_text\":\"\",\"show_desc\":0,\"desc_pos\":\"none\",\"desc_text\":\"\",\"element_class\":\" form-control\",\"required\":1,\"key\":\"textbox_699\",\"default\":\"\",\"container_class\":\" form-group-input form-group\",\"manual_key\":false,\"custom_mask\":\"\",\"custom_name_attribute\":\"\",\"personally_identifiable\":\"\",\"value\":\"\",\"id\":699,\"beforeField\":\"\",\"afterField\":\"\",\"parentType\":\"textbox\",\"element_templates\":[\"textbox\",\"input\"],\"old_classname\":\"\",\"wrap_template\":\"wrap\"},{\"objectType\":\"Field\",\"objectDomain\":\"fields\",\"editActive\":false,\"order\":2,\"idAttribute\":\"id\",\"type\":\"textbox\",\"fav_id\":0,\"def_id\":0,\"label\":\"Nom\",\"label_pos\":\"left\",\"mask\":\"\",\"datepicker\":0,\"first_name\":\"\",\"last_name\":\"\",\"from_name\":0,\"user_address_1\":\"\",\"user_address_2\":\"\",\"user_city\":\"\",\"user_zip\":\"\",\"user_phone\":\"\",\"user_email\":\"\",\"user_info_field_group\":\"\",\"show_help\":0,\"help_text\":\"\",\"show_desc\":0,\"desc_pos\":\"none\",\"desc_text\":\"\",\"calc_auto_include\":0,\"placeholder\":\"Nom\",\"disable_input\":0,\"input_limit\":\"\",\"input_limit_type\":\"char\",\"input_limit_msg\":\"\",\"user_state\":0,\"autocomplete_off\":0,\"num_sort\":0,\"admin_label\":\"\",\"user_info_field_group_name\":\"\",\"user_info_field_group_custom\":\"\",\"element_class\":\" form-control\",\"required\":1,\"key\":\"textbox_6\",\"default\":\"\",\"container_class\":\" form-group-input form-group\",\"manual_key\":false,\"custom_mask\":\"\",\"custom_name_attribute\":\"\",\"personally_identifiable\":\"\",\"value\":\"\",\"id\":6,\"beforeField\":\"\",\"afterField\":\"\",\"parentType\":\"textbox\",\"element_templates\":[\"textbox\",\"input\"],\"old_classname\":\"\",\"wrap_template\":\"wrap\"},{\"objectType\":\"Field\",\"objectDomain\":\"fields\",\"editActive\":false,\"order\":3,\"idAttribute\":\"id\",\"type\":\"email\",\"fav_id\":0,\"def_id\":14,\"label\":\"E-mail\",\"label_pos\":\"left\",\"mask\":\"\",\"datepicker\":0,\"first_name\":0,\"last_name\":0,\"from_name\":0,\"user_address_1\":0,\"user_address_2\":0,\"user_city\":0,\"user_zip\":0,\"user_phone\":0,\"user_info_field_group\":1,\"show_help\":0,\"help_text\":\"\",\"calc_auto_include\":0,\"calc_option\":0,\"conditional\":\"\",\"user_info_field_group_name\":\"\",\"user_info_field_group_custom\":\"\",\"show_desc\":0,\"desc_pos\":\"none\",\"desc_text\":\"\",\"placeholder\":\"E-mail\",\"disable_input\":0,\"input_limit\":\"\",\"input_limit_type\":\"char\",\"input_limit_msg\":\"\",\"user_state\":0,\"autocomplete_off\":0,\"num_sort\":0,\"admin_label\":\"\",\"element_class\":\" form-control\",\"required\":1,\"key\":\"email_7\",\"default\":\"\",\"container_class\":\" form-group-input form-group\",\"custom_name_attribute\":\"email\",\"personally_identifiable\":1,\"value\":\"\",\"id\":7,\"beforeField\":\"\",\"afterField\":\"\",\"parentType\":\"email\",\"element_templates\":[\"email\",\"input\"],\"old_classname\":\"\",\"wrap_template\":\"wrap\"},{\"objectType\":\"Field\",\"objectDomain\":\"fields\",\"editActive\":false,\"order\":4,\"idAttribute\":\"id\",\"type\":\"textbox\",\"def_id\":6,\"label\":\"Entreprise\",\"label_pos\":\"left\",\"mask\":\"\",\"datepicker\":0,\"send_email\":0,\"from_email\":0,\"first_name\":1,\"last_name\":0,\"from_name\":0,\"user_info_field_group\":1,\"show_help\":0,\"help_text\":\"\",\"calc_auto_include\":0,\"calc_option\":0,\"conditional\":\"\",\"placeholder\":\"Entreprise\",\"user_address_1\":\"\",\"user_address_2\":\"\",\"user_city\":\"\",\"user_zip\":\"\",\"user_phone\":\"\",\"user_email\":\"\",\"disable_input\":0,\"input_limit\":\"\",\"input_limit_type\":\"char\",\"input_limit_msg\":\"\",\"user_state\":0,\"autocomplete_off\":0,\"num_sort\":0,\"admin_label\":\"\",\"user_info_field_group_name\":\"\",\"user_info_field_group_custom\":\"\",\"show_desc\":0,\"desc_pos\":\"none\",\"desc_text\":\"\",\"element_class\":\" form-control\",\"required\":0,\"key\":\"textbox_697\",\"default\":\"\",\"container_class\":\" form-group-input form-group\",\"manual_key\":false,\"custom_mask\":\"\",\"custom_name_attribute\":\"\",\"personally_identifiable\":\"\",\"value\":\"\",\"id\":697,\"beforeField\":\"\",\"afterField\":\"\",\"parentType\":\"textbox\",\"element_templates\":[\"textbox\",\"input\"],\"old_classname\":\"\",\"wrap_template\":\"wrap\"},{\"objectType\":\"Field\",\"objectDomain\":\"fields\",\"editActive\":false,\"order\":5,\"idAttribute\":\"id\",\"type\":\"address\",\"def_id\":8,\"label\":\"Rue\",\"label_pos\":\"left\",\"mask\":\"\",\"datepicker\":0,\"send_email\":0,\"from_email\":0,\"first_name\":0,\"last_name\":0,\"from_name\":0,\"user_address_2\":0,\"user_city\":0,\"user_zip\":0,\"user_info_field_group\":1,\"show_help\":0,\"help_text\":\"\",\"calc_auto_include\":0,\"calc_option\":0,\"conditional\":\"\",\"placeholder\":\"Rue\",\"user_phone\":\"\",\"user_email\":\"\",\"disable_input\":0,\"input_limit\":\"\",\"input_limit_type\":\"char\",\"input_limit_msg\":\"\",\"user_state\":0,\"autocomplete_off\":0,\"num_sort\":0,\"admin_label\":\"\",\"user_info_field_group_name\":\"\",\"user_info_field_group_custom\":\"\",\"show_desc\":0,\"desc_pos\":\"none\",\"desc_text\":\"\",\"element_class\":\" form-control\",\"required\":0,\"key\":\"address_700\",\"default\":\"\",\"container_class\":\" form-group-input form-group\",\"manual_key\":false,\"custom_mask\":\"\",\"custom_name_attribute\":\"address\",\"personally_identifiable\":1,\"value\":\"\",\"id\":700,\"beforeField\":\"\",\"afterField\":\"\",\"parentType\":\"address\",\"element_templates\":[\"address\",\"textbox\",\"input\"],\"old_classname\":\"\",\"wrap_template\":\"wrap\"},{\"objectType\":\"Field\",\"objectDomain\":\"fields\",\"editActive\":false,\"order\":6,\"idAttribute\":\"id\",\"type\":\"zip\",\"def_id\":12,\"label\":\"Code Postal\",\"label_pos\":\"left\",\"mask\":\"\",\"datepicker\":0,\"send_email\":0,\"from_email\":0,\"first_name\":0,\"last_name\":0,\"from_name\":0,\"user_address_1\":0,\"user_address_2\":0,\"user_city\":0,\"user_info_field_group\":1,\"show_help\":0,\"help_text\":\"\",\"calc_auto_include\":0,\"calc_option\":0,\"conditional\":\"\",\"placeholder\":\"Code Postal\",\"user_phone\":\"\",\"user_email\":\"\",\"disable_input\":0,\"input_limit\":\"\",\"input_limit_type\":\"char\",\"input_limit_msg\":\"\",\"user_state\":0,\"autocomplete_off\":0,\"num_sort\":0,\"admin_label\":\"\",\"user_info_field_group_name\":\"\",\"user_info_field_group_custom\":\"\",\"show_desc\":0,\"desc_pos\":\"none\",\"desc_text\":\"\",\"element_class\":\" form-control\",\"required\":0,\"key\":\"zip_701\",\"default\":\"\",\"container_class\":\" form-group-input form-group\",\"manual_key\":false,\"custom_mask\":\"\",\"custom_name_attribute\":\"zip\",\"personally_identifiable\":\"\",\"value\":\"\",\"id\":701,\"beforeField\":\"\",\"afterField\":\"\",\"parentType\":\"zip\",\"element_templates\":[\"zip\",\"textbox\",\"input\",\"textbox\",\"input\"],\"old_classname\":\"\",\"wrap_template\":\"wrap\"},{\"objectType\":\"Field\",\"objectDomain\":\"fields\",\"editActive\":false,\"order\":7,\"idAttribute\":\"id\",\"type\":\"city\",\"def_id\":10,\"label\":\"Lieu\",\"label_pos\":\"left\",\"mask\":\"\",\"datepicker\":0,\"send_email\":0,\"from_email\":0,\"first_name\":0,\"last_name\":0,\"from_name\":0,\"user_address_1\":0,\"user_address_2\":0,\"user_zip\":0,\"user_info_field_group\":1,\"show_help\":0,\"help_text\":\"\",\"calc_auto_include\":0,\"calc_option\":0,\"conditional\":\"\",\"placeholder\":\"Lieu\",\"user_phone\":\"\",\"user_email\":\"\",\"disable_input\":0,\"input_limit\":\"\",\"input_limit_type\":\"char\",\"input_limit_msg\":\"\",\"user_state\":0,\"autocomplete_off\":0,\"num_sort\":0,\"admin_label\":\"\",\"user_info_field_group_name\":\"\",\"user_info_field_group_custom\":\"\",\"show_desc\":0,\"desc_pos\":\"none\",\"desc_text\":\"\",\"element_class\":\" form-control\",\"required\":0,\"key\":\"city_702\",\"default\":\"\",\"container_class\":\" form-group-input form-group\",\"manual_key\":false,\"custom_mask\":\"\",\"custom_name_attribute\":\"city\",\"personally_identifiable\":\"\",\"value\":\"\",\"id\":702,\"beforeField\":\"\",\"afterField\":\"\",\"parentType\":\"city\",\"element_templates\":[\"city\",\"textbox\",\"input\"],\"old_classname\":\"\",\"wrap_template\":\"wrap\"},{\"objectType\":\"Field\",\"objectDomain\":\"fields\",\"editActive\":false,\"order\":8,\"idAttribute\":\"id\",\"type\":\"textarea\",\"fav_id\":0,\"def_id\":0,\"label\":\"Message\",\"label_pos\":\"left\",\"default_value\":\"\",\"textarea_rte\":0,\"textarea_media\":0,\"disable_rte_mobile\":0,\"show_help\":0,\"help_text\":\"\",\"show_desc\":0,\"desc_pos\":\"none\",\"desc_text\":\"\",\"calc_auto_include\":0,\"input_limit\":\"\",\"input_limit_type\":\"char\",\"input_limit_msg\":\"\",\"num_sort\":0,\"admin_label\":\"\",\"element_class\":\" form-control\",\"required\":1,\"default\":\"\",\"key\":\"textarea_8\",\"placeholder\":\"\",\"container_class\":\" form-group\",\"manual_key\":false,\"value\":\"\",\"id\":8,\"beforeField\":\"\",\"afterField\":\"\",\"parentType\":\"textarea\",\"element_templates\":[\"textarea\",\"input\"],\"old_classname\":\"\",\"wrap_template\":\"wrap\"},{\"objectType\":\"Field\",\"objectDomain\":\"fields\",\"editActive\":false,\"order\":9,\"idAttribute\":\"id\",\"type\":\"hidden\",\"label\":\"URL\",\"input_limit_msg\":\"character(s) left\",\"calc_auto_include\":0,\"num_sort\":0,\"admin_label\":\"\",\"show_desc\":0,\"desc_pos\":\"none\",\"desc_text\":\"\",\"element_class\":\"\",\"default\":\"{wp:post_url}\",\"key\":\"hidden_9\",\"id\":9,\"beforeField\":\"\",\"afterField\":\"\",\"value\":\"https:\\\/\\\/www.fer.ch\\\/fr\\\/contact\\\/\",\"label_pos\":\"above\",\"parentType\":\"hidden\",\"element_templates\":[\"hidden\",\"input\"],\"old_classname\":\"\",\"wrap_template\":\"wrap-no-label\"},{\"objectType\":\"Field\",\"objectDomain\":\"fields\",\"editActive\":false,\"order\":10,\"idAttribute\":\"id\",\"type\":\"checkbox\",\"label\":\"Newsletter\",\"input_limit_msg\":\"character(s) left\",\"label_pos\":\"above\",\"default_value\":\"unchecked\",\"calc_value\":[],\"calc_auto_include\":0,\"num_sort\":0,\"admin_label\":\"\",\"show_help\":0,\"help_text\":\"\",\"show_desc\":0,\"desc_pos\":\"none\",\"desc_text\":\"\",\"element_class\":\"\",\"required\":0,\"default\":\"unchecked\",\"checked_calc_value\":0,\"unchecked_calc_value\":0,\"key\":\"checkbox_710\",\"container_class\":\" form-group\",\"manual_key\":false,\"checked_value\":\"Ausgew\\u00e4hlt\",\"unchecked_value\":\"Nicht ausgew\\u00e4hlt\",\"value\":\"unchecked\",\"drawerDisabled\":false,\"id\":710,\"beforeField\":\"\",\"afterField\":\"\",\"parentType\":\"checkbox\",\"element_templates\":[\"checkbox\",\"input\"],\"old_classname\":\"\",\"wrap_template\":\"wrap\"},{\"objectType\":\"Field\",\"objectDomain\":\"fields\",\"editActive\":false,\"order\":11,\"idAttribute\":\"id\",\"type\":\"submit\",\"fav_id\":0,\"def_id\":0,\"label\":\"Envoyer\",\"show_help\":0,\"help_text\":\"\",\"show_desc\":0,\"desc_pos\":\"none\",\"desc_text\":\"\",\"processing_label\":\"Processing\",\"element_class\":\" btn btn-primary\",\"key\":\"submit_10\",\"container_class\":\" form-group\",\"id\":10,\"beforeField\":\"\",\"afterField\":\"\",\"value\":\"\",\"label_pos\":\"above\",\"parentType\":\"textbox\",\"element_templates\":[\"submit\",\"button\",\"input\"],\"old_classname\":\"\",\"wrap_template\":\"wrap-no-label\"},{\"objectType\":\"Field\",\"objectDomain\":\"fields\",\"editActive\":false,\"order\":\"12.0\",\"type\":\"recaptcha_v3\",\"label\":\"Hidden\",\"key\":\"recaptcha_v3\",\"default\":\"\",\"admin_label\":\"\",\"drawerDisabled\":false,\"id\":\"04082\",\"beforeField\":\"\",\"afterField\":\"\",\"value\":\"\",\"label_pos\":\"above\",\"parentType\":\"hidden\",\"element_templates\":[\"recaptcha-v3\",\"hidden\",\"input\"],\"old_classname\":\"\",\"wrap_template\":\"wrap-no-label\",\"site_key\":\"6Lc56kgfAAAAAKuUgjE7XD3aWhq4UXuCq7BHeKtg\",\"container_class\":\" form-group-input form-group\",\"placeholder\":\"Hidden\",\"element_class\":\" form-control\"}];nfForms.push(form);<\/script>\n        [\/vc_column][vc_column width=&nbsp;&raquo;1\/2&Prime; css=&nbsp;&raquo;.vc_custom_1474993859608{padding-left: 55px !important;}&nbsp;&raquo;][raptus_heading the_content=&nbsp;&raquo;Fondation pour les recommandations relatives \u00e0 la pr\u00e9sentation des comptes (Swiss GAAP RPC)&nbsp;&raquo; level=&nbsp;&raquo;h5&Prime;][vc_column_text]Tigerbergstrasse 9<br \/>\n9000 St. Gallen<br \/>\n<a href=\"mailto:fachsekretaer@fer.ch\">fachsekretaer@fer.ch<\/a><\/p>\n<p class=\"text-muted\"><small>Les ressources en personnel de la Fondation RPC sont restreintes. Pour cette raison, les questions se rapportant \u00e0 l\u2019utilisation et \u00e0 la mise en place des Swiss GAAP RPC ne peuvent \u00eatre trait\u00e9es individuellement. Des questions d\u2019importance majeure seront pr\u00e9sent\u00e9es \u00e0 la Commission, laquelle d\u00e9cidera de la marche \u00e0 suivre. Dans le cadre de la Conf\u00e9rence annuelle Swiss GAAP RPC, des \u00e9bauches de solutions aux questions les plus importantes seront pr\u00e9sent\u00e9es. Des propositions et commentaires sur les recommandations existantes ainsi que sur de nouveaux champs d\u2019application possibles peuvent \u00eatre soumis \u00e0 la Fondation RPC par l\u2019interm\u00e9diaire de suggestions.<\/small><\/p>\n<p>[\/vc_column_text][\/vc_column][\/vc_row]<\/p>\n","protected":false},"excerpt":{"rendered":"<p>[vc_row css=&nbsp;&raquo;.vc_custom_1476440679540{padding-top: 50px !important;}&nbsp;&raquo;][vc_column width=&nbsp;&raquo;1\/2&Prime;][raptus_heading the_content=&nbsp;&raquo;Nous attendons avec plaisir votre message&nbsp;&raquo; level=&nbsp;&raquo;h2&Prime;][\/vc_column][vc_column width=&nbsp;&raquo;1\/2&Prime;][\/vc_column][\/vc_row][vc_row css=&nbsp;&raquo;.vc_custom_1476440684680{padding-bottom: 50px !important;}&nbsp;&raquo;][vc_column width=&nbsp;&raquo;1\/2&Prime; css=&nbsp;&raquo;.vc_custom_1474993813070{padding-right: 55px !important;}&nbsp;&raquo;][\/vc_column][vc_column width=&nbsp;&raquo;1\/2&Prime; css=&nbsp;&raquo;.vc_custom_1474993859608{padding-left: 55px !important;}&nbsp;&raquo;][raptus_heading the_content=&nbsp;&raquo;Fondation pour les recommandations relatives \u00e0 la pr\u00e9sentation des comptes (Swiss GAAP RPC)&nbsp;&raquo; level=&nbsp;&raquo;h5&Prime;][vc_column_text]Tigerbergstrasse 9 9000 St. Gallen fachsekretaer@fer.ch Les ressources en personnel de la Fondation RPC sont restreintes. Pour cette &hellip;<\/p>\n","protected":false},"author":1,"featured_media":0,"parent":0,"menu_order":0,"comment_status":"closed","ping_status":"closed","template":"","meta":[],"yoast_head":"<!-- This site is optimized with the Yoast SEO plugin v18.3 - https:\/\/yoast.com\/wordpress\/plugins\/seo\/ -->\n<title>Contact - Swiss GAAP FER<\/title>\n<meta name=\"robots\" content=\"index, follow, max-snippet:-1, max-image-preview:large, max-video-preview:-1\" \/>\n<link rel=\"canonical\" href=\"https:\/\/www.fer.ch\/fr\/contact\/\" \/>\n<meta property=\"og:locale\" content=\"fr_FR\" \/>\n<meta property=\"og:type\" content=\"article\" \/>\n<meta property=\"og:title\" content=\"Contact - Swiss GAAP FER\" \/>\n<meta property=\"og:description\" content=\"[vc_row css=&nbsp;&raquo;.vc_custom_1476440679540{padding-top: 50px !important;}&nbsp;&raquo;][vc_column width=&nbsp;&raquo;1\/2&Prime;][raptus_heading the_content=&nbsp;&raquo;Nous attendons avec plaisir votre message&nbsp;&raquo; level=&nbsp;&raquo;h2&Prime;][\/vc_column][vc_column width=&nbsp;&raquo;1\/2&Prime;][\/vc_column][\/vc_row][vc_row css=&nbsp;&raquo;.vc_custom_1476440684680{padding-bottom: 50px !important;}&nbsp;&raquo;][vc_column width=&nbsp;&raquo;1\/2&Prime; css=&nbsp;&raquo;.vc_custom_1474993813070{padding-right: 55px !important;}&nbsp;&raquo;][\/vc_column][vc_column width=&nbsp;&raquo;1\/2&Prime; css=&nbsp;&raquo;.vc_custom_1474993859608{padding-left: 55px !important;}&nbsp;&raquo;][raptus_heading the_content=&nbsp;&raquo;Fondation pour les recommandations relatives \u00e0 la pr\u00e9sentation des comptes (Swiss GAAP RPC)&nbsp;&raquo; level=&nbsp;&raquo;h5&Prime;][vc_column_text]Tigerbergstrasse 9 9000 St. Gallen fachsekretaer@fer.ch Les ressources en personnel de la Fondation RPC sont restreintes. Pour cette &hellip;\" \/>\n<meta property=\"og:url\" content=\"https:\/\/www.fer.ch\/fr\/contact\/\" \/>\n<meta property=\"og:site_name\" content=\"Swiss GAAP FER\" \/>\n<meta property=\"article:modified_time\" content=\"2022-03-29T08:51:12+00:00\" \/>\n<meta name=\"twitter:card\" content=\"summary\" \/>\n<meta name=\"twitter:label1\" content=\"Est. reading time\" \/>\n\t<meta name=\"twitter:data1\" content=\"1 minute\" \/>\n<script type=\"application\/ld+json\" class=\"yoast-schema-graph\">{\"@context\":\"https:\/\/schema.org\",\"@graph\":[{\"@type\":\"WebSite\",\"@id\":\"https:\/\/www.fer.ch\/#website\",\"url\":\"https:\/\/www.fer.ch\/\",\"name\":\"Swiss GAAP FER\",\"description\":\"Fondation pour les recommandations relatives \u00e0 la pr\u00e9sentation des comptes (Swiss GAAP RPC)\",\"potentialAction\":[{\"@type\":\"SearchAction\",\"target\":{\"@type\":\"EntryPoint\",\"urlTemplate\":\"https:\/\/www.fer.ch\/?s={search_term_string}\"},\"query-input\":\"required name=search_term_string\"}],\"inLanguage\":\"fr-FR\"},{\"@type\":\"WebPage\",\"@id\":\"https:\/\/www.fer.ch\/fr\/contact\/#webpage\",\"url\":\"https:\/\/www.fer.ch\/fr\/contact\/\",\"name\":\"Contact - Swiss GAAP FER\",\"isPartOf\":{\"@id\":\"https:\/\/www.fer.ch\/#website\"},\"datePublished\":\"2016-10-24T12:22:11+00:00\",\"dateModified\":\"2022-03-29T08:51:12+00:00\",\"breadcrumb\":{\"@id\":\"https:\/\/www.fer.ch\/fr\/contact\/#breadcrumb\"},\"inLanguage\":\"fr-FR\",\"potentialAction\":[{\"@type\":\"ReadAction\",\"target\":[\"https:\/\/www.fer.ch\/fr\/contact\/\"]}]},{\"@type\":\"BreadcrumbList\",\"@id\":\"https:\/\/www.fer.ch\/fr\/contact\/#breadcrumb\",\"itemListElement\":[{\"@type\":\"ListItem\",\"position\":1,\"name\":\"Startseite\",\"item\":\"https:\/\/www.fer.ch\/fr\/\"},{\"@type\":\"ListItem\",\"position\":2,\"name\":\"Contact\"}]}]}<\/script>\n<!-- \/ Yoast SEO plugin. -->","yoast_head_json":{"title":"Contact - Swiss GAAP FER","robots":{"index":"index","follow":"follow","max-snippet":"max-snippet:-1","max-image-preview":"max-image-preview:large","max-video-preview":"max-video-preview:-1"},"canonical":"https:\/\/www.fer.ch\/fr\/contact\/","og_locale":"fr_FR","og_type":"article","og_title":"Contact - Swiss GAAP FER","og_description":"[vc_row css=&nbsp;&raquo;.vc_custom_1476440679540{padding-top: 50px !important;}&nbsp;&raquo;][vc_column width=&nbsp;&raquo;1\/2&Prime;][raptus_heading the_content=&nbsp;&raquo;Nous attendons avec plaisir votre message&nbsp;&raquo; level=&nbsp;&raquo;h2&Prime;][\/vc_column][vc_column width=&nbsp;&raquo;1\/2&Prime;][\/vc_column][\/vc_row][vc_row css=&nbsp;&raquo;.vc_custom_1476440684680{padding-bottom: 50px !important;}&nbsp;&raquo;][vc_column width=&nbsp;&raquo;1\/2&Prime; css=&nbsp;&raquo;.vc_custom_1474993813070{padding-right: 55px !important;}&nbsp;&raquo;][\/vc_column][vc_column width=&nbsp;&raquo;1\/2&Prime; css=&nbsp;&raquo;.vc_custom_1474993859608{padding-left: 55px !important;}&nbsp;&raquo;][raptus_heading the_content=&nbsp;&raquo;Fondation pour les recommandations relatives \u00e0 la pr\u00e9sentation des comptes (Swiss GAAP RPC)&nbsp;&raquo; level=&nbsp;&raquo;h5&Prime;][vc_column_text]Tigerbergstrasse 9 9000 St. Gallen fachsekretaer@fer.ch Les ressources en personnel de la Fondation RPC sont restreintes. Pour cette &hellip;","og_url":"https:\/\/www.fer.ch\/fr\/contact\/","og_site_name":"Swiss GAAP FER","article_modified_time":"2022-03-29T08:51:12+00:00","twitter_card":"summary","twitter_misc":{"Est. reading time":"1 minute"},"schema":{"@context":"https:\/\/schema.org","@graph":[{"@type":"WebSite","@id":"https:\/\/www.fer.ch\/#website","url":"https:\/\/www.fer.ch\/","name":"Swiss GAAP FER","description":"Fondation pour les recommandations relatives \u00e0 la pr\u00e9sentation des comptes (Swiss GAAP RPC)","potentialAction":[{"@type":"SearchAction","target":{"@type":"EntryPoint","urlTemplate":"https:\/\/www.fer.ch\/?s={search_term_string}"},"query-input":"required name=search_term_string"}],"inLanguage":"fr-FR"},{"@type":"WebPage","@id":"https:\/\/www.fer.ch\/fr\/contact\/#webpage","url":"https:\/\/www.fer.ch\/fr\/contact\/","name":"Contact - Swiss GAAP FER","isPartOf":{"@id":"https:\/\/www.fer.ch\/#website"},"datePublished":"2016-10-24T12:22:11+00:00","dateModified":"2022-03-29T08:51:12+00:00","breadcrumb":{"@id":"https:\/\/www.fer.ch\/fr\/contact\/#breadcrumb"},"inLanguage":"fr-FR","potentialAction":[{"@type":"ReadAction","target":["https:\/\/www.fer.ch\/fr\/contact\/"]}]},{"@type":"BreadcrumbList","@id":"https:\/\/www.fer.ch\/fr\/contact\/#breadcrumb","itemListElement":[{"@type":"ListItem","position":1,"name":"Startseite","item":"https:\/\/www.fer.ch\/fr\/"},{"@type":"ListItem","position":2,"name":"Contact"}]}]}},"acf":[],"_links":{"self":[{"href":"https:\/\/www.fer.ch\/fr\/wp-json\/wp\/v2\/pages\/1005"}],"collection":[{"href":"https:\/\/www.fer.ch\/fr\/wp-json\/wp\/v2\/pages"}],"about":[{"href":"https:\/\/www.fer.ch\/fr\/wp-json\/wp\/v2\/types\/page"}],"author":[{"embeddable":true,"href":"https:\/\/www.fer.ch\/fr\/wp-json\/wp\/v2\/users\/1"}],"replies":[{"embeddable":true,"href":"https:\/\/www.fer.ch\/fr\/wp-json\/wp\/v2\/comments?post=1005"}],"version-history":[{"count":5,"href":"https:\/\/www.fer.ch\/fr\/wp-json\/wp\/v2\/pages\/1005\/revisions"}],"predecessor-version":[{"id":14514,"href":"https:\/\/www.fer.ch\/fr\/wp-json\/wp\/v2\/pages\/1005\/revisions\/14514"}],"wp:attachment":[{"href":"https:\/\/www.fer.ch\/fr\/wp-json\/wp\/v2\/media?parent=1005"}],"curies":[{"name":"wp","href":"https:\/\/api.w.org\/{rel}","templated":true}]}}